{"id":51012,"date":"2023-12-12T12:37:18","date_gmt":"2023-12-12T11:37:18","guid":{"rendered":"https:\/\/pet-shopping.de\/shop\/produkt\/catit-snackball-fuer-katzen-oder-kleine-hunde-blau\/"},"modified":"2023-12-12T12:37:18","modified_gmt":"2023-12-12T11:37:18","slug":"catit-snackball-fuer-katzen-oder-kleine-hunde-blau","status":"publish","type":"product","link":"https:\/\/all-pets.de\/shop\/produkt\/catit-snackball-fuer-katzen-oder-kleine-hunde-blau\/","title":{"rendered":"CATIT Snackball f\u00fcr Katzen oder kleine Hunde &#8211; Blau"},"content":{"rendered":"<p>Der Catit Snackball ist ein Spielzeug und ein Leckereien-Spender in einem! <\/p>\n<p>Der Snackball bietet Ihrer Katze Spa\u00df und Bewegung. Wenn die Katze mit dem Ball spielt und ihn jagt, fallen Leckereien aus dem Ball. Dies ist eine leckere \u00dcberraschung f\u00fcr Ihre Katze! Durch Drehen der bunten Abdeckung kommt entweder ein kleines rundes Loch zum Vorschein, durch das die Leckereien herausfallen k\u00f6nnen, oder ein gr\u00f6\u00dferes Loch, das das Bef\u00fcllen des Balls vereinfacht, oder der Ball wird komplett geschlossen und kann so einfach als Spielball ohne Snackfunktion genutzt werden. In 2 h\u00fcbschen Farbvarianten erh\u00e4ltlich.<\/p>\n<p>Der Snackball kann selbstverst\u00e4ndlich auch f\u00fcr kleine Hunde verwendet werden.<\/p>\n<p>Durchmesser: ca. 7,5 cm<br \/> Farbe: Blau<\/p>\n","protected":false},"excerpt":{"rendered":"<p>Der Catit Snackball ist ein Spielzeug und ein Leckereien-Spender in einem! Der Snackball bietet Ihrer Katze Spa\u00df und Bewegung. Wenn die Katze mit dem Ball spielt und ihn jagt, fallen Leckereien aus dem Ball. Dies ist eine leckere \u00dcberraschung f\u00fcr Ihre Katze! Durch Drehen der bunten Abdeckung kommt entweder ein kleines rundes Loch zum Vorschein, [&hellip;]<\/p>\n","protected":false},"featured_media":51013,"comment_status":"closed","ping_status":"open","template":"","meta":[],"product_cat":[14233],"product_tag":[],"class_list":{"0":"post-51012","1":"product","2":"type-product","3":"status-publish","4":"has-post-thumbnail","6":"product_cat-intelligenz-spielzeug-katzenspielzeug-katzenbaellekatzenwelt","8":"first","9":"instock","10":"taxable","11":"shipping-taxable","12":"purchasable","13":"product-type-simple"},"_links":{"self":[{"href":"https:\/\/all-pets.de\/shop\/wp-json\/wp\/v2\/product\/51012","targetHints":{"allow":["GET"]}}],"collection":[{"href":"https:\/\/all-pets.de\/shop\/wp-json\/wp\/v2\/product"}],"about":[{"href":"https:\/\/all-pets.de\/shop\/wp-json\/wp\/v2\/types\/product"}],"replies":[{"embeddable":true,"href":"https:\/\/all-pets.de\/shop\/wp-json\/wp\/v2\/comments?post=51012"}],"wp:featuredmedia":[{"embeddable":true,"href":"https:\/\/all-pets.de\/shop\/wp-json\/wp\/v2\/media\/51013"}],"wp:attachment":[{"href":"https:\/\/all-pets.de\/shop\/wp-json\/wp\/v2\/media?parent=51012"}],"wp:term":[{"taxonomy":"product_cat","embeddable":true,"href":"https:\/\/all-pets.de\/shop\/wp-json\/wp\/v2\/product_cat?post=51012"},{"taxonomy":"product_tag","embeddable":true,"href":"https:\/\/all-pets.de\/shop\/wp-json\/wp\/v2\/product_tag?post=51012"}],"curies":[{"name":"wp","href":"https:\/\/api.w.org\/{rel}","templated":true}]}}