{"id":51019,"date":"2023-12-12T12:37:18","date_gmt":"2023-12-12T11:37:18","guid":{"rendered":"https:\/\/pet-shopping.de\/shop\/produkt\/trixie-bueffel-kauhorn-gross\/"},"modified":"2023-12-12T12:37:19","modified_gmt":"2023-12-12T11:37:19","slug":"trixie-bueffel-kauhorn-gross","status":"publish","type":"product","link":"https:\/\/all-pets.de\/shop\/produkt\/trixie-bueffel-kauhorn-gross\/","title":{"rendered":"Trixie B\u00fcffel-Kauhorn &#8211; Gro\u00df"},"content":{"rendered":"<p>Das B\u00fcffel-Kauhorn bietet Ihrem Vierbeiner ein besonders langes Kauvergn\u00fcgen und eignet sich ideal f\u00fcr allergieanf\u00e4llige Hunde. Das Kauen auf dem Horn unterst\u00fctzt die Zahnpflege und f\u00f6rdert einen frischen Maulgeruch. Au\u00dferdem hilft es Zahnstein und Zahnbelag vorzubeugen.<\/p>\n<p>Gr\u00f6\u00dfe: gro\u00df<\/p>\n","protected":false},"excerpt":{"rendered":"<p>Das B\u00fcffel-Kauhorn bietet Ihrem Vierbeiner ein besonders langes Kauvergn\u00fcgen und eignet sich ideal f\u00fcr allergieanf\u00e4llige Hunde. Das Kauen auf dem Horn unterst\u00fctzt die Zahnpflege und f\u00f6rdert einen frischen Maulgeruch. Au\u00dferdem hilft es Zahnstein und Zahnbelag vorzubeugen. Gr\u00f6\u00dfe: gro\u00df<\/p>\n","protected":false},"featured_media":16350,"comment_status":"closed","ping_status":"open","template":"","meta":[],"product_cat":[13809],"product_tag":[],"class_list":{"0":"post-51019","1":"product","2":"type-product","3":"status-publish","4":"has-post-thumbnail","6":"product_cat-trixie","8":"first","9":"instock","10":"taxable","11":"shipping-taxable","12":"purchasable","13":"product-type-simple"},"_links":{"self":[{"href":"https:\/\/all-pets.de\/shop\/wp-json\/wp\/v2\/product\/51019","targetHints":{"allow":["GET"]}}],"collection":[{"href":"https:\/\/all-pets.de\/shop\/wp-json\/wp\/v2\/product"}],"about":[{"href":"https:\/\/all-pets.de\/shop\/wp-json\/wp\/v2\/types\/product"}],"replies":[{"embeddable":true,"href":"https:\/\/all-pets.de\/shop\/wp-json\/wp\/v2\/comments?post=51019"}],"wp:featuredmedia":[{"embeddable":true,"href":"https:\/\/all-pets.de\/shop\/wp-json\/wp\/v2\/media\/16350"}],"wp:attachment":[{"href":"https:\/\/all-pets.de\/shop\/wp-json\/wp\/v2\/media?parent=51019"}],"wp:term":[{"taxonomy":"product_cat","embeddable":true,"href":"https:\/\/all-pets.de\/shop\/wp-json\/wp\/v2\/product_cat?post=51019"},{"taxonomy":"product_tag","embeddable":true,"href":"https:\/\/all-pets.de\/shop\/wp-json\/wp\/v2\/product_tag?post=51019"}],"curies":[{"name":"wp","href":"https:\/\/api.w.org\/{rel}","templated":true}]}}