{"id":51023,"date":"2023-12-12T12:37:18","date_gmt":"2023-12-12T11:37:18","guid":{"rendered":"https:\/\/pet-shopping.de\/shop\/produkt\/karlie-flamingo-oled-halsband-mit-usb-ladegeraet-pink-34-36-cm\/"},"modified":"2023-12-12T12:37:19","modified_gmt":"2023-12-12T11:37:19","slug":"karlie-flamingo-oled-halsband-mit-usb-ladegeraet-pink-34-36-cm","status":"publish","type":"product","link":"https:\/\/all-pets.de\/shop\/produkt\/karlie-flamingo-oled-halsband-mit-usb-ladegeraet-pink-34-36-cm\/","title":{"rendered":"Karlie Flamingo oLED Halsband mit USB Ladeger\u00e4t &#8211; Pink &#8211; 34 &#8211; 36 cm"},"content":{"rendered":"<p>Mehr Sicherheit f\u00fcr Hund und Halter w\u00e4hrend der dunklen Jahreszeit. Das Visio Light o\u2019LED ist ein besonders hell blinkendes LED Halsband, mit langer Leuchtdauer f\u00fcr ausgedehnte Spazierg\u00e4nge von 2-3 Stunden. Die Ladezeit des Akkus betr\u00e4gt hingegen nur 1 Stunde und kann \u00fcber das mitgelieferte Ladekabel an \u00fcblichen USB Anschl\u00fcssen geladen werden.<\/p>\n<p>Die Halsb\u00e4nder aus strapazierf\u00e4higem Nylon sind in 3 Gr\u00f6\u00dfen und 3 Farben erh\u00e4ltlich und k\u00f6nnen perfekt mit den passenden Leinen kombiniert werden (Karlie Flamingo o&#8217;LED Leine mit USB Ladeger\u00e4t \/ Artikelnr. 1030890-VAR).<\/p>\n<p>Farbe: Schwarz mit Pink<br \/> L\u00e4nge: ca. 34 &#8211; 36 cm<\/p>\n","protected":false},"excerpt":{"rendered":"<p>Mehr Sicherheit f\u00fcr Hund und Halter w\u00e4hrend der dunklen Jahreszeit. Das Visio Light o\u2019LED ist ein besonders hell blinkendes LED Halsband, mit langer Leuchtdauer f\u00fcr ausgedehnte Spazierg\u00e4nge von 2-3 Stunden. Die Ladezeit des Akkus betr\u00e4gt hingegen nur 1 Stunde und kann \u00fcber das mitgelieferte Ladekabel an \u00fcblichen USB Anschl\u00fcssen geladen werden. Die Halsb\u00e4nder aus strapazierf\u00e4higem [&hellip;]<\/p>\n","protected":false},"featured_media":16366,"comment_status":"closed","ping_status":"open","template":"","meta":[],"product_cat":[15462],"product_tag":[],"class_list":{"0":"post-51023","1":"product","2":"type-product","3":"status-publish","4":"has-post-thumbnail","6":"product_cat-sicherheit-unterwegs-nylonhalsbaenderhundewelt-halsbaender-halsbaender-leinen-reflektierendhundewelt-halsbaender-leinen","8":"first","9":"instock","10":"taxable","11":"shipping-taxable","12":"purchasable","13":"product-type-simple"},"_links":{"self":[{"href":"https:\/\/all-pets.de\/shop\/wp-json\/wp\/v2\/product\/51023","targetHints":{"allow":["GET"]}}],"collection":[{"href":"https:\/\/all-pets.de\/shop\/wp-json\/wp\/v2\/product"}],"about":[{"href":"https:\/\/all-pets.de\/shop\/wp-json\/wp\/v2\/types\/product"}],"replies":[{"embeddable":true,"href":"https:\/\/all-pets.de\/shop\/wp-json\/wp\/v2\/comments?post=51023"}],"wp:featuredmedia":[{"embeddable":true,"href":"https:\/\/all-pets.de\/shop\/wp-json\/wp\/v2\/media\/16366"}],"wp:attachment":[{"href":"https:\/\/all-pets.de\/shop\/wp-json\/wp\/v2\/media?parent=51023"}],"wp:term":[{"taxonomy":"product_cat","embeddable":true,"href":"https:\/\/all-pets.de\/shop\/wp-json\/wp\/v2\/product_cat?post=51023"},{"taxonomy":"product_tag","embeddable":true,"href":"https:\/\/all-pets.de\/shop\/wp-json\/wp\/v2\/product_tag?post=51023"}],"curies":[{"name":"wp","href":"https:\/\/api.w.org\/{rel}","templated":true}]}}