{"id":51032,"date":"2023-12-12T12:37:20","date_gmt":"2023-12-12T11:37:20","guid":{"rendered":"https:\/\/pet-shopping.de\/shop\/produkt\/lebon-hundebett-bruno-schwarz-120x90cm\/"},"modified":"2023-12-12T12:37:21","modified_gmt":"2023-12-12T11:37:21","slug":"lebon-hundebett-bruno-schwarz-120x90cm","status":"publish","type":"product","link":"https:\/\/all-pets.de\/shop\/produkt\/lebon-hundebett-bruno-schwarz-120x90cm\/","title":{"rendered":"Lebon Hundebett Bruno &#8211; Schwarz &#8211; 120x90cm"},"content":{"rendered":"<p>Die robusten Hundebetten &#8222;Bruno&#8220; bieten Ihrem Liebling einen schonenden und gem\u00fctlichen Liegeplatz.<\/p>\n<p>Durch den eleganten Einstieg und die edle schwarze Umradung ist dieses Bett ein absoluter Hingucker.<\/p>\n<ul>\n<li>strapazierf\u00e4higer Artlederbezug <\/li>\n<li>Stabil und formbest\u00e4ndig<\/li>\n<li>Feucht abwaschbar <\/li>\n<li>Bezug leicht abwaschbar<\/li>\n<li>Mit Rei\u00dfverschluss <\/li>\n<\/ul>\n<div>\n<p>Au\u00dfenma\u00dfe: ca. 120 x 90cm<\/p>\n<p>Innenma\u00dfe: ca. 84 x 55cm<\/p>\n<p>H\u00f6he: ca. 23cm<\/p>\n<\/div>\n","protected":false},"excerpt":{"rendered":"<p>Die robusten Hundebetten &#8222;Bruno&#8220; bieten Ihrem Liebling einen schonenden und gem\u00fctlichen Liegeplatz. Durch den eleganten Einstieg und die edle schwarze Umradung ist dieses Bett ein absoluter Hingucker. strapazierf\u00e4higer Artlederbezug Stabil und formbest\u00e4ndig Feucht abwaschbar Bezug leicht abwaschbar Mit Rei\u00dfverschluss Au\u00dfenma\u00dfe: ca. 120 x 90cm Innenma\u00dfe: ca. 84 x 55cm H\u00f6he: ca. 23cm<\/p>\n","protected":false},"featured_media":16435,"comment_status":"closed","ping_status":"open","template":"","meta":[],"product_cat":[15113],"product_tag":[],"class_list":{"0":"post-51032","1":"product","2":"type-product","3":"status-publish","4":"has-post-thumbnail","6":"product_cat-hundebetten-hundekissen-betten-koerbe","8":"first","9":"instock","10":"taxable","11":"shipping-taxable","12":"purchasable","13":"product-type-simple"},"_links":{"self":[{"href":"https:\/\/all-pets.de\/shop\/wp-json\/wp\/v2\/product\/51032","targetHints":{"allow":["GET"]}}],"collection":[{"href":"https:\/\/all-pets.de\/shop\/wp-json\/wp\/v2\/product"}],"about":[{"href":"https:\/\/all-pets.de\/shop\/wp-json\/wp\/v2\/types\/product"}],"replies":[{"embeddable":true,"href":"https:\/\/all-pets.de\/shop\/wp-json\/wp\/v2\/comments?post=51032"}],"wp:featuredmedia":[{"embeddable":true,"href":"https:\/\/all-pets.de\/shop\/wp-json\/wp\/v2\/media\/16435"}],"wp:attachment":[{"href":"https:\/\/all-pets.de\/shop\/wp-json\/wp\/v2\/media?parent=51032"}],"wp:term":[{"taxonomy":"product_cat","embeddable":true,"href":"https:\/\/all-pets.de\/shop\/wp-json\/wp\/v2\/product_cat?post=51032"},{"taxonomy":"product_tag","embeddable":true,"href":"https:\/\/all-pets.de\/shop\/wp-json\/wp\/v2\/product_tag?post=51032"}],"curies":[{"name":"wp","href":"https:\/\/api.w.org\/{rel}","templated":true}]}}