{"id":51034,"date":"2023-12-12T12:37:22","date_gmt":"2023-12-12T11:37:22","guid":{"rendered":"https:\/\/pet-shopping.de\/shop\/produkt\/karlie-halsband-buffalo-aus-kalbsleder-lila-24-cm-10-mm\/"},"modified":"2023-12-12T12:37:23","modified_gmt":"2023-12-12T11:37:23","slug":"karlie-halsband-buffalo-aus-kalbsleder-lila-24-cm-10-mm","status":"publish","type":"product","link":"https:\/\/all-pets.de\/shop\/produkt\/karlie-halsband-buffalo-aus-kalbsleder-lila-24-cm-10-mm\/","title":{"rendered":"Karlie Halsband Buffalo aus Kalbsleder &#8211; Lila &#8211; 24 cm\/10 mm"},"content":{"rendered":"<div class=\"apm-centerthirdcol apm-wrap\">\n<h3 class=\"a-spacing-mini\"> Die Buffalo-Serie &#8211; ein vielseitiges Allroundtalent<\/h3>\n<p class=\"a-spacing-base\"> Unsere Buffalo-Serie legt besonders gro\u00dfen Wert darauf, f\u00fcr m\u00f6glichst viele unterschiedliche Hundearten die passenden Gebrauchsgegenst\u00e4nde bereitzustellen. Ob Halsb\u00e4nder, Leinen oder Geschirre &#8211; die Buffalo Serie ist ein Allroundtalent.<\/p>\n<p class=\"a-spacing-base\"> Das Ausgangsmaterial f\u00fcr diese Linie ist Kalbsleder, welches qualitativ sehr hochwertig ist und w\u00e4hrend der Vorbereitung wasserabweisend impr\u00e4gniert wird. Es zeichnet sich durch seine sehr weiche Oberfl\u00e4che aus. Diese wird oft als samtig beschrieben und sorgt sowohl f\u00fcr einen hohen Tragekomfort f\u00fcr den Hund, als auch f\u00fcr eine angenehme Haptik f\u00fcr den Halter.<\/p>\n<p>Gesamtl\u00e4nge: ca. 24 cm<br \/> Breite: ca. 10 mm<\/p>\n<\/div>\n","protected":false},"excerpt":{"rendered":"<p>Die Buffalo-Serie &#8211; ein vielseitiges Allroundtalent Unsere Buffalo-Serie legt besonders gro\u00dfen Wert darauf, f\u00fcr m\u00f6glichst viele unterschiedliche Hundearten die passenden Gebrauchsgegenst\u00e4nde bereitzustellen. Ob Halsb\u00e4nder, Leinen oder Geschirre &#8211; die Buffalo Serie ist ein Allroundtalent. Das Ausgangsmaterial f\u00fcr diese Linie ist Kalbsleder, welches qualitativ sehr hochwertig ist und w\u00e4hrend der Vorbereitung wasserabweisend impr\u00e4gniert wird. Es zeichnet [&hellip;]<\/p>\n","protected":false},"featured_media":16441,"comment_status":"closed","ping_status":"open","template":"","meta":[],"product_cat":[13790],"product_tag":[],"class_list":{"0":"post-51034","1":"product","2":"type-product","3":"status-publish","4":"has-post-thumbnail","6":"product_cat-lederhalsbaender","8":"first","9":"instock","10":"taxable","11":"shipping-taxable","12":"purchasable","13":"product-type-simple"},"_links":{"self":[{"href":"https:\/\/all-pets.de\/shop\/wp-json\/wp\/v2\/product\/51034","targetHints":{"allow":["GET"]}}],"collection":[{"href":"https:\/\/all-pets.de\/shop\/wp-json\/wp\/v2\/product"}],"about":[{"href":"https:\/\/all-pets.de\/shop\/wp-json\/wp\/v2\/types\/product"}],"replies":[{"embeddable":true,"href":"https:\/\/all-pets.de\/shop\/wp-json\/wp\/v2\/comments?post=51034"}],"wp:featuredmedia":[{"embeddable":true,"href":"https:\/\/all-pets.de\/shop\/wp-json\/wp\/v2\/media\/16441"}],"wp:attachment":[{"href":"https:\/\/all-pets.de\/shop\/wp-json\/wp\/v2\/media?parent=51034"}],"wp:term":[{"taxonomy":"product_cat","embeddable":true,"href":"https:\/\/all-pets.de\/shop\/wp-json\/wp\/v2\/product_cat?post=51034"},{"taxonomy":"product_tag","embeddable":true,"href":"https:\/\/all-pets.de\/shop\/wp-json\/wp\/v2\/product_tag?post=51034"}],"curies":[{"name":"wp","href":"https:\/\/api.w.org\/{rel}","templated":true}]}}