{"id":51038,"date":"2023-12-12T12:37:22","date_gmt":"2023-12-12T11:37:22","guid":{"rendered":"https:\/\/pet-shopping.de\/shop\/produkt\/tuggo-shake-n-fetch-small-von-tigern-getestet-rot\/"},"modified":"2023-12-12T12:37:23","modified_gmt":"2023-12-12T11:37:23","slug":"tuggo-shake-n-fetch-small-von-tigern-getestet-rot","status":"publish","type":"product","link":"https:\/\/all-pets.de\/shop\/produkt\/tuggo-shake-n-fetch-small-von-tigern-getestet-rot\/","title":{"rendered":"Tuggo Shake N Fetch &#8211; Small &#8211; von Tigern getestet! &#8211; Rot"},"content":{"rendered":"<p>Der Tuggo Shake N Fetch ist die neue Herausforderung f\u00fcr alle energischen und starken Hunde. Getestet von Tigern ist der Tuggo Shake N Fetch absolut robust und bietet einen tollen und langlebigen Spielspa\u00df.<\/p>\n<p>Der Kegel kann mit Wasser oder Sand auf ein Gewicht von bis zu 680g aufgef\u00fcllt werden. So entstehen ganz neue Spiel- und Trainingsm\u00f6glichkeiten. Ungef\u00fcllt l\u00e4sst sich der Kegel auch im Wasser verwenden.<\/p>\n<p>Der Tuggo Shake N Fetch Small ist ca. 15 cm gro\u00df.<br \/> Farbe: Rot<\/p>\n<p>Insgesamt ist der Tuggo Shake N Fetch in 3 Gr\u00f6\u00dfen und 2 Farben erh\u00e4ltlich.<\/p>\n","protected":false},"excerpt":{"rendered":"<p>Der Tuggo Shake N Fetch ist die neue Herausforderung f\u00fcr alle energischen und starken Hunde. Getestet von Tigern ist der Tuggo Shake N Fetch absolut robust und bietet einen tollen und langlebigen Spielspa\u00df. Der Kegel kann mit Wasser oder Sand auf ein Gewicht von bis zu 680g aufgef\u00fcllt werden. So entstehen ganz neue Spiel- und [&hellip;]<\/p>\n","protected":false},"featured_media":16465,"comment_status":"closed","ping_status":"open","template":"","meta":[],"product_cat":[14191],"product_tag":[],"class_list":{"0":"post-51038","1":"product","2":"type-product","3":"status-publish","4":"has-post-thumbnail","6":"product_cat-weitere-spielzeuge-hundespielzeug-sport","8":"first","9":"instock","10":"taxable","11":"shipping-taxable","12":"purchasable","13":"product-type-simple"},"_links":{"self":[{"href":"https:\/\/all-pets.de\/shop\/wp-json\/wp\/v2\/product\/51038","targetHints":{"allow":["GET"]}}],"collection":[{"href":"https:\/\/all-pets.de\/shop\/wp-json\/wp\/v2\/product"}],"about":[{"href":"https:\/\/all-pets.de\/shop\/wp-json\/wp\/v2\/types\/product"}],"replies":[{"embeddable":true,"href":"https:\/\/all-pets.de\/shop\/wp-json\/wp\/v2\/comments?post=51038"}],"wp:featuredmedia":[{"embeddable":true,"href":"https:\/\/all-pets.de\/shop\/wp-json\/wp\/v2\/media\/16465"}],"wp:attachment":[{"href":"https:\/\/all-pets.de\/shop\/wp-json\/wp\/v2\/media?parent=51038"}],"wp:term":[{"taxonomy":"product_cat","embeddable":true,"href":"https:\/\/all-pets.de\/shop\/wp-json\/wp\/v2\/product_cat?post=51038"},{"taxonomy":"product_tag","embeddable":true,"href":"https:\/\/all-pets.de\/shop\/wp-json\/wp\/v2\/product_tag?post=51038"}],"curies":[{"name":"wp","href":"https:\/\/api.w.org\/{rel}","templated":true}]}}