{"id":51047,"date":"2023-12-12T12:37:25","date_gmt":"2023-12-12T11:37:25","guid":{"rendered":"https:\/\/pet-shopping.de\/shop\/produkt\/trixie-laufrad-aus-holz-mit-kork-33-cm\/"},"modified":"2023-12-12T12:37:25","modified_gmt":"2023-12-12T11:37:25","slug":"trixie-laufrad-aus-holz-mit-kork-33-cm","status":"publish","type":"product","link":"https:\/\/all-pets.de\/shop\/produkt\/trixie-laufrad-aus-holz-mit-kork-33-cm\/","title":{"rendered":"Trixie Laufrad aus Holz mit Kork &#8211; 33 cm"},"content":{"rendered":"<ul>\n<li>pfotenfreundliche Lauffl\u00e4che aus Kork<\/li>\n<li>leichtg\u00e4ngig und leise durch Kugellager<\/li>\n<li>geschlossene Lauffl\u00e4che<\/li>\n<li>Holz, unbehandelt<\/li>\n<li>Durchmesser: ca. 33 cm<\/li>\n<li>geeignet z.B. f\u00fcr Degus, Ratten<\/li>\n<\/ul>\n","protected":false},"excerpt":{"rendered":"<p>pfotenfreundliche Lauffl\u00e4che aus Kork leichtg\u00e4ngig und leise durch Kugellager geschlossene Lauffl\u00e4che Holz, unbehandelt Durchmesser: ca. 33 cm geeignet z.B. f\u00fcr Degus, Ratten<\/p>\n","protected":false},"featured_media":51045,"comment_status":"closed","ping_status":"open","template":"","meta":[],"product_cat":[15082],"product_tag":[],"class_list":{"0":"post-51047","1":"product","2":"type-product","3":"status-publish","4":"has-post-thumbnail","6":"product_cat-laufraeder-ausstattung-zubehoer-kleintierwelt","8":"first","9":"instock","10":"taxable","11":"shipping-taxable","12":"purchasable","13":"product-type-simple"},"_links":{"self":[{"href":"https:\/\/all-pets.de\/shop\/wp-json\/wp\/v2\/product\/51047","targetHints":{"allow":["GET"]}}],"collection":[{"href":"https:\/\/all-pets.de\/shop\/wp-json\/wp\/v2\/product"}],"about":[{"href":"https:\/\/all-pets.de\/shop\/wp-json\/wp\/v2\/types\/product"}],"replies":[{"embeddable":true,"href":"https:\/\/all-pets.de\/shop\/wp-json\/wp\/v2\/comments?post=51047"}],"wp:featuredmedia":[{"embeddable":true,"href":"https:\/\/all-pets.de\/shop\/wp-json\/wp\/v2\/media\/51045"}],"wp:attachment":[{"href":"https:\/\/all-pets.de\/shop\/wp-json\/wp\/v2\/media?parent=51047"}],"wp:term":[{"taxonomy":"product_cat","embeddable":true,"href":"https:\/\/all-pets.de\/shop\/wp-json\/wp\/v2\/product_cat?post=51047"},{"taxonomy":"product_tag","embeddable":true,"href":"https:\/\/all-pets.de\/shop\/wp-json\/wp\/v2\/product_tag?post=51047"}],"curies":[{"name":"wp","href":"https:\/\/api.w.org\/{rel}","templated":true}]}}