{"id":51067,"date":"2023-12-12T12:37:29","date_gmt":"2023-12-12T11:37:29","guid":{"rendered":"https:\/\/pet-shopping.de\/shop\/produkt\/trixie-walker-care-pfotenschutz-stiefel-xxxl\/"},"modified":"2023-12-12T12:37:29","modified_gmt":"2023-12-12T11:37:29","slug":"trixie-walker-care-pfotenschutz-stiefel-xxxl","status":"publish","type":"product","link":"https:\/\/all-pets.de\/shop\/produkt\/trixie-walker-care-pfotenschutz-stiefel-xxxl\/","title":{"rendered":"Trixie Walker Care Pfotenschutz-Stiefel &#8211; XXXL"},"content":{"rendered":"<ul>\n<li> aus strapazierf\u00e4higem Polyester <\/li>\n<li> mit Vinylr\u00fccken und -sohle <\/li>\n<li> unterst\u00fctzt die Heilung von Verletzungen <\/li>\n<li> senkt das Infektionsrisiko <\/li>\n<li> mit 2 praktischen Klettverschl\u00fcssen <\/li>\n<li> Farbe: schwarz <\/li>\n<\/ul>\n<p> Farbe: Schwarz<br \/> Inhalt: 2 St\u00fcck<\/p>\n<p>Gr\u00f6\u00dfe XXXL eignet sich z.B. f\u00fcr Leonberger und \u00e4hnlich gro\u00dfe Rassen.<\/p>\n","protected":false},"excerpt":{"rendered":"<p>aus strapazierf\u00e4higem Polyester mit Vinylr\u00fccken und -sohle unterst\u00fctzt die Heilung von Verletzungen senkt das Infektionsrisiko mit 2 praktischen Klettverschl\u00fcssen Farbe: schwarz Farbe: Schwarz Inhalt: 2 St\u00fcck Gr\u00f6\u00dfe XXXL eignet sich z.B. f\u00fcr Leonberger und \u00e4hnlich gro\u00dfe Rassen.<\/p>\n","protected":false},"featured_media":16683,"comment_status":"closed","ping_status":"open","template":"","meta":[],"product_cat":[14128],"product_tag":[],"class_list":{"0":"post-51067","1":"product","2":"type-product","3":"status-publish","4":"has-post-thumbnail","6":"product_cat-hundepfoten-krallenpflege","8":"first","9":"instock","10":"taxable","11":"shipping-taxable","12":"purchasable","13":"product-type-simple"},"_links":{"self":[{"href":"https:\/\/all-pets.de\/shop\/wp-json\/wp\/v2\/product\/51067","targetHints":{"allow":["GET"]}}],"collection":[{"href":"https:\/\/all-pets.de\/shop\/wp-json\/wp\/v2\/product"}],"about":[{"href":"https:\/\/all-pets.de\/shop\/wp-json\/wp\/v2\/types\/product"}],"replies":[{"embeddable":true,"href":"https:\/\/all-pets.de\/shop\/wp-json\/wp\/v2\/comments?post=51067"}],"wp:featuredmedia":[{"embeddable":true,"href":"https:\/\/all-pets.de\/shop\/wp-json\/wp\/v2\/media\/16683"}],"wp:attachment":[{"href":"https:\/\/all-pets.de\/shop\/wp-json\/wp\/v2\/media?parent=51067"}],"wp:term":[{"taxonomy":"product_cat","embeddable":true,"href":"https:\/\/all-pets.de\/shop\/wp-json\/wp\/v2\/product_cat?post=51067"},{"taxonomy":"product_tag","embeddable":true,"href":"https:\/\/all-pets.de\/shop\/wp-json\/wp\/v2\/product_tag?post=51067"}],"curies":[{"name":"wp","href":"https:\/\/api.w.org\/{rel}","templated":true}]}}