{"id":51068,"date":"2023-12-12T12:37:29","date_gmt":"2023-12-12T11:37:29","guid":{"rendered":"https:\/\/pet-shopping.de\/shop\/produkt\/trixie-schutzhoeschen-schwarz-s-m\/"},"modified":"2023-12-12T12:37:29","modified_gmt":"2023-12-12T11:37:29","slug":"trixie-schutzhoeschen-schwarz-s-m","status":"publish","type":"product","link":"https:\/\/all-pets.de\/shop\/produkt\/trixie-schutzhoeschen-schwarz-s-m\/","title":{"rendered":"Trixie Schutzh\u00f6schen &#8211; Schwarz &#8211; S-M"},"content":{"rendered":"<p>Die Schutzh\u00f6schen f\u00fcr l\u00e4ufige H\u00fcndinnen bestehen aus weicher und gleichzeitig strapazierf\u00e4higer Baumwolle und sind durch ihren extra-breiten Gummizug besonders bequem. Ein perfekter Sitz ist durch den elastischen und stufenlos verstellbaren Bauchgurt gew\u00e4hrleistet, der mit einem Schappverschluss best\u00fcckt ist. Die Hose ist bei 30\u00b0C waschbar.<\/p>\n<p> Inklusive 3 Wechseleinlagen. <br \/> Farbe: Schwarz<\/p>\n<p>Gr\u00f6\u00dfe S-M: Taillenumfang: ca. 32-39 cm<br \/> Geeignet z.B. f\u00fcr West Highland Terrier, Zwergschnauzer, Cavalier Spaniel<\/p>\n","protected":false},"excerpt":{"rendered":"<p>Die Schutzh\u00f6schen f\u00fcr l\u00e4ufige H\u00fcndinnen bestehen aus weicher und gleichzeitig strapazierf\u00e4higer Baumwolle und sind durch ihren extra-breiten Gummizug besonders bequem. Ein perfekter Sitz ist durch den elastischen und stufenlos verstellbaren Bauchgurt gew\u00e4hrleistet, der mit einem Schappverschluss best\u00fcckt ist. Die Hose ist bei 30\u00b0C waschbar. Inklusive 3 Wechseleinlagen. Farbe: Schwarz Gr\u00f6\u00dfe S-M: Taillenumfang: ca. 32-39 cm [&hellip;]<\/p>\n","protected":false},"featured_media":16692,"comment_status":"closed","ping_status":"open","template":"","meta":[],"product_cat":[15311],"product_tag":[],"class_list":{"0":"post-51068","1":"product","2":"type-product","3":"status-publish","4":"has-post-thumbnail","6":"product_cat-hundetoiletten-hygiene-pflege-gesundheit-hundewelt","8":"first","9":"instock","10":"taxable","11":"shipping-taxable","12":"purchasable","13":"product-type-simple"},"_links":{"self":[{"href":"https:\/\/all-pets.de\/shop\/wp-json\/wp\/v2\/product\/51068","targetHints":{"allow":["GET"]}}],"collection":[{"href":"https:\/\/all-pets.de\/shop\/wp-json\/wp\/v2\/product"}],"about":[{"href":"https:\/\/all-pets.de\/shop\/wp-json\/wp\/v2\/types\/product"}],"replies":[{"embeddable":true,"href":"https:\/\/all-pets.de\/shop\/wp-json\/wp\/v2\/comments?post=51068"}],"wp:featuredmedia":[{"embeddable":true,"href":"https:\/\/all-pets.de\/shop\/wp-json\/wp\/v2\/media\/16692"}],"wp:attachment":[{"href":"https:\/\/all-pets.de\/shop\/wp-json\/wp\/v2\/media?parent=51068"}],"wp:term":[{"taxonomy":"product_cat","embeddable":true,"href":"https:\/\/all-pets.de\/shop\/wp-json\/wp\/v2\/product_cat?post=51068"},{"taxonomy":"product_tag","embeddable":true,"href":"https:\/\/all-pets.de\/shop\/wp-json\/wp\/v2\/product_tag?post=51068"}],"curies":[{"name":"wp","href":"https:\/\/api.w.org\/{rel}","templated":true}]}}