{"id":51099,"date":"2023-12-12T12:37:34","date_gmt":"2023-12-12T11:37:34","guid":{"rendered":"https:\/\/pet-shopping.de\/shop\/produkt\/hunter-verstellbare-fuehrleine-modern-art-safari-m-l-breite18mm-laenge-200-cm\/"},"modified":"2023-12-12T12:37:35","modified_gmt":"2023-12-12T11:37:35","slug":"hunter-verstellbare-fuehrleine-modern-art-safari-m-l-breite18mm-laenge-200-cm","status":"publish","type":"product","link":"https:\/\/all-pets.de\/shop\/produkt\/hunter-verstellbare-fuehrleine-modern-art-safari-m-l-breite18mm-laenge-200-cm\/","title":{"rendered":"Hunter verstellbare F\u00fchrleine Modern Art Safari &#8211; M &#8211; L: Breite:18mm  L\u00e4nge: 200 cm"},"content":{"rendered":"<p>Trendige F\u00fchrleine im coolen Zebra-look. Kunstleder im zebra look (golden). Karabiner und Ringe sind goldfarben. Sehr weiches, robustes Kunstleder.<\/p>\n<p><\/p>\n","protected":false},"excerpt":{"rendered":"<p>Trendige F\u00fchrleine im coolen Zebra-look. Kunstleder im zebra look (golden). Karabiner und Ringe sind goldfarben. Sehr weiches, robustes Kunstleder.<\/p>\n","protected":false},"featured_media":16846,"comment_status":"closed","ping_status":"open","template":"","meta":[],"product_cat":[15470],"product_tag":[],"class_list":{"0":"post-51099","1":"product","2":"type-product","3":"status-publish","4":"has-post-thumbnail","6":"product_cat-weitere-leinen-leinen-halsbaender-leinen-lederleinenhundewelt","8":"first","9":"instock","10":"taxable","11":"shipping-taxable","12":"purchasable","13":"product-type-simple"},"_links":{"self":[{"href":"https:\/\/all-pets.de\/shop\/wp-json\/wp\/v2\/product\/51099","targetHints":{"allow":["GET"]}}],"collection":[{"href":"https:\/\/all-pets.de\/shop\/wp-json\/wp\/v2\/product"}],"about":[{"href":"https:\/\/all-pets.de\/shop\/wp-json\/wp\/v2\/types\/product"}],"replies":[{"embeddable":true,"href":"https:\/\/all-pets.de\/shop\/wp-json\/wp\/v2\/comments?post=51099"}],"wp:featuredmedia":[{"embeddable":true,"href":"https:\/\/all-pets.de\/shop\/wp-json\/wp\/v2\/media\/16846"}],"wp:attachment":[{"href":"https:\/\/all-pets.de\/shop\/wp-json\/wp\/v2\/media?parent=51099"}],"wp:term":[{"taxonomy":"product_cat","embeddable":true,"href":"https:\/\/all-pets.de\/shop\/wp-json\/wp\/v2\/product_cat?post=51099"},{"taxonomy":"product_tag","embeddable":true,"href":"https:\/\/all-pets.de\/shop\/wp-json\/wp\/v2\/product_tag?post=51099"}],"curies":[{"name":"wp","href":"https:\/\/api.w.org\/{rel}","templated":true}]}}