{"id":51108,"date":"2023-12-12T12:37:34","date_gmt":"2023-12-12T11:37:34","guid":{"rendered":"https:\/\/pet-shopping.de\/shop\/produkt\/dogit-hund-razzle-groesse-35-cm\/"},"modified":"2023-12-12T12:37:36","modified_gmt":"2023-12-12T11:37:36","slug":"dogit-hund-razzle-groesse-35-cm","status":"publish","type":"product","link":"https:\/\/all-pets.de\/shop\/produkt\/dogit-hund-razzle-groesse-35-cm\/","title":{"rendered":"DOGIT Hund Razzle &#8211; Gr\u00f6\u00dfe: 35 cm"},"content":{"rendered":"<p>Dieses Hundespielzeug aus Pl\u00fcsch ist ideal zum Apportieren, Spielen und Liebhaben.<\/p>\n<ul>\n<li> Aus den besten verf\u00fcgbaren Materialien produziert <\/li>\n<li> Mit verst\u00e4rkten N\u00e4hten <\/li>\n<li> Mit h\u00f6chsten Qualit\u00e4tsstandards<\/li>\n<li>mit Stimme<\/li>\n<\/ul>\n<p>Gr\u00f6\u00dfe: ca. 35 cm<\/p>\n","protected":false},"excerpt":{"rendered":"<p>Dieses Hundespielzeug aus Pl\u00fcsch ist ideal zum Apportieren, Spielen und Liebhaben. Aus den besten verf\u00fcgbaren Materialien produziert Mit verst\u00e4rkten N\u00e4hten Mit h\u00f6chsten Qualit\u00e4tsstandards mit Stimme Gr\u00f6\u00dfe: ca. 35 cm<\/p>\n","protected":false},"featured_media":16867,"comment_status":"closed","ping_status":"open","template":"","meta":[],"product_cat":[13828],"product_tag":[],"class_list":{"0":"post-51108","1":"product","2":"type-product","3":"status-publish","4":"has-post-thumbnail","6":"product_cat-plueschspielzeug-hundespielzeug-sport","8":"first","9":"instock","10":"taxable","11":"shipping-taxable","12":"purchasable","13":"product-type-simple"},"_links":{"self":[{"href":"https:\/\/all-pets.de\/shop\/wp-json\/wp\/v2\/product\/51108","targetHints":{"allow":["GET"]}}],"collection":[{"href":"https:\/\/all-pets.de\/shop\/wp-json\/wp\/v2\/product"}],"about":[{"href":"https:\/\/all-pets.de\/shop\/wp-json\/wp\/v2\/types\/product"}],"replies":[{"embeddable":true,"href":"https:\/\/all-pets.de\/shop\/wp-json\/wp\/v2\/comments?post=51108"}],"wp:featuredmedia":[{"embeddable":true,"href":"https:\/\/all-pets.de\/shop\/wp-json\/wp\/v2\/media\/16867"}],"wp:attachment":[{"href":"https:\/\/all-pets.de\/shop\/wp-json\/wp\/v2\/media?parent=51108"}],"wp:term":[{"taxonomy":"product_cat","embeddable":true,"href":"https:\/\/all-pets.de\/shop\/wp-json\/wp\/v2\/product_cat?post=51108"},{"taxonomy":"product_tag","embeddable":true,"href":"https:\/\/all-pets.de\/shop\/wp-json\/wp\/v2\/product_tag?post=51108"}],"curies":[{"name":"wp","href":"https:\/\/api.w.org\/{rel}","templated":true}]}}