{"id":51116,"date":"2023-12-12T12:37:38","date_gmt":"2023-12-12T11:37:38","guid":{"rendered":"https:\/\/pet-shopping.de\/shop\/produkt\/jr-farm-grainless-drops-140g-loewenzahn\/"},"modified":"2023-12-12T12:37:38","modified_gmt":"2023-12-12T11:37:38","slug":"jr-farm-grainless-drops-140g-loewenzahn","status":"publish","type":"product","link":"https:\/\/all-pets.de\/shop\/produkt\/jr-farm-grainless-drops-140g-loewenzahn\/","title":{"rendered":"JR Farm Grainless Drops 140g &#8211; L\u00f6wenzahn"},"content":{"rendered":"<p><span class=\"entry--content\">Die ideale Belohnung f\u00fcr alle Nager,nat\u00fcrlich 100% getreidefrei und ohne Zusatz von Zucker oder Honig.Verfeinert mit rohfaserreichem L\u00f6wenzahn.<\/span><\/p>\n<p>Erg\u00e4nzungsfuttermittel f\u00fcr alle Nager und Zwergkaninchen.<\/p>\n<div class=\"content--product-code\">\n<div class=\"detail--product-code\">\n<div class=\"content--title\"> Zusammensetzung <\/div>\n<p>Erbsen, Petersilie, St\u00e4rke, Lieschgras, Knaulgras, L\u00f6wenzahn 5%, Wiesenrispe,Spitzwegerich, Rotklee, Wiesenschwingel, Frauenmantel<\/p>\n<\/p><\/div>\n<\/p><\/div>\n<div class=\"content--product-code\">\n<div class=\"detail--product-code\">\n<div class=\"content--title\"> Analytische Bestandteile <\/div>\n<p>Protein 16,9%, Fettgehalt 6,1%, Rohfaser 8,1%, Rohasche 4,8%<\/p>\n<\/p><\/div>\n<\/p><\/div>\n<div class=\"content--product-code\">\n<div class=\"detail--product-code\">\n<div class=\"content--title\"> F\u00fctterungsempfehlung <\/div>\n<p>Zu f\u00fcttern als Snack.<\/p>\n<\/p><\/div>\n<\/p><\/div>\n<p><span class=\"entry--content\">\u00a0<\/span><\/p>\n","protected":false},"excerpt":{"rendered":"<p>Die ideale Belohnung f\u00fcr alle Nager,nat\u00fcrlich 100% getreidefrei und ohne Zusatz von Zucker oder Honig.Verfeinert mit rohfaserreichem L\u00f6wenzahn. Erg\u00e4nzungsfuttermittel f\u00fcr alle Nager und Zwergkaninchen. Zusammensetzung Erbsen, Petersilie, St\u00e4rke, Lieschgras, Knaulgras, L\u00f6wenzahn 5%, Wiesenrispe,Spitzwegerich, Rotklee, Wiesenschwingel, Frauenmantel Analytische Bestandteile Protein 16,9%, Fettgehalt 6,1%, Rohfaser 8,1%, Rohasche 4,8% F\u00fctterungsempfehlung Zu f\u00fcttern als Snack. \u00a0<\/p>\n","protected":false},"featured_media":16920,"comment_status":"closed","ping_status":"open","template":"","meta":[],"product_cat":[15474],"product_tag":[],"class_list":{"0":"post-51116","1":"product","2":"type-product","3":"status-publish","4":"has-post-thumbnail","6":"product_cat-meerschweinchen-kleintierfutter-snacks-zwerg-hamsterkleintierwelt-kleintierfutter-snacks-zwergkaninchenkleintierwelt-kleintierfutter-snacks-jr-farmkleintierwelt","8":"first","9":"instock","10":"taxable","11":"shipping-taxable","12":"purchasable","13":"product-type-simple"},"_links":{"self":[{"href":"https:\/\/all-pets.de\/shop\/wp-json\/wp\/v2\/product\/51116","targetHints":{"allow":["GET"]}}],"collection":[{"href":"https:\/\/all-pets.de\/shop\/wp-json\/wp\/v2\/product"}],"about":[{"href":"https:\/\/all-pets.de\/shop\/wp-json\/wp\/v2\/types\/product"}],"replies":[{"embeddable":true,"href":"https:\/\/all-pets.de\/shop\/wp-json\/wp\/v2\/comments?post=51116"}],"wp:featuredmedia":[{"embeddable":true,"href":"https:\/\/all-pets.de\/shop\/wp-json\/wp\/v2\/media\/16920"}],"wp:attachment":[{"href":"https:\/\/all-pets.de\/shop\/wp-json\/wp\/v2\/media?parent=51116"}],"wp:term":[{"taxonomy":"product_cat","embeddable":true,"href":"https:\/\/all-pets.de\/shop\/wp-json\/wp\/v2\/product_cat?post=51116"},{"taxonomy":"product_tag","embeddable":true,"href":"https:\/\/all-pets.de\/shop\/wp-json\/wp\/v2\/product_tag?post=51116"}],"curies":[{"name":"wp","href":"https:\/\/api.w.org\/{rel}","templated":true}]}}