{"id":51117,"date":"2023-12-12T12:37:38","date_gmt":"2023-12-12T11:37:38","guid":{"rendered":"https:\/\/pet-shopping.de\/shop\/produkt\/jr-farm-grainless-drops-140g-rote-beete\/"},"modified":"2023-12-12T12:37:38","modified_gmt":"2023-12-12T11:37:38","slug":"jr-farm-grainless-drops-140g-rote-beete","status":"publish","type":"product","link":"https:\/\/all-pets.de\/shop\/produkt\/jr-farm-grainless-drops-140g-rote-beete\/","title":{"rendered":"JR Farm Grainless Drops 140g &#8211; Rote Beete"},"content":{"rendered":"<p><span class=\"entry--content\">Die ideale Belohnung f\u00fcr alle Nager,nat\u00fcrlich 100% getreidefrei und ohne Zusatz von Zucker oder Honig.Verfeinert mit schmackhafter Roter Beete.<\/span><\/p>\n<p>Erg\u00e4nzungsfuttermittel f\u00fcr alle Nager und Zwergkaninchen.<\/p>\n<div class=\"content--product-code\">\n<div class=\"detail--product-code\">\n<div class=\"content--title\"> Zusammensetzung <\/div>\n<p>Erbsenmehl, Rote Beete 10%, St\u00e4rke<\/p>\n<\/p><\/div>\n<\/p><\/div>\n<div class=\"content--product-code\">\n<div class=\"detail--product-code\">\n<div class=\"content--title\"> Analytische Bestandteile <\/div>\n<p>Protein 17,6%, Fettgehalt 5,7%, Rohfaser 2,9%, Rohasche 4,1%<\/p>\n<\/p><\/div>\n<\/p><\/div>\n<div class=\"content--product-code\">\n<div class=\"detail--product-code\">\n<div class=\"content--title\"> F\u00fctterungsempfehlung <\/div>\n<p>Zu f\u00fcttern als Snack.<\/p>\n<\/p><\/div>\n<\/p><\/div>\n<p><span class=\"entry--content\">\u00a0<\/span><\/p>\n","protected":false},"excerpt":{"rendered":"<p>Die ideale Belohnung f\u00fcr alle Nager,nat\u00fcrlich 100% getreidefrei und ohne Zusatz von Zucker oder Honig.Verfeinert mit schmackhafter Roter Beete. Erg\u00e4nzungsfuttermittel f\u00fcr alle Nager und Zwergkaninchen. Zusammensetzung Erbsenmehl, Rote Beete 10%, St\u00e4rke Analytische Bestandteile Protein 17,6%, Fettgehalt 5,7%, Rohfaser 2,9%, Rohasche 4,1% F\u00fctterungsempfehlung Zu f\u00fcttern als Snack. \u00a0<\/p>\n","protected":false},"featured_media":16914,"comment_status":"closed","ping_status":"open","template":"","meta":[],"product_cat":[15474],"product_tag":[],"class_list":{"0":"post-51117","1":"product","2":"type-product","3":"status-publish","4":"has-post-thumbnail","6":"product_cat-meerschweinchen-kleintierfutter-snacks-zwerg-hamsterkleintierwelt-kleintierfutter-snacks-zwergkaninchenkleintierwelt-kleintierfutter-snacks-jr-farmkleintierwelt","8":"first","9":"instock","10":"taxable","11":"shipping-taxable","12":"purchasable","13":"product-type-simple"},"_links":{"self":[{"href":"https:\/\/all-pets.de\/shop\/wp-json\/wp\/v2\/product\/51117","targetHints":{"allow":["GET"]}}],"collection":[{"href":"https:\/\/all-pets.de\/shop\/wp-json\/wp\/v2\/product"}],"about":[{"href":"https:\/\/all-pets.de\/shop\/wp-json\/wp\/v2\/types\/product"}],"replies":[{"embeddable":true,"href":"https:\/\/all-pets.de\/shop\/wp-json\/wp\/v2\/comments?post=51117"}],"wp:featuredmedia":[{"embeddable":true,"href":"https:\/\/all-pets.de\/shop\/wp-json\/wp\/v2\/media\/16914"}],"wp:attachment":[{"href":"https:\/\/all-pets.de\/shop\/wp-json\/wp\/v2\/media?parent=51117"}],"wp:term":[{"taxonomy":"product_cat","embeddable":true,"href":"https:\/\/all-pets.de\/shop\/wp-json\/wp\/v2\/product_cat?post=51117"},{"taxonomy":"product_tag","embeddable":true,"href":"https:\/\/all-pets.de\/shop\/wp-json\/wp\/v2\/product_tag?post=51117"}],"curies":[{"name":"wp","href":"https:\/\/api.w.org\/{rel}","templated":true}]}}