{"id":51121,"date":"2023-12-12T12:37:38","date_gmt":"2023-12-12T11:37:38","guid":{"rendered":"https:\/\/pet-shopping.de\/shop\/produkt\/karlie-pfotenschutzschuh-s\/"},"modified":"2023-12-12T12:37:39","modified_gmt":"2023-12-12T11:37:39","slug":"karlie-pfotenschutzschuh-s","status":"publish","type":"product","link":"https:\/\/all-pets.de\/shop\/produkt\/karlie-pfotenschutzschuh-s\/","title":{"rendered":"Karlie Pfotenschutzschuh &#8211; S"},"content":{"rendered":"<p>Der Pfotenschutzschuh eignen sich ideal zum Schutz von empfindlichen Pfoten , z.B. bei Streusalz, oder um bei Verletzungen den Heilungsprozess zu beschleunigen und eine Neuinfektion zu vermeiden.<\/p>\n<p>Der Schuh besteht aus strapazierf\u00e4higem und wasserabweisendem Neopren und ist an der Sohle verst\u00e4rkt.<\/p>\n<p>Gr\u00f6\u00dfe\u00a0S eignet sich z.B. f\u00fcr Yorkshire, Teckel und Pudel.<\/p>\n","protected":false},"excerpt":{"rendered":"<p>Der Pfotenschutzschuh eignen sich ideal zum Schutz von empfindlichen Pfoten , z.B. bei Streusalz, oder um bei Verletzungen den Heilungsprozess zu beschleunigen und eine Neuinfektion zu vermeiden. Der Schuh besteht aus strapazierf\u00e4higem und wasserabweisendem Neopren und ist an der Sohle verst\u00e4rkt. Gr\u00f6\u00dfe\u00a0S eignet sich z.B. f\u00fcr Yorkshire, Teckel und Pudel.<\/p>\n","protected":false},"featured_media":16922,"comment_status":"closed","ping_status":"open","template":"","meta":[],"product_cat":[15478],"product_tag":[],"class_list":{"0":"post-51121","1":"product","2":"type-product","3":"status-publish","4":"has-post-thumbnail","6":"product_cat-funktions-kleidung-hundebekleidung-funktions-kleidunghundewelt-unterwegs-hundepfoten-krallenpflegehundewelt-pflege-gesundheit-hundewelt","8":"first","9":"instock","10":"taxable","11":"shipping-taxable","12":"purchasable","13":"product-type-simple"},"_links":{"self":[{"href":"https:\/\/all-pets.de\/shop\/wp-json\/wp\/v2\/product\/51121","targetHints":{"allow":["GET"]}}],"collection":[{"href":"https:\/\/all-pets.de\/shop\/wp-json\/wp\/v2\/product"}],"about":[{"href":"https:\/\/all-pets.de\/shop\/wp-json\/wp\/v2\/types\/product"}],"replies":[{"embeddable":true,"href":"https:\/\/all-pets.de\/shop\/wp-json\/wp\/v2\/comments?post=51121"}],"wp:featuredmedia":[{"embeddable":true,"href":"https:\/\/all-pets.de\/shop\/wp-json\/wp\/v2\/media\/16922"}],"wp:attachment":[{"href":"https:\/\/all-pets.de\/shop\/wp-json\/wp\/v2\/media?parent=51121"}],"wp:term":[{"taxonomy":"product_cat","embeddable":true,"href":"https:\/\/all-pets.de\/shop\/wp-json\/wp\/v2\/product_cat?post=51121"},{"taxonomy":"product_tag","embeddable":true,"href":"https:\/\/all-pets.de\/shop\/wp-json\/wp\/v2\/product_tag?post=51121"}],"curies":[{"name":"wp","href":"https:\/\/api.w.org\/{rel}","templated":true}]}}