{"id":51128,"date":"2023-12-12T12:37:41","date_gmt":"2023-12-12T11:37:41","guid":{"rendered":"https:\/\/pet-shopping.de\/shop\/produkt\/wolfsblut-adult-country-chicken-2-kg\/"},"modified":"2023-12-12T12:37:42","modified_gmt":"2023-12-12T11:37:42","slug":"wolfsblut-adult-country-chicken-2-kg","status":"publish","type":"product","link":"https:\/\/all-pets.de\/shop\/produkt\/wolfsblut-adult-country-chicken-2-kg\/","title":{"rendered":"Wolfsblut Adult Country Chicken &#8211; 2 kg"},"content":{"rendered":"<p>Wolfsblut Country Chicken Adult <\/p>\n<p>In den Rocky Mountains Nordamerikas, der arktischen Tundra, den Bergen und W\u00e4ldern Europas bis hin zu den W\u00fcsten und Steppen Zentralasiens jagen W\u00f6lfe ihre Beute. Diese versorgt sie mit Fleisch und n\u00e4hrstoffreichen Innereien, aber auch mit Gem\u00fcse, Fr\u00fcchten, Beeren, Wurzeln und Kr\u00e4utern \u00fcber den Mageninhalt der Beute. Getreide geh\u00f6rt hier nicht dazu. So erh\u00e4lt der Wolf seine ben\u00f6tigten Vitamine, Mineralstoffe, Spurenelemente, Enzyme und sekund\u00e4ren Pflanzenstoffe. Da der Wolf der Urahn aller Hunde ist, orientiert sich unser Wolfsblut Hundetrockenfutter an diesen nat\u00fcrlichen Fressgewohnheiten des Wolfs. Es enth\u00e4lt viel Fleisch oder Fisch kombiniert mit Superfoods, die wertvolle Inhaltsstoffe enthalten \u2013 und das wie in der Natur, ganz ohne Getreide. Unsere Auswahl an au\u00dfergew\u00f6hnlichen Fleischsorten und n\u00e4hrstoffreichen Superfoods baut dabei auf den Lebensr\u00e4umen des Wolfs und deren bunter Nahrungsvielfalt auf. Wolfsblut bietet jedem Hund eine artgerechte und urspr\u00fcngliche Ern\u00e4hrung und mit seiner Sortenvielfalt ist f\u00fcr jeden etwas dabei, das er vertr\u00e4gt. Die Rezeptur von COUNTRY CHICKEN ADULT Trockenfutter verbindet die Nahrung des Wolfs mit den neuesten wissenschaftlichen Erkenntnissen \u00fcber richtige Hundeern\u00e4hrung.<\/p>\n<p>Das Trockenfutter Wolfsblut Country Chicken Adult von Wolfsblut im \u00dcberblick:<\/p>\n<p>\u00a0\u00a0\u00a0\u00a0\u00a0\u00a0\u00a0 Hundeern\u00e4hrung nach dem Vorbild des Wolfes <br \/>\u00a0\u00a0\u00a0\u00a0\u00a0\u00a0\u00a0 Rezeptur mit nat\u00fcrlichen Inhaltsstoffen <br \/>\u00a0\u00a0\u00a0\u00a0\u00a0\u00a0\u00a0 Frisches und gut bek\u00f6mmliches Huhn als Hauptbestandteil <br \/>\u00a0\u00a0\u00a0\u00a0\u00a0\u00a0\u00a0 Ohne Getreide, da es im nat\u00fcrlichen Beuteschema des Urahns des Hundes nicht vorkommt und zudem zu den h\u00e4ufigsten Allergieausl\u00f6sern bei Hunden z\u00e4hlt <br \/>\u00a0\u00a0\u00a0\u00a0\u00a0\u00a0\u00a0 Mit wertvollen Superfoods wie Brombeeren, Holunderbeeren, Aroniabeeren sowie L\u00f6wenzahn, Topinambur und Ginseng mit wertvollen Inhaltsstoffen <br \/>\u00a0\u00a0\u00a0\u00a0\u00a0\u00a0\u00a0 Mit nat\u00fcrlichen Prebiotika aus Topinambur <br \/>\u00a0\u00a0\u00a0\u00a0\u00a0\u00a0\u00a0 ohne Mais, Gluten, Soja, Geschmacksverst\u00e4rkern &#038; k\u00fcnstlichen Zus\u00e4tzen (ausgenommen Vitamine &#038; Mineralstoffe) <br \/>\u00a0\u00a0\u00a0\u00a0\u00a0\u00a0\u00a0 Mit Tier\u00e4rzten entwickelt <br \/>\u00a0\u00a0\u00a0\u00a0\u00a0\u00a0\u00a0 Ohne Tierversuche<\/p>\n<p>Die einzelnen Futterbestandteile von COUNTRY CHICKEN ADULT wurden zusammen mit Tier\u00e4rzten, passend zum nat\u00fcrlichen Beuteschema des Wolfs und den Erkenntnissen zu ganzheitlicher Hundeern\u00e4hrung, zusammengestellt. Das Trockenfutter von Wolfsblut ist damit einzigartig.<\/p>\n<p>\u00a0\u00a0\u00a0\u00a0\u00a0\u00a0\u00a0 S\u00fc\u00dfkartoffeln: Sie sind laut der amerikanischen Gesundheitsbeh\u00f6rde CSPI eines der n\u00e4hrstoffreichsten Gem\u00fcse durch ihre wertvollen Ballaststoffe sowie den hohen Gehalt an Betacarotin und Vitamin E. <br \/>\u00a0\u00a0\u00a0\u00a0\u00a0\u00a0\u00a0 K\u00fcrbis: Er ist eines der kalorien\u00e4rmsten Gem\u00fcse und reich an Vitamin C, Betacarotin, Mineralstoffen und Phytosterinen. Durch die enthaltenen Ballaststoffe ist er sehr bek\u00f6mmlich und verdauungsf\u00f6rdernd. <br \/>\u00a0\u00a0\u00a0\u00a0\u00a0\u00a0\u00a0 Topinambur: Er enth\u00e4lt einen hohen Anteil an Inulin, was prebiotisch wirkt und das Wachstum gesunder Bakterienst\u00e4mme im Darm anregt. Eine gesunde Darmflora wirkt sich positiv auf das Immunsystem aus. <br \/>\u00a0\u00a0\u00a0\u00a0\u00a0\u00a0\u00a0 Brombeeren: Die Beeren enthalten besonders viel Magnesium und Eisen. Auch mit ihrem Provitamin A und Vitamin E-Gehalt schlagen Brombeeren die heimischen Artverwandten.\u00a0 <\/p>\n<div class=\"product_composition\">\n<h6>Zusammensetzung<\/h6>\n<p> H\u00fchnchen\u00a051 % (davon H\u00fchnerfleisch 25 %,getrocknetes H\u00fchnerfleisch 16 %, H\u00fchnerfett 8 %, H\u00fchnerjus 2 %), S\u00fc\u00dfkartoffeln 21 %, Kartoffeln, K\u00fcrbis, Kichererbsen, Topinambur, Pastinaken, Fenchel ,Bananen 0,4 %, Moringa, Bete, Mineralstoffe, Leinsamen, Tomaten, Thymian, Majoran, Oregano, Petersilie, Salbei 0,1 %, Brombeeren 0,1 %, Himbeeren 0,1 %, Heidelbeeren 0,1 %, Schwarze Johannisbeeren, Holunderbeeren, Aroniabeeren, Mannan-Oligosaccharide (prebiotisch MOS), Fructo-Oligosaccharide (prebiotisch FOS), Spinat, Karotten, Quinoa, Brennnessel, Wei\u00dfdorn, L\u00f6wenzahn, Ginseng, Yucca Schidigera Extrakt.<\/p>\n<\/div>\n<div class=\"product_analytical_composition\">\n<h6>Analytische Bestandteile<\/h6>\n<p> Rohprotein 26 %,Rohfett 16 %, Rohfaser 2,2 %, Rohasche 8 %. <\/p>\n<\/div>\n","protected":false},"excerpt":{"rendered":"<p>Wolfsblut Country Chicken Adult In den Rocky Mountains Nordamerikas, der arktischen Tundra, den Bergen und W\u00e4ldern Europas bis hin zu den W\u00fcsten und Steppen Zentralasiens jagen W\u00f6lfe ihre Beute. Diese versorgt sie mit Fleisch und n\u00e4hrstoffreichen Innereien, aber auch mit Gem\u00fcse, Fr\u00fcchten, Beeren, Wurzeln und Kr\u00e4utern \u00fcber den Mageninhalt der Beute. Getreide geh\u00f6rt hier nicht [&hellip;]<\/p>\n","protected":false},"featured_media":51129,"comment_status":"closed","ping_status":"open","template":"","meta":[],"product_cat":[15392],"product_tag":[],"class_list":{"0":"post-51128","1":"product","2":"type-product","3":"status-publish","4":"has-post-thumbnail","6":"product_cat-wolfsblut-getreidefrei-hundetrockenfutter-wolfsbluthundewelt-hundetrockenfutter","8":"first","9":"instock","10":"taxable","11":"shipping-taxable","12":"purchasable","13":"product-type-simple"},"_links":{"self":[{"href":"https:\/\/all-pets.de\/shop\/wp-json\/wp\/v2\/product\/51128","targetHints":{"allow":["GET"]}}],"collection":[{"href":"https:\/\/all-pets.de\/shop\/wp-json\/wp\/v2\/product"}],"about":[{"href":"https:\/\/all-pets.de\/shop\/wp-json\/wp\/v2\/types\/product"}],"replies":[{"embeddable":true,"href":"https:\/\/all-pets.de\/shop\/wp-json\/wp\/v2\/comments?post=51128"}],"wp:featuredmedia":[{"embeddable":true,"href":"https:\/\/all-pets.de\/shop\/wp-json\/wp\/v2\/media\/51129"}],"wp:attachment":[{"href":"https:\/\/all-pets.de\/shop\/wp-json\/wp\/v2\/media?parent=51128"}],"wp:term":[{"taxonomy":"product_cat","embeddable":true,"href":"https:\/\/all-pets.de\/shop\/wp-json\/wp\/v2\/product_cat?post=51128"},{"taxonomy":"product_tag","embeddable":true,"href":"https:\/\/all-pets.de\/shop\/wp-json\/wp\/v2\/product_tag?post=51128"}],"curies":[{"name":"wp","href":"https:\/\/api.w.org\/{rel}","templated":true}]}}