{"id":51146,"date":"2023-12-12T12:37:44","date_gmt":"2023-12-12T11:37:44","guid":{"rendered":"https:\/\/pet-shopping.de\/shop\/produkt\/hunter-geschirr-krazy-scull-vario-rapid-xs-hals-25-40-cm-bauch-30-40-cm-breite-10-cm\/"},"modified":"2023-12-12T12:37:46","modified_gmt":"2023-12-12T11:37:46","slug":"hunter-geschirr-krazy-scull-vario-rapid-xs-hals-25-40-cm-bauch-30-40-cm-breite-10-cm","status":"publish","type":"product","link":"https:\/\/all-pets.de\/shop\/produkt\/hunter-geschirr-krazy-scull-vario-rapid-xs-hals-25-40-cm-bauch-30-40-cm-breite-10-cm\/","title":{"rendered":"Hunter Geschirr Krazy Scull Vario Rapid &#8211; XS &#8211; Hals: 25 &#8211; 40 cm  Bauch: 30 &#8211; 40 cm  Breite: 1,0 cm"},"content":{"rendered":"<p>Sehr schickes, trendiges Hundegeschirr von Hunter mit Totenkopfmotiv.Nylon-Soft gen\u00e4ht. Metallteile sind vernickelt.Durch Schieber stufenlos verstellbar, 5 fach verstellbar. Mit praktischen Steckverschl\u00fcssen.Extrem rei\u00dffest, sehr haltbar und pflegeleicht.Farbe: grau-schwarz: Krazy Scull Totenkopfmotiv<\/p>\n","protected":false},"excerpt":{"rendered":"<p>Sehr schickes, trendiges Hundegeschirr von Hunter mit Totenkopfmotiv.Nylon-Soft gen\u00e4ht. Metallteile sind vernickelt.Durch Schieber stufenlos verstellbar, 5 fach verstellbar. Mit praktischen Steckverschl\u00fcssen.Extrem rei\u00dffest, sehr haltbar und pflegeleicht.Farbe: grau-schwarz: Krazy Scull Totenkopfmotiv<\/p>\n","protected":false},"featured_media":17086,"comment_status":"closed","ping_status":"open","template":"","meta":[],"product_cat":[13812],"product_tag":[],"class_list":{"0":"post-51146","1":"product","2":"type-product","3":"status-publish","4":"has-post-thumbnail","6":"product_cat-hundegeschirre","8":"first","9":"instock","10":"taxable","11":"shipping-taxable","12":"purchasable","13":"product-type-simple"},"_links":{"self":[{"href":"https:\/\/all-pets.de\/shop\/wp-json\/wp\/v2\/product\/51146","targetHints":{"allow":["GET"]}}],"collection":[{"href":"https:\/\/all-pets.de\/shop\/wp-json\/wp\/v2\/product"}],"about":[{"href":"https:\/\/all-pets.de\/shop\/wp-json\/wp\/v2\/types\/product"}],"replies":[{"embeddable":true,"href":"https:\/\/all-pets.de\/shop\/wp-json\/wp\/v2\/comments?post=51146"}],"wp:featuredmedia":[{"embeddable":true,"href":"https:\/\/all-pets.de\/shop\/wp-json\/wp\/v2\/media\/17086"}],"wp:attachment":[{"href":"https:\/\/all-pets.de\/shop\/wp-json\/wp\/v2\/media?parent=51146"}],"wp:term":[{"taxonomy":"product_cat","embeddable":true,"href":"https:\/\/all-pets.de\/shop\/wp-json\/wp\/v2\/product_cat?post=51146"},{"taxonomy":"product_tag","embeddable":true,"href":"https:\/\/all-pets.de\/shop\/wp-json\/wp\/v2\/product_tag?post=51146"}],"curies":[{"name":"wp","href":"https:\/\/api.w.org\/{rel}","templated":true}]}}