{"id":51148,"date":"2023-12-12T12:37:44","date_gmt":"2023-12-12T11:37:44","guid":{"rendered":"https:\/\/pet-shopping.de\/shop\/produkt\/trixie-futtertonne-15-l\/"},"modified":"2023-12-12T12:37:46","modified_gmt":"2023-12-12T11:37:46","slug":"trixie-futtertonne-15-l","status":"publish","type":"product","link":"https:\/\/all-pets.de\/shop\/produkt\/trixie-futtertonne-15-l\/","title":{"rendered":"Trixie Futtertonne &#8211; 15 L"},"content":{"rendered":"<ul>\n<li>Kunststoff<\/li>\n<li>zur Aufbewahrung von Trockenfutter, Streu, o. \u00e4.<\/li>\n<li>luftdicht verschlie\u00dfbar<\/li>\n<li>h\u00e4lt das Futter frisch und sch\u00fctzt vor Feuchtigkeit<\/li>\n<li>Steckm\u00f6glichkeit zum Verbinden mehrerer Tonnen<\/li>\n<li>Fassungsverm\u00f6gen: ca. 15 L<\/li>\n<li>Ma\u00dfe: ca. 22 \u00d7 41 \u00d7 33 cm<\/li>\n<\/ul>\n","protected":false},"excerpt":{"rendered":"<p>Kunststoff zur Aufbewahrung von Trockenfutter, Streu, o. \u00e4. luftdicht verschlie\u00dfbar h\u00e4lt das Futter frisch und sch\u00fctzt vor Feuchtigkeit Steckm\u00f6glichkeit zum Verbinden mehrerer Tonnen Fassungsverm\u00f6gen: ca. 15 L Ma\u00dfe: ca. 22 \u00d7 41 \u00d7 33 cm<\/p>\n","protected":false},"featured_media":17112,"comment_status":"closed","ping_status":"open","template":"","meta":[],"product_cat":[15319],"product_tag":[],"class_list":{"0":"post-51148","1":"product","2":"type-product","3":"status-publish","4":"has-post-thumbnail","6":"product_cat-nuetzliche-helfer-haus-hof-nuetzliches-zubehoerhundewelt-katzennaepfe-traenken-futter-und-snackdosenkatzenwelt-hundenaepfe-traenken","8":"first","9":"instock","10":"taxable","11":"shipping-taxable","12":"purchasable","13":"product-type-simple"},"_links":{"self":[{"href":"https:\/\/all-pets.de\/shop\/wp-json\/wp\/v2\/product\/51148","targetHints":{"allow":["GET"]}}],"collection":[{"href":"https:\/\/all-pets.de\/shop\/wp-json\/wp\/v2\/product"}],"about":[{"href":"https:\/\/all-pets.de\/shop\/wp-json\/wp\/v2\/types\/product"}],"replies":[{"embeddable":true,"href":"https:\/\/all-pets.de\/shop\/wp-json\/wp\/v2\/comments?post=51148"}],"wp:featuredmedia":[{"embeddable":true,"href":"https:\/\/all-pets.de\/shop\/wp-json\/wp\/v2\/media\/17112"}],"wp:attachment":[{"href":"https:\/\/all-pets.de\/shop\/wp-json\/wp\/v2\/media?parent=51148"}],"wp:term":[{"taxonomy":"product_cat","embeddable":true,"href":"https:\/\/all-pets.de\/shop\/wp-json\/wp\/v2\/product_cat?post=51148"},{"taxonomy":"product_tag","embeddable":true,"href":"https:\/\/all-pets.de\/shop\/wp-json\/wp\/v2\/product_tag?post=51148"}],"curies":[{"name":"wp","href":"https:\/\/api.w.org\/{rel}","templated":true}]}}