{"id":51157,"date":"2023-12-12T12:37:44","date_gmt":"2023-12-12T11:37:44","guid":{"rendered":"https:\/\/pet-shopping.de\/shop\/produkt\/trixie-polster-schondecke-harvey-70-x-90-cm\/"},"modified":"2023-12-12T12:37:48","modified_gmt":"2023-12-12T11:37:48","slug":"trixie-polster-schondecke-harvey-70-x-90-cm","status":"publish","type":"product","link":"https:\/\/all-pets.de\/shop\/produkt\/trixie-polster-schondecke-harvey-70-x-90-cm\/","title":{"rendered":"Trixie Polster-Schondecke Harvey &#8211; 70 x 90 cm"},"content":{"rendered":"<ul>\n<li>Langhaar-Pl\u00fcsch<\/li>\n<li>mit wasserundurchl\u00e4ssiger Pl\u00fcsch-Unterseite<\/li>\n<li>Polyester-Bezug (bei 40\u00b0C waschbar)<\/li>\n<li>Rand mit Polyestervlies-F\u00fcllung<\/li>\n<li>Bezug abnehmbar<\/li>\n<li>Inlett: Handw\u00e4sche<\/li>\n<li>Farbe: wei\u00df-schwarz<\/li>\n<li>Ma\u00dfe: ca. 70 x 90 cm<\/li>\n<\/ul>\n","protected":false},"excerpt":{"rendered":"<p>Langhaar-Pl\u00fcsch mit wasserundurchl\u00e4ssiger Pl\u00fcsch-Unterseite Polyester-Bezug (bei 40\u00b0C waschbar) Rand mit Polyestervlies-F\u00fcllung Bezug abnehmbar Inlett: Handw\u00e4sche Farbe: wei\u00df-schwarz Ma\u00dfe: ca. 70 x 90 cm<\/p>\n","protected":false},"featured_media":51158,"comment_status":"closed","ping_status":"open","template":"","meta":[],"product_cat":[14034],"product_tag":[],"class_list":{"0":"post-51157","1":"product","2":"type-product","3":"status-publish","4":"has-post-thumbnail","6":"product_cat-liegedecken-betten-koerbe","8":"first","9":"instock","10":"taxable","11":"shipping-taxable","12":"purchasable","13":"product-type-simple"},"_links":{"self":[{"href":"https:\/\/all-pets.de\/shop\/wp-json\/wp\/v2\/product\/51157","targetHints":{"allow":["GET"]}}],"collection":[{"href":"https:\/\/all-pets.de\/shop\/wp-json\/wp\/v2\/product"}],"about":[{"href":"https:\/\/all-pets.de\/shop\/wp-json\/wp\/v2\/types\/product"}],"replies":[{"embeddable":true,"href":"https:\/\/all-pets.de\/shop\/wp-json\/wp\/v2\/comments?post=51157"}],"wp:featuredmedia":[{"embeddable":true,"href":"https:\/\/all-pets.de\/shop\/wp-json\/wp\/v2\/media\/51158"}],"wp:attachment":[{"href":"https:\/\/all-pets.de\/shop\/wp-json\/wp\/v2\/media?parent=51157"}],"wp:term":[{"taxonomy":"product_cat","embeddable":true,"href":"https:\/\/all-pets.de\/shop\/wp-json\/wp\/v2\/product_cat?post=51157"},{"taxonomy":"product_tag","embeddable":true,"href":"https:\/\/all-pets.de\/shop\/wp-json\/wp\/v2\/product_tag?post=51157"}],"curies":[{"name":"wp","href":"https:\/\/api.w.org\/{rel}","templated":true}]}}