{"id":51163,"date":"2023-12-12T12:37:44","date_gmt":"2023-12-12T11:37:44","guid":{"rendered":"https:\/\/pet-shopping.de\/shop\/produkt\/karlie-art-buffalo-oak-halsband-schwarz-beige-55cm-30mm\/"},"modified":"2023-12-12T12:37:49","modified_gmt":"2023-12-12T11:37:49","slug":"karlie-art-buffalo-oak-halsband-schwarz-beige-55cm-30mm","status":"publish","type":"product","link":"https:\/\/all-pets.de\/shop\/produkt\/karlie-art-buffalo-oak-halsband-schwarz-beige-55cm-30mm\/","title":{"rendered":"Karlie Art Buffalo Oak Halsband &#8211; Schwarz\/Beige &#8211; 55cm \/ 30mm"},"content":{"rendered":"<ul class=\"a-unordered-list a-vertical a-spacing-none\">\n<li class=\"a-spacing-small\"><span class=\"a-list-item a-size-base\">Mit edlen Ornament-Nieten verziert <\/span><\/li>\n<li class=\"a-spacing-small\"><span class=\"a-list-item a-size-base\">aus Kunstleder<br \/><\/span><\/li>\n<li class=\"a-spacing-small\"><span class=\"a-list-item a-size-base\"> Geriegelt <\/span><\/li>\n<li class=\"a-spacing-small\"><span class=\"a-list-item a-size-base\"> Abgen\u00e4ht <\/span><\/li>\n<li class=\"a-spacing-small\"><span class=\"a-list-item a-size-base\"> Gebuggt <\/span><\/li>\n<li class=\"a-spacing-small\"><span class=\"a-list-item a-size-base\"> Stabile verchromte Beschl\u00e4ge <\/span><\/li>\n<li class=\"a-spacing-small\"><span class=\"a-list-item a-size-base\">soft unterlegt<\/span><\/li>\n<li class=\"a-spacing-small\"><span class=\"a-list-item a-size-base\">Gesamtl\u00e4nge: ca. 55 cm<\/span><\/li>\n<li class=\"a-spacing-small\"><span class=\"a-list-item a-size-base\">Breite: ca. 30 mm<\/span><\/li>\n<\/ul>\n","protected":false},"excerpt":{"rendered":"<p>Mit edlen Ornament-Nieten verziert aus Kunstleder Geriegelt Abgen\u00e4ht Gebuggt Stabile verchromte Beschl\u00e4ge soft unterlegt Gesamtl\u00e4nge: ca. 55 cm Breite: ca. 30 mm<\/p>\n","protected":false},"featured_media":51162,"comment_status":"closed","ping_status":"open","template":"","meta":[],"product_cat":[13940],"product_tag":[],"class_list":{"0":"post-51163","1":"product","2":"type-product","3":"status-publish","4":"has-post-thumbnail","6":"product_cat-weitere-halsbaender","8":"first","9":"instock","10":"taxable","11":"shipping-taxable","12":"purchasable","13":"product-type-simple"},"_links":{"self":[{"href":"https:\/\/all-pets.de\/shop\/wp-json\/wp\/v2\/product\/51163","targetHints":{"allow":["GET"]}}],"collection":[{"href":"https:\/\/all-pets.de\/shop\/wp-json\/wp\/v2\/product"}],"about":[{"href":"https:\/\/all-pets.de\/shop\/wp-json\/wp\/v2\/types\/product"}],"replies":[{"embeddable":true,"href":"https:\/\/all-pets.de\/shop\/wp-json\/wp\/v2\/comments?post=51163"}],"wp:featuredmedia":[{"embeddable":true,"href":"https:\/\/all-pets.de\/shop\/wp-json\/wp\/v2\/media\/51162"}],"wp:attachment":[{"href":"https:\/\/all-pets.de\/shop\/wp-json\/wp\/v2\/media?parent=51163"}],"wp:term":[{"taxonomy":"product_cat","embeddable":true,"href":"https:\/\/all-pets.de\/shop\/wp-json\/wp\/v2\/product_cat?post=51163"},{"taxonomy":"product_tag","embeddable":true,"href":"https:\/\/all-pets.de\/shop\/wp-json\/wp\/v2\/product_tag?post=51163"}],"curies":[{"name":"wp","href":"https:\/\/api.w.org\/{rel}","templated":true}]}}