{"id":51172,"date":"2023-12-12T12:37:50","date_gmt":"2023-12-12T11:37:50","guid":{"rendered":"https:\/\/pet-shopping.de\/shop\/produkt\/karlie-flamingo-easy-walker-anti-zug-geschirr-s-22-32-cm\/"},"modified":"2023-12-12T12:37:51","modified_gmt":"2023-12-12T11:37:51","slug":"karlie-flamingo-easy-walker-anti-zug-geschirr-s-22-32-cm","status":"publish","type":"product","link":"https:\/\/all-pets.de\/shop\/produkt\/karlie-flamingo-easy-walker-anti-zug-geschirr-s-22-32-cm\/","title":{"rendered":"Karlie Flamingo Easy Walker Anti-Zug-Geschirr &#8211; S \/ 22-32 cm"},"content":{"rendered":"<p>Mit dem Easy Walker Geschirr wird der Spaziergang nicht weiter zum Kraftakt zwischen Ihnen und Ihrem Hund. <\/p>\n<p>Das Ziehen wird dem Vierbeiner abgew\u00f6hnt ohne W\u00fcrgeeffekt und ohne Sch\u00e4digung der Muskeln oder Nackenwirbel. Der Hund kann sich in dem bequemen Geschirr frei bewegen und wird ruck zuck freiwillig bei Fu\u00df gehen, weil er beim Ziehen die Kraft automatisch gegen sich selbst einsetzt.<\/p>\n<p>Gr\u00f6\u00dfe S: Halsumfang 22 &#8211; 32 cm<\/p>\n","protected":false},"excerpt":{"rendered":"<p>Mit dem Easy Walker Geschirr wird der Spaziergang nicht weiter zum Kraftakt zwischen Ihnen und Ihrem Hund. Das Ziehen wird dem Vierbeiner abgew\u00f6hnt ohne W\u00fcrgeeffekt und ohne Sch\u00e4digung der Muskeln oder Nackenwirbel. Der Hund kann sich in dem bequemen Geschirr frei bewegen und wird ruck zuck freiwillig bei Fu\u00df gehen, weil er beim Ziehen die [&hellip;]<\/p>\n","protected":false},"featured_media":17241,"comment_status":"closed","ping_status":"open","template":"","meta":[],"product_cat":[15490],"product_tag":[],"class_list":{"0":"post-51172","1":"product","2":"type-product","3":"status-publish","4":"has-post-thumbnail","6":"product_cat-hundegeschirre-halsbaender-leinen-erziehunghundewelt-erziehungs-hilfenhundewelt-halsbaender-leinen","8":"first","9":"instock","10":"taxable","11":"shipping-taxable","12":"purchasable","13":"product-type-simple"},"_links":{"self":[{"href":"https:\/\/all-pets.de\/shop\/wp-json\/wp\/v2\/product\/51172","targetHints":{"allow":["GET"]}}],"collection":[{"href":"https:\/\/all-pets.de\/shop\/wp-json\/wp\/v2\/product"}],"about":[{"href":"https:\/\/all-pets.de\/shop\/wp-json\/wp\/v2\/types\/product"}],"replies":[{"embeddable":true,"href":"https:\/\/all-pets.de\/shop\/wp-json\/wp\/v2\/comments?post=51172"}],"wp:featuredmedia":[{"embeddable":true,"href":"https:\/\/all-pets.de\/shop\/wp-json\/wp\/v2\/media\/17241"}],"wp:attachment":[{"href":"https:\/\/all-pets.de\/shop\/wp-json\/wp\/v2\/media?parent=51172"}],"wp:term":[{"taxonomy":"product_cat","embeddable":true,"href":"https:\/\/all-pets.de\/shop\/wp-json\/wp\/v2\/product_cat?post=51172"},{"taxonomy":"product_tag","embeddable":true,"href":"https:\/\/all-pets.de\/shop\/wp-json\/wp\/v2\/product_tag?post=51172"}],"curies":[{"name":"wp","href":"https:\/\/api.w.org\/{rel}","templated":true}]}}