{"id":51177,"date":"2023-12-12T12:37:53","date_gmt":"2023-12-12T11:37:53","guid":{"rendered":"https:\/\/pet-shopping.de\/shop\/produkt\/karlie-flamingo-such-schleppleine-polizeileine-10-m-6-mm\/"},"modified":"2023-12-12T12:37:53","modified_gmt":"2023-12-12T11:37:53","slug":"karlie-flamingo-such-schleppleine-polizeileine-10-m-6-mm","status":"publish","type":"product","link":"https:\/\/all-pets.de\/shop\/produkt\/karlie-flamingo-such-schleppleine-polizeileine-10-m-6-mm\/","title":{"rendered":"Karlie Flamingo Such- \/ Schleppleine (Polizeileine) &#8211; 10 m \/ 6 mm"},"content":{"rendered":"<p>Such- \/ Schleppleine aus strapazierf\u00e4higem Nylon. <\/p>\n<p>Die Schleppleine eignet sich ideal zur Hundeausbildung, z.B. zum Antrainieren von Hier-Kommandos, sowie Kommandos auf Distanz. Sie l\u00e4sst sich auch als Feldleine zum Nachsuchen bei der Jagd verwenden oder einfach bei langen Spazierg\u00e4ngen, um dem Hund besonders viel Bewegungsfreiheit zu gew\u00e4hren. Auch ideal f\u00fcr l\u00e4ufige H\u00fcndinnen.<\/p>\n<p>L\u00e4nge: 10 m<br \/> Durchmesser: 6 mm<\/p>\n","protected":false},"excerpt":{"rendered":"<p>Such- \/ Schleppleine aus strapazierf\u00e4higem Nylon. Die Schleppleine eignet sich ideal zur Hundeausbildung, z.B. zum Antrainieren von Hier-Kommandos, sowie Kommandos auf Distanz. Sie l\u00e4sst sich auch als Feldleine zum Nachsuchen bei der Jagd verwenden oder einfach bei langen Spazierg\u00e4ngen, um dem Hund besonders viel Bewegungsfreiheit zu gew\u00e4hren. Auch ideal f\u00fcr l\u00e4ufige H\u00fcndinnen. L\u00e4nge: 10 m [&hellip;]<\/p>\n","protected":false},"featured_media":17252,"comment_status":"closed","ping_status":"open","template":"","meta":[],"product_cat":[13690],"product_tag":[],"class_list":{"0":"post-51177","1":"product","2":"type-product","3":"status-publish","4":"has-post-thumbnail","6":"product_cat-such-schleppleinen","8":"first","9":"instock","10":"taxable","11":"shipping-taxable","12":"purchasable","13":"product-type-simple"},"_links":{"self":[{"href":"https:\/\/all-pets.de\/shop\/wp-json\/wp\/v2\/product\/51177","targetHints":{"allow":["GET"]}}],"collection":[{"href":"https:\/\/all-pets.de\/shop\/wp-json\/wp\/v2\/product"}],"about":[{"href":"https:\/\/all-pets.de\/shop\/wp-json\/wp\/v2\/types\/product"}],"replies":[{"embeddable":true,"href":"https:\/\/all-pets.de\/shop\/wp-json\/wp\/v2\/comments?post=51177"}],"wp:featuredmedia":[{"embeddable":true,"href":"https:\/\/all-pets.de\/shop\/wp-json\/wp\/v2\/media\/17252"}],"wp:attachment":[{"href":"https:\/\/all-pets.de\/shop\/wp-json\/wp\/v2\/media?parent=51177"}],"wp:term":[{"taxonomy":"product_cat","embeddable":true,"href":"https:\/\/all-pets.de\/shop\/wp-json\/wp\/v2\/product_cat?post=51177"},{"taxonomy":"product_tag","embeddable":true,"href":"https:\/\/all-pets.de\/shop\/wp-json\/wp\/v2\/product_tag?post=51177"}],"curies":[{"name":"wp","href":"https:\/\/api.w.org\/{rel}","templated":true}]}}