{"id":51184,"date":"2023-12-12T12:37:53","date_gmt":"2023-12-12T11:37:53","guid":{"rendered":"https:\/\/pet-shopping.de\/shop\/produkt\/karlie-flamingo-easy-leader-anti-zug-halfter-xs\/"},"modified":"2023-12-12T12:37:54","modified_gmt":"2023-12-12T11:37:54","slug":"karlie-flamingo-easy-leader-anti-zug-halfter-xs","status":"publish","type":"product","link":"https:\/\/all-pets.de\/shop\/produkt\/karlie-flamingo-easy-leader-anti-zug-halfter-xs\/","title":{"rendered":"Karlie Flamingo Easy Leader Anti-Zug-Halfter &#8211; XS"},"content":{"rendered":"<p>Erziehung und Kontrolle &#8211; leicht gemacht!<\/p>\n<p>&#8211; Kein unkontrolliertes Ziehen mehr<br \/> &#8211; Stressfreie Spazierg\u00e4nge<br \/> &#8211; Schonend f\u00fcr Mensch und Tier<br \/> &#8211; Erleichtert das F\u00fchren und Erziehen des Hundes<br \/> &#8211; Keinerlei Beeintr\u00e4chtigung f\u00fcr den Hund bei Hecheln<\/p>\n<p>Gr\u00f6\u00dfe XS eignet sich z.B. f\u00fcr Jack Russel, Westie, Whippet.<\/p>\n","protected":false},"excerpt":{"rendered":"<p>Erziehung und Kontrolle &#8211; leicht gemacht! &#8211; Kein unkontrolliertes Ziehen mehr &#8211; Stressfreie Spazierg\u00e4nge &#8211; Schonend f\u00fcr Mensch und Tier &#8211; Erleichtert das F\u00fchren und Erziehen des Hundes &#8211; Keinerlei Beeintr\u00e4chtigung f\u00fcr den Hund bei Hecheln Gr\u00f6\u00dfe XS eignet sich z.B. f\u00fcr Jack Russel, Westie, Whippet.<\/p>\n","protected":false},"featured_media":17258,"comment_status":"closed","ping_status":"open","template":"","meta":[],"product_cat":[15491],"product_tag":[],"class_list":{"0":"post-51184","1":"product","2":"type-product","3":"status-publish","4":"has-post-thumbnail","6":"product_cat-erziehung-erziehungs-hilfenhundewelt-halsbaender-leinen","8":"first","9":"instock","10":"taxable","11":"shipping-taxable","12":"purchasable","13":"product-type-simple"},"_links":{"self":[{"href":"https:\/\/all-pets.de\/shop\/wp-json\/wp\/v2\/product\/51184","targetHints":{"allow":["GET"]}}],"collection":[{"href":"https:\/\/all-pets.de\/shop\/wp-json\/wp\/v2\/product"}],"about":[{"href":"https:\/\/all-pets.de\/shop\/wp-json\/wp\/v2\/types\/product"}],"replies":[{"embeddable":true,"href":"https:\/\/all-pets.de\/shop\/wp-json\/wp\/v2\/comments?post=51184"}],"wp:featuredmedia":[{"embeddable":true,"href":"https:\/\/all-pets.de\/shop\/wp-json\/wp\/v2\/media\/17258"}],"wp:attachment":[{"href":"https:\/\/all-pets.de\/shop\/wp-json\/wp\/v2\/media?parent=51184"}],"wp:term":[{"taxonomy":"product_cat","embeddable":true,"href":"https:\/\/all-pets.de\/shop\/wp-json\/wp\/v2\/product_cat?post=51184"},{"taxonomy":"product_tag","embeddable":true,"href":"https:\/\/all-pets.de\/shop\/wp-json\/wp\/v2\/product_tag?post=51184"}],"curies":[{"name":"wp","href":"https:\/\/api.w.org\/{rel}","templated":true}]}}