{"id":51197,"date":"2023-12-12T12:37:56","date_gmt":"2023-12-12T11:37:56","guid":{"rendered":"https:\/\/pet-shopping.de\/shop\/produkt\/kerbl-vinyl-spielzeug-hantel-klein\/"},"modified":"2023-12-12T12:37:57","modified_gmt":"2023-12-12T11:37:57","slug":"kerbl-vinyl-spielzeug-hantel-klein","status":"publish","type":"product","link":"https:\/\/all-pets.de\/shop\/produkt\/kerbl-vinyl-spielzeug-hantel-klein\/","title":{"rendered":"Kerbl Vinyl-Spielzeug HANTEL &#8211; Klein"},"content":{"rendered":"<div>Hundespielzeug in Hantelform. Ideale Form zum Apportieren! Mit Squeeker!<\/p>\n<p> Gr\u00f6\u00dfe: ca. 15 cm<\/p>\n<p><font size=\"1\">(Eine Farbwahl ist leider nicht m\u00f6glich, da die Farbe je nach Lagerbestand gew\u00e4hlt wird.)<\/font> <\/div>\n","protected":false},"excerpt":{"rendered":"<p>Hundespielzeug in Hantelform. Ideale Form zum Apportieren! Mit Squeeker! Gr\u00f6\u00dfe: ca. 15 cm (Eine Farbwahl ist leider nicht m\u00f6glich, da die Farbe je nach Lagerbestand gew\u00e4hlt wird.)<\/p>\n","protected":false},"featured_media":17281,"comment_status":"closed","ping_status":"open","template":"","meta":[],"product_cat":[13748],"product_tag":[],"class_list":{"0":"post-51197","1":"product","2":"type-product","3":"status-publish","4":"has-post-thumbnail","6":"product_cat-squeeker","8":"first","9":"instock","10":"taxable","11":"shipping-taxable","12":"purchasable","13":"product-type-simple"},"_links":{"self":[{"href":"https:\/\/all-pets.de\/shop\/wp-json\/wp\/v2\/product\/51197","targetHints":{"allow":["GET"]}}],"collection":[{"href":"https:\/\/all-pets.de\/shop\/wp-json\/wp\/v2\/product"}],"about":[{"href":"https:\/\/all-pets.de\/shop\/wp-json\/wp\/v2\/types\/product"}],"replies":[{"embeddable":true,"href":"https:\/\/all-pets.de\/shop\/wp-json\/wp\/v2\/comments?post=51197"}],"wp:featuredmedia":[{"embeddable":true,"href":"https:\/\/all-pets.de\/shop\/wp-json\/wp\/v2\/media\/17281"}],"wp:attachment":[{"href":"https:\/\/all-pets.de\/shop\/wp-json\/wp\/v2\/media?parent=51197"}],"wp:term":[{"taxonomy":"product_cat","embeddable":true,"href":"https:\/\/all-pets.de\/shop\/wp-json\/wp\/v2\/product_cat?post=51197"},{"taxonomy":"product_tag","embeddable":true,"href":"https:\/\/all-pets.de\/shop\/wp-json\/wp\/v2\/product_tag?post=51197"}],"curies":[{"name":"wp","href":"https:\/\/api.w.org\/{rel}","templated":true}]}}