{"id":51208,"date":"2023-12-12T12:37:56","date_gmt":"2023-12-12T11:37:56","guid":{"rendered":"https:\/\/pet-shopping.de\/shop\/produkt\/karlie-flamingo-holz-laufrad-bogie-wheel-kork-16-cm\/"},"modified":"2023-12-12T12:37:58","modified_gmt":"2023-12-12T11:37:58","slug":"karlie-flamingo-holz-laufrad-bogie-wheel-kork-16-cm","status":"publish","type":"product","link":"https:\/\/all-pets.de\/shop\/produkt\/karlie-flamingo-holz-laufrad-bogie-wheel-kork-16-cm\/","title":{"rendered":"Karlie Flamingo Holz-Laufrad BOGIE WHEEL Kork &#8211; 16 cm"},"content":{"rendered":"<p>Absolut ger\u00e4uscharm. Aus unbehandeltem Naturholz. Sicher durch geschlossene Kork-Lauffl\u00e4che. Kork als Laufuntergrund ist besser f\u00fcr die N\u00e4gel von Kleintieren und minimiert das Verletzungsrisiko. <\/p>\n<p>Zum sicheren Aufstellen im K\u00e4fig oder Freigehege. Das professionelle Fitness-Ger\u00e4t um den nat\u00fcrlichen Lauftrieb optimal zu unterst\u00fctzen.<\/p>\n<p>Durchmesser: ca. 16 cm<\/p>\n","protected":false},"excerpt":{"rendered":"<p>Absolut ger\u00e4uscharm. Aus unbehandeltem Naturholz. Sicher durch geschlossene Kork-Lauffl\u00e4che. Kork als Laufuntergrund ist besser f\u00fcr die N\u00e4gel von Kleintieren und minimiert das Verletzungsrisiko. Zum sicheren Aufstellen im K\u00e4fig oder Freigehege. Das professionelle Fitness-Ger\u00e4t um den nat\u00fcrlichen Lauftrieb optimal zu unterst\u00fctzen. Durchmesser: ca. 16 cm<\/p>\n","protected":false},"featured_media":17300,"comment_status":"closed","ping_status":"open","template":"","meta":[],"product_cat":[15082],"product_tag":[],"class_list":{"0":"post-51208","1":"product","2":"type-product","3":"status-publish","4":"has-post-thumbnail","6":"product_cat-laufraeder-ausstattung-zubehoer-kleintierwelt","8":"first","9":"instock","10":"taxable","11":"shipping-taxable","12":"purchasable","13":"product-type-simple"},"_links":{"self":[{"href":"https:\/\/all-pets.de\/shop\/wp-json\/wp\/v2\/product\/51208","targetHints":{"allow":["GET"]}}],"collection":[{"href":"https:\/\/all-pets.de\/shop\/wp-json\/wp\/v2\/product"}],"about":[{"href":"https:\/\/all-pets.de\/shop\/wp-json\/wp\/v2\/types\/product"}],"replies":[{"embeddable":true,"href":"https:\/\/all-pets.de\/shop\/wp-json\/wp\/v2\/comments?post=51208"}],"wp:featuredmedia":[{"embeddable":true,"href":"https:\/\/all-pets.de\/shop\/wp-json\/wp\/v2\/media\/17300"}],"wp:attachment":[{"href":"https:\/\/all-pets.de\/shop\/wp-json\/wp\/v2\/media?parent=51208"}],"wp:term":[{"taxonomy":"product_cat","embeddable":true,"href":"https:\/\/all-pets.de\/shop\/wp-json\/wp\/v2\/product_cat?post=51208"},{"taxonomy":"product_tag","embeddable":true,"href":"https:\/\/all-pets.de\/shop\/wp-json\/wp\/v2\/product_tag?post=51208"}],"curies":[{"name":"wp","href":"https:\/\/api.w.org\/{rel}","templated":true}]}}