{"id":51219,"date":"2023-12-12T12:37:59","date_gmt":"2023-12-12T11:37:59","guid":{"rendered":"https:\/\/pet-shopping.de\/shop\/produkt\/hunter-halsband-cropue-bone-tuerkis-xs\/"},"modified":"2023-12-12T12:38:01","modified_gmt":"2023-12-12T11:38:01","slug":"hunter-halsband-cropue-bone-tuerkis-xs","status":"publish","type":"product","link":"https:\/\/all-pets.de\/shop\/produkt\/hunter-halsband-cropue-bone-tuerkis-xs\/","title":{"rendered":"Hunter Halsband Cropue Bone T\u00fcrkis &#8211; XS"},"content":{"rendered":"<p>Sehr s\u00fc\u00dfes, t\u00fcrkises Halsband im Kroko-look, mit zwei trendigen Knochen. Material: Echtleder, Farbe: T\u00fcrkis, Metallteile vernickelt<\/p>\n<p>Gr\u00f6\u00dfe XS = L\u00e4nge 28,5 cm bzw. bis zum ersten Loch 25 cm <\/p>\n","protected":false},"excerpt":{"rendered":"<p>Sehr s\u00fc\u00dfes, t\u00fcrkises Halsband im Kroko-look, mit zwei trendigen Knochen. Material: Echtleder, Farbe: T\u00fcrkis, Metallteile vernickelt Gr\u00f6\u00dfe XS = L\u00e4nge 28,5 cm bzw. bis zum ersten Loch 25 cm<\/p>\n","protected":false},"featured_media":17430,"comment_status":"closed","ping_status":"open","template":"","meta":[],"product_cat":[13790],"product_tag":[],"class_list":{"0":"post-51219","1":"product","2":"type-product","3":"status-publish","4":"has-post-thumbnail","6":"product_cat-lederhalsbaender","8":"first","9":"instock","10":"taxable","11":"shipping-taxable","12":"purchasable","13":"product-type-simple"},"_links":{"self":[{"href":"https:\/\/all-pets.de\/shop\/wp-json\/wp\/v2\/product\/51219","targetHints":{"allow":["GET"]}}],"collection":[{"href":"https:\/\/all-pets.de\/shop\/wp-json\/wp\/v2\/product"}],"about":[{"href":"https:\/\/all-pets.de\/shop\/wp-json\/wp\/v2\/types\/product"}],"replies":[{"embeddable":true,"href":"https:\/\/all-pets.de\/shop\/wp-json\/wp\/v2\/comments?post=51219"}],"wp:featuredmedia":[{"embeddable":true,"href":"https:\/\/all-pets.de\/shop\/wp-json\/wp\/v2\/media\/17430"}],"wp:attachment":[{"href":"https:\/\/all-pets.de\/shop\/wp-json\/wp\/v2\/media?parent=51219"}],"wp:term":[{"taxonomy":"product_cat","embeddable":true,"href":"https:\/\/all-pets.de\/shop\/wp-json\/wp\/v2\/product_cat?post=51219"},{"taxonomy":"product_tag","embeddable":true,"href":"https:\/\/all-pets.de\/shop\/wp-json\/wp\/v2\/product_tag?post=51219"}],"curies":[{"name":"wp","href":"https:\/\/api.w.org\/{rel}","templated":true}]}}