{"id":51225,"date":"2023-12-12T12:38:03","date_gmt":"2023-12-12T11:38:03","guid":{"rendered":"https:\/\/pet-shopping.de\/shop\/produkt\/liegekissen-oskar-schwarz-90-x-110-cm\/"},"modified":"2023-12-12T12:38:03","modified_gmt":"2023-12-12T11:38:03","slug":"liegekissen-oskar-schwarz-90-x-110-cm","status":"publish","type":"product","link":"https:\/\/all-pets.de\/shop\/produkt\/liegekissen-oskar-schwarz-90-x-110-cm\/","title":{"rendered":"Liegekissen Oskar Schwarz &#8211; 90 x 110 cm"},"content":{"rendered":"<p>Das Liegekissen Oskar ist ein echtes Allround-Talent. Ob im Garten, in der Wohnung oder Unterwegs, Oskar macht immer eine gute Figur.<\/p>\n<p>Mit seinem schlichten Design in Schwarz macht das Kissen \u00fcberall eine gute Figur. <\/p>\n<p>Die Oberfl\u00e4che ist wasserfest, schmutzabweisend und sehr strapazierf\u00e4hig.Ideal f\u00fcr Indoor und Outdoor.<\/p>\n<p>Durch feuchtes Abwischen oder Absaugten ist eine schnelle und einfache Reinigung m\u00f6glich. <\/p>\n<p>Der hochwertige Schaumstoff sch\u00fctzt vor Bodenk\u00e4lte und sorgt f\u00fcr eine weiche, warme Liegefl\u00e4che. <\/p>\n<p>Waschbar bei 40\u00b0. <\/p>\n<p>Farbe: Schwarz <\/p>\n<p>Gr\u00f6\u00dfe:ca. 90 x 110 cm <\/p>\n<p>Auch in Beige erh\u00e4ltlich (Art.-Nr.: OL-797100)<\/p>\n","protected":false},"excerpt":{"rendered":"<p>Das Liegekissen Oskar ist ein echtes Allround-Talent. Ob im Garten, in der Wohnung oder Unterwegs, Oskar macht immer eine gute Figur. Mit seinem schlichten Design in Schwarz macht das Kissen \u00fcberall eine gute Figur. Die Oberfl\u00e4che ist wasserfest, schmutzabweisend und sehr strapazierf\u00e4hig.Ideal f\u00fcr Indoor und Outdoor. Durch feuchtes Abwischen oder Absaugten ist eine schnelle und [&hellip;]<\/p>\n","protected":false},"featured_media":17466,"comment_status":"closed","ping_status":"open","template":"","meta":[],"product_cat":[15499],"product_tag":[],"class_list":{"0":"post-51225","1":"product","2":"type-product","3":"status-publish","4":"has-post-thumbnail","6":"product_cat-hundebetten-hundekissen-betten-koerbe-betten-koerbehundewelt","8":"first","9":"instock","10":"taxable","11":"shipping-taxable","12":"purchasable","13":"product-type-simple"},"_links":{"self":[{"href":"https:\/\/all-pets.de\/shop\/wp-json\/wp\/v2\/product\/51225","targetHints":{"allow":["GET"]}}],"collection":[{"href":"https:\/\/all-pets.de\/shop\/wp-json\/wp\/v2\/product"}],"about":[{"href":"https:\/\/all-pets.de\/shop\/wp-json\/wp\/v2\/types\/product"}],"replies":[{"embeddable":true,"href":"https:\/\/all-pets.de\/shop\/wp-json\/wp\/v2\/comments?post=51225"}],"wp:featuredmedia":[{"embeddable":true,"href":"https:\/\/all-pets.de\/shop\/wp-json\/wp\/v2\/media\/17466"}],"wp:attachment":[{"href":"https:\/\/all-pets.de\/shop\/wp-json\/wp\/v2\/media?parent=51225"}],"wp:term":[{"taxonomy":"product_cat","embeddable":true,"href":"https:\/\/all-pets.de\/shop\/wp-json\/wp\/v2\/product_cat?post=51225"},{"taxonomy":"product_tag","embeddable":true,"href":"https:\/\/all-pets.de\/shop\/wp-json\/wp\/v2\/product_tag?post=51225"}],"curies":[{"name":"wp","href":"https:\/\/api.w.org\/{rel}","templated":true}]}}