{"id":51232,"date":"2023-12-12T12:38:03","date_gmt":"2023-12-12T11:38:03","guid":{"rendered":"https:\/\/pet-shopping.de\/shop\/produkt\/lebon-hundebett-noah-plus-grau-120-x-90-cm\/"},"modified":"2023-12-12T12:38:04","modified_gmt":"2023-12-12T11:38:04","slug":"lebon-hundebett-noah-plus-grau-120-x-90-cm","status":"publish","type":"product","link":"https:\/\/all-pets.de\/shop\/produkt\/lebon-hundebett-noah-plus-grau-120-x-90-cm\/","title":{"rendered":"Lebon Hundebett Noah PLUS &#8211; Grau &#8211; 120 x 90 cm"},"content":{"rendered":"<p><\/p>\n<ul>\n<li>Liegefl\u00e4che aus Visco-elastischer Auflage &#038; st\u00fctzendem Komfortschaum<\/li>\n<li>Entlastet Gelenke, Wirbels\u00e4ule, Muskeln, B\u00e4nder und Sehnen<\/li>\n<li>Optimale und punktgenaue Druckentlastung empfindlicher Stellen<\/li>\n<li>Sehr gut geeignet zur Vorbeugung und Schmerzlinderung<\/li>\n<li>Passt sich der K\u00f6rperform und Liegeposition Ihres Hundes an<\/li>\n<li>Durch die K\u00f6rperw\u00e4rme des Hundes entsteht der \u201eMEMORY EFFEKT\u201c<\/li>\n<li>Optimaler Schlaf und Entspannung f\u00fcr alle Hunde<\/li>\n<li>Der hohe Rand sorgt f\u00fcr Geborgenheit und Sicherheit<\/li>\n<\/ul>\n<p>Hochwertiger Bezug waschbar bis 90 GRAD:<\/p>\n<ul>\n<li>Abt\u00f6tung von Milben, Bakterien, Viren, Pilzen und Parasiten<\/li>\n<li>Beseitigung von K\u00f6rperfett und Talg (Entfernt Ger\u00fcche vom Bett)<\/li>\n<\/ul>\n<p>Farbe: Grau<\/p>\n<p>Ma\u00dfe:<\/p>\n<p>Au\u00dfenma\u00dfe (BxTxH): ca. <span class=\"markedContent\" id=\"page2558R_mcid93\"><span style=\"left: calc(var(--scale-factor)*326.23px)  top: calc(var(--scale-factor)*362.11px)  font-size: calc(var(--scale-factor)*8.04px)  font-family: sans-serif  transform: scaleX(1.02574) \" role=\"presentation\" dir=\"ltr\">120 x 90 <\/span><span style=\"left: calc(var(--scale-factor)*352.15px)  top: calc(var(--scale-factor)*362.11px)  font-size: calc(var(--scale-factor)*8.04px)  font-family: sans-serif  transform: scaleX(1.005) \" role=\"presentation\" dir=\"ltr\">x 25<\/span><span style=\"left: calc(var(--scale-factor)*364.81px)  top: calc(var(--scale-factor)*362.11px)  font-size: calc(var(--scale-factor)*8.04px)  font-family: sans-serif \" role=\"presentation\" dir=\"ltr\"> <\/span><span style=\"left: calc(var(--scale-factor)*367.27px)  top: calc(var(--scale-factor)*362.11px)  font-size: calc(var(--scale-factor)*8.04px)  font-family: sans-serif  transform: scaleX(0.969781) \" role=\"presentation\" dir=\"ltr\">cm<\/span><\/span><\/p>\n<p>Innenma\u00dfe (BxT): ca. <span class=\"markedContent\" id=\"page2558R_mcid56\"><span style=\"left: calc(var(--scale-factor)*367.27px)  top: calc(var(--scale-factor)*295.75px)  font-size: calc(var(--scale-factor)*8.04px)  font-family: sans-serif  transform: scaleX(0.969781) \" role=\"presentation\" dir=\"ltr\"><\/span><span style=\"left: calc(var(--scale-factor)*377.74px)  top: calc(var(--scale-factor)*295.75px)  font-size: calc(var(--scale-factor)*8.04px)  font-family: sans-serif \" role=\"presentation\" dir=\"ltr\"> <\/span><\/span><span class=\"markedContent\" id=\"page2558R_mcid93\"><span style=\"left: calc(var(--scale-factor)*367.27px)  top: calc(var(--scale-factor)*362.11px)  font-size: calc(var(--scale-factor)*8.04px)  font-family: sans-serif  transform: scaleX(0.969781) \" role=\"presentation\" dir=\"ltr\"><\/span><span style=\"left: calc(var(--scale-factor)*377.74px)  top: calc(var(--scale-factor)*362.11px)  font-size: calc(var(--scale-factor)*8.04px)  font-family: sans-serif \" role=\"presentation\" dir=\"ltr\"> <\/span><span style=\"left: calc(var(--scale-factor)*380.23px)  top: calc(var(--scale-factor)*362.11px)  font-size: calc(var(--scale-factor)*8.04px)  font-family: sans-serif  transform: scaleX(1.02438) \" role=\"presentation\" dir=\"ltr\">90 x 55 cm<\/span><\/span><\/p>\n<p><\/p>\n<p><\/p><\/p>\n","protected":false},"excerpt":{"rendered":"<p>Liegefl\u00e4che aus Visco-elastischer Auflage &#038; st\u00fctzendem Komfortschaum Entlastet Gelenke, Wirbels\u00e4ule, Muskeln, B\u00e4nder und Sehnen Optimale und punktgenaue Druckentlastung empfindlicher Stellen Sehr gut geeignet zur Vorbeugung und Schmerzlinderung Passt sich der K\u00f6rperform und Liegeposition Ihres Hundes an Durch die K\u00f6rperw\u00e4rme des Hundes entsteht der \u201eMEMORY EFFEKT\u201c Optimaler Schlaf und Entspannung f\u00fcr alle Hunde Der hohe Rand [&hellip;]<\/p>\n","protected":false},"featured_media":51231,"comment_status":"closed","ping_status":"open","template":"","meta":[],"product_cat":[15113],"product_tag":[],"class_list":{"0":"post-51232","1":"product","2":"type-product","3":"status-publish","4":"has-post-thumbnail","6":"product_cat-hundebetten-hundekissen-betten-koerbe","8":"first","9":"instock","10":"taxable","11":"shipping-taxable","12":"purchasable","13":"product-type-simple"},"_links":{"self":[{"href":"https:\/\/all-pets.de\/shop\/wp-json\/wp\/v2\/product\/51232","targetHints":{"allow":["GET"]}}],"collection":[{"href":"https:\/\/all-pets.de\/shop\/wp-json\/wp\/v2\/product"}],"about":[{"href":"https:\/\/all-pets.de\/shop\/wp-json\/wp\/v2\/types\/product"}],"replies":[{"embeddable":true,"href":"https:\/\/all-pets.de\/shop\/wp-json\/wp\/v2\/comments?post=51232"}],"wp:featuredmedia":[{"embeddable":true,"href":"https:\/\/all-pets.de\/shop\/wp-json\/wp\/v2\/media\/51231"}],"wp:attachment":[{"href":"https:\/\/all-pets.de\/shop\/wp-json\/wp\/v2\/media?parent=51232"}],"wp:term":[{"taxonomy":"product_cat","embeddable":true,"href":"https:\/\/all-pets.de\/shop\/wp-json\/wp\/v2\/product_cat?post=51232"},{"taxonomy":"product_tag","embeddable":true,"href":"https:\/\/all-pets.de\/shop\/wp-json\/wp\/v2\/product_tag?post=51232"}],"curies":[{"name":"wp","href":"https:\/\/api.w.org\/{rel}","templated":true}]}}