{"id":51236,"date":"2023-12-12T12:38:05","date_gmt":"2023-12-12T11:38:05","guid":{"rendered":"https:\/\/pet-shopping.de\/shop\/produkt\/karlie-flamingo-puppy-pads-trainingsmatten-35-x-45-cm-10-stk\/"},"modified":"2023-12-12T12:38:05","modified_gmt":"2023-12-12T11:38:05","slug":"karlie-flamingo-puppy-pads-trainingsmatten-35-x-45-cm-10-stk","status":"publish","type":"product","link":"https:\/\/all-pets.de\/shop\/produkt\/karlie-flamingo-puppy-pads-trainingsmatten-35-x-45-cm-10-stk\/","title":{"rendered":"Karlie Flamingo Puppy Pads Trainingsmatten &#8211; 35 x 45 cm \/ 10 Stk"},"content":{"rendered":"<p>Die Puppy Pads sind extrem saugf\u00e4hige Trainingsunterlagen, die Feuchtigkeit absorbieren und die Umgebung sauber und trocken halten.<\/p>\n<p>Der ideale Begleiter f\u00fcr Training und Erziehung von Welpen, als Unterlage wenn Ihr Hund Welpen bekommt oder auch bei \u00e4lteren und\/oder kranken Hunden. Auch als Einlagen f\u00fcr Transportboxen und nat\u00fcrlich f\u00fcr das Puppy Potty Welpen-WC bestens geeignet. <\/p>\n<p>Die Puppy Pads sind in diversen Gr\u00f6\u00dfen erh\u00e4ltlich.<\/p>\n<p>Gr\u00f6\u00dfe: ca. 35 x 45 cm <br \/> Inhalt: 10 St\u00fcck<\/p>\n","protected":false},"excerpt":{"rendered":"<p>Die Puppy Pads sind extrem saugf\u00e4hige Trainingsunterlagen, die Feuchtigkeit absorbieren und die Umgebung sauber und trocken halten. Der ideale Begleiter f\u00fcr Training und Erziehung von Welpen, als Unterlage wenn Ihr Hund Welpen bekommt oder auch bei \u00e4lteren und\/oder kranken Hunden. Auch als Einlagen f\u00fcr Transportboxen und nat\u00fcrlich f\u00fcr das Puppy Potty Welpen-WC bestens geeignet. Die [&hellip;]<\/p>\n","protected":false},"featured_media":17546,"comment_status":"closed","ping_status":"open","template":"","meta":[],"product_cat":[14119],"product_tag":[],"class_list":{"0":"post-51236","1":"product","2":"type-product","3":"status-publish","4":"has-post-thumbnail","6":"product_cat-hundetoiletten-hygiene-pflege-gesundheit-welpen-erziehunghundewelt-erziehung-welpen-aufzuchthundewelt-pflege-gesundheit-hundewelt","8":"first","9":"instock","10":"taxable","11":"shipping-taxable","12":"purchasable","13":"product-type-simple"},"_links":{"self":[{"href":"https:\/\/all-pets.de\/shop\/wp-json\/wp\/v2\/product\/51236","targetHints":{"allow":["GET"]}}],"collection":[{"href":"https:\/\/all-pets.de\/shop\/wp-json\/wp\/v2\/product"}],"about":[{"href":"https:\/\/all-pets.de\/shop\/wp-json\/wp\/v2\/types\/product"}],"replies":[{"embeddable":true,"href":"https:\/\/all-pets.de\/shop\/wp-json\/wp\/v2\/comments?post=51236"}],"wp:featuredmedia":[{"embeddable":true,"href":"https:\/\/all-pets.de\/shop\/wp-json\/wp\/v2\/media\/17546"}],"wp:attachment":[{"href":"https:\/\/all-pets.de\/shop\/wp-json\/wp\/v2\/media?parent=51236"}],"wp:term":[{"taxonomy":"product_cat","embeddable":true,"href":"https:\/\/all-pets.de\/shop\/wp-json\/wp\/v2\/product_cat?post=51236"},{"taxonomy":"product_tag","embeddable":true,"href":"https:\/\/all-pets.de\/shop\/wp-json\/wp\/v2\/product_tag?post=51236"}],"curies":[{"name":"wp","href":"https:\/\/api.w.org\/{rel}","templated":true}]}}