{"id":51240,"date":"2023-12-12T12:38:05","date_gmt":"2023-12-12T11:38:05","guid":{"rendered":"https:\/\/pet-shopping.de\/shop\/produkt\/karlie-art-sportiv-silverplus-geschirr-rot-25-mm-87-128-cm\/"},"modified":"2023-12-12T12:38:06","modified_gmt":"2023-12-12T11:38:06","slug":"karlie-art-sportiv-silverplus-geschirr-rot-25-mm-87-128-cm","status":"publish","type":"product","link":"https:\/\/all-pets.de\/shop\/produkt\/karlie-art-sportiv-silverplus-geschirr-rot-25-mm-87-128-cm\/","title":{"rendered":"Karlie Art Sportiv Silverplus Geschirr &#8211; Rot &#8211; 25 mm \/ 87-128 cm"},"content":{"rendered":"<p>Ein Geschirr mit hygienischem Frischeeffekt!<\/p>\n<p>Durch die Silverplus Protection kann der typische bakterienverursachte Fellgeruch im Nylonmaterial reduziert werden. Dieses strapazierf\u00e4hige Art Sportiv Geschirr ist aus stabilem Nylonmaterial und mit verchromten Beschl\u00e4gen versehen. Das Geschirr ist stufenlos verstellbar und mit Safety-Click Verschl\u00fcssen ausgestattet. Durch die Verstellm\u00f6glichkeiten kann das Geschirr dem Hund optimal angepasst werden. Hierzu gibt es passende Art Sportiv Silverplus Leinen und F\u00fchrleinen.<\/p>\n<p>Mit Sicherheitsverriegelung an den Klickverschl\u00fcssen.<\/p>\n<p>Breite\/Brustumfang: 25 mm \/ ca. 87 &#8211; 128 cm<br \/> Farbe: Rot<\/p>\n","protected":false},"excerpt":{"rendered":"<p>Ein Geschirr mit hygienischem Frischeeffekt! Durch die Silverplus Protection kann der typische bakterienverursachte Fellgeruch im Nylonmaterial reduziert werden. Dieses strapazierf\u00e4hige Art Sportiv Geschirr ist aus stabilem Nylonmaterial und mit verchromten Beschl\u00e4gen versehen. Das Geschirr ist stufenlos verstellbar und mit Safety-Click Verschl\u00fcssen ausgestattet. Durch die Verstellm\u00f6glichkeiten kann das Geschirr dem Hund optimal angepasst werden. Hierzu gibt [&hellip;]<\/p>\n","protected":false},"featured_media":17628,"comment_status":"closed","ping_status":"open","template":"","meta":[],"product_cat":[13812],"product_tag":[],"class_list":{"0":"post-51240","1":"product","2":"type-product","3":"status-publish","4":"has-post-thumbnail","6":"product_cat-hundegeschirre","8":"first","9":"instock","10":"taxable","11":"shipping-taxable","12":"purchasable","13":"product-type-simple"},"_links":{"self":[{"href":"https:\/\/all-pets.de\/shop\/wp-json\/wp\/v2\/product\/51240","targetHints":{"allow":["GET"]}}],"collection":[{"href":"https:\/\/all-pets.de\/shop\/wp-json\/wp\/v2\/product"}],"about":[{"href":"https:\/\/all-pets.de\/shop\/wp-json\/wp\/v2\/types\/product"}],"replies":[{"embeddable":true,"href":"https:\/\/all-pets.de\/shop\/wp-json\/wp\/v2\/comments?post=51240"}],"wp:featuredmedia":[{"embeddable":true,"href":"https:\/\/all-pets.de\/shop\/wp-json\/wp\/v2\/media\/17628"}],"wp:attachment":[{"href":"https:\/\/all-pets.de\/shop\/wp-json\/wp\/v2\/media?parent=51240"}],"wp:term":[{"taxonomy":"product_cat","embeddable":true,"href":"https:\/\/all-pets.de\/shop\/wp-json\/wp\/v2\/product_cat?post=51240"},{"taxonomy":"product_tag","embeddable":true,"href":"https:\/\/all-pets.de\/shop\/wp-json\/wp\/v2\/product_tag?post=51240"}],"curies":[{"name":"wp","href":"https:\/\/api.w.org\/{rel}","templated":true}]}}