{"id":51249,"date":"2023-12-12T12:38:07","date_gmt":"2023-12-12T11:38:07","guid":{"rendered":"https:\/\/pet-shopping.de\/shop\/produkt\/karlie-holzheuraufe-bollerwagen-20x12x14-cm\/"},"modified":"2023-12-12T12:38:07","modified_gmt":"2023-12-12T11:38:07","slug":"karlie-holzheuraufe-bollerwagen-20x12x14-cm","status":"publish","type":"product","link":"https:\/\/all-pets.de\/shop\/produkt\/karlie-holzheuraufe-bollerwagen-20x12x14-cm\/","title":{"rendered":"Karlie Holzheuraufe Bollerwagen &#8211; 20x12x14 cm"},"content":{"rendered":"<p>Die niedliche Heuraufe Bollerwagen besteht aus Echtholz und eignet sich ideal zum Bef\u00fcllen mit Heu und Gr\u00fcnfutter. <\/p>\n<p> Die Raufe l\u00e4sst sich einfach montieren und wird selbstverst\u00e4ndlich inklusive Aufbauanleitung geliefert. Die Bollerwagen-Raufe ist in drei verschiedenen Gr\u00f6\u00dfen erh\u00e4ltlich, damit ist f\u00fcr jedes Tier die passende Gr\u00f6\u00dfe dabei.\u00a0 <\/p>\n<p>Diese Variante eignet sich z.B. f\u00fcr Hamster.  <\/p>\n<p>Ma\u00dfe: ca. 20 x 12 x 14 cm<\/p>\n<p>Ohne Inhalt.<\/p>\n","protected":false},"excerpt":{"rendered":"<p>Die niedliche Heuraufe Bollerwagen besteht aus Echtholz und eignet sich ideal zum Bef\u00fcllen mit Heu und Gr\u00fcnfutter. Die Raufe l\u00e4sst sich einfach montieren und wird selbstverst\u00e4ndlich inklusive Aufbauanleitung geliefert. Die Bollerwagen-Raufe ist in drei verschiedenen Gr\u00f6\u00dfen erh\u00e4ltlich, damit ist f\u00fcr jedes Tier die passende Gr\u00f6\u00dfe dabei.\u00a0 Diese Variante eignet sich z.B. f\u00fcr Hamster. Ma\u00dfe: ca. [&hellip;]<\/p>\n","protected":false},"featured_media":8837,"comment_status":"closed","ping_status":"open","template":"","meta":[],"product_cat":[13722],"product_tag":[],"class_list":{"0":"post-51249","1":"product","2":"type-product","3":"status-publish","4":"has-post-thumbnail","6":"product_cat-heuraufen","8":"first","9":"instock","10":"taxable","11":"shipping-taxable","12":"purchasable","13":"product-type-simple"},"_links":{"self":[{"href":"https:\/\/all-pets.de\/shop\/wp-json\/wp\/v2\/product\/51249","targetHints":{"allow":["GET"]}}],"collection":[{"href":"https:\/\/all-pets.de\/shop\/wp-json\/wp\/v2\/product"}],"about":[{"href":"https:\/\/all-pets.de\/shop\/wp-json\/wp\/v2\/types\/product"}],"replies":[{"embeddable":true,"href":"https:\/\/all-pets.de\/shop\/wp-json\/wp\/v2\/comments?post=51249"}],"wp:featuredmedia":[{"embeddable":true,"href":"https:\/\/all-pets.de\/shop\/wp-json\/wp\/v2\/media\/8837"}],"wp:attachment":[{"href":"https:\/\/all-pets.de\/shop\/wp-json\/wp\/v2\/media?parent=51249"}],"wp:term":[{"taxonomy":"product_cat","embeddable":true,"href":"https:\/\/all-pets.de\/shop\/wp-json\/wp\/v2\/product_cat?post=51249"},{"taxonomy":"product_tag","embeddable":true,"href":"https:\/\/all-pets.de\/shop\/wp-json\/wp\/v2\/product_tag?post=51249"}],"curies":[{"name":"wp","href":"https:\/\/api.w.org\/{rel}","templated":true}]}}