{"id":51250,"date":"2023-12-12T12:38:07","date_gmt":"2023-12-12T11:38:07","guid":{"rendered":"https:\/\/pet-shopping.de\/shop\/produkt\/karlie-art-sportiv-silverplus-leine-grau-10-mm-100-cm\/"},"modified":"2023-12-12T12:38:07","modified_gmt":"2023-12-12T11:38:07","slug":"karlie-art-sportiv-silverplus-leine-grau-10-mm-100-cm","status":"publish","type":"product","link":"https:\/\/all-pets.de\/shop\/produkt\/karlie-art-sportiv-silverplus-leine-grau-10-mm-100-cm\/","title":{"rendered":"Karlie Art Sportiv Silverplus Leine &#8211; Grau &#8211; 10 mm \/ 100 cm"},"content":{"rendered":"<p>Eine Leine mit hygienischem Frischeeffekt!<\/p>\n<p>Durch die Silverplus Protection kann der typische bakterienverursachte Fellgeruch im Nylonmaterial reduziert werden. Diese strapazierf\u00e4hige Art Sportiv Leine ist aus stabilem Nylonmaterial und mit verchromten Beschl\u00e4gen versehen. Hierzu gibt es passende Art Sportiv Silverplus Halsb\u00e4nder und Geschirre.<\/p>\n<p>Breite\/L\u00e4nge: 10 mm \/ 100 cm<br \/> Farbe: Grau<\/p>\n","protected":false},"excerpt":{"rendered":"<p>Eine Leine mit hygienischem Frischeeffekt! Durch die Silverplus Protection kann der typische bakterienverursachte Fellgeruch im Nylonmaterial reduziert werden. Diese strapazierf\u00e4hige Art Sportiv Leine ist aus stabilem Nylonmaterial und mit verchromten Beschl\u00e4gen versehen. Hierzu gibt es passende Art Sportiv Silverplus Halsb\u00e4nder und Geschirre. Breite\/L\u00e4nge: 10 mm \/ 100 cm Farbe: Grau<\/p>\n","protected":false},"featured_media":17682,"comment_status":"closed","ping_status":"open","template":"","meta":[],"product_cat":[14701],"product_tag":[],"class_list":{"0":"post-51250","1":"product","2":"type-product","3":"status-publish","4":"has-post-thumbnail","6":"product_cat-nylonleinen-leinen","8":"first","9":"instock","10":"taxable","11":"shipping-taxable","12":"purchasable","13":"product-type-simple"},"_links":{"self":[{"href":"https:\/\/all-pets.de\/shop\/wp-json\/wp\/v2\/product\/51250","targetHints":{"allow":["GET"]}}],"collection":[{"href":"https:\/\/all-pets.de\/shop\/wp-json\/wp\/v2\/product"}],"about":[{"href":"https:\/\/all-pets.de\/shop\/wp-json\/wp\/v2\/types\/product"}],"replies":[{"embeddable":true,"href":"https:\/\/all-pets.de\/shop\/wp-json\/wp\/v2\/comments?post=51250"}],"wp:featuredmedia":[{"embeddable":true,"href":"https:\/\/all-pets.de\/shop\/wp-json\/wp\/v2\/media\/17682"}],"wp:attachment":[{"href":"https:\/\/all-pets.de\/shop\/wp-json\/wp\/v2\/media?parent=51250"}],"wp:term":[{"taxonomy":"product_cat","embeddable":true,"href":"https:\/\/all-pets.de\/shop\/wp-json\/wp\/v2\/product_cat?post=51250"},{"taxonomy":"product_tag","embeddable":true,"href":"https:\/\/all-pets.de\/shop\/wp-json\/wp\/v2\/product_tag?post=51250"}],"curies":[{"name":"wp","href":"https:\/\/api.w.org\/{rel}","templated":true}]}}