{"id":51253,"date":"2023-12-12T12:38:08","date_gmt":"2023-12-12T11:38:08","guid":{"rendered":"https:\/\/pet-shopping.de\/shop\/produkt\/karlie-doggy-socks-hundesocken-4er-set-schwarz-grau-l\/"},"modified":"2023-12-12T12:38:09","modified_gmt":"2023-12-12T11:38:09","slug":"karlie-doggy-socks-hundesocken-4er-set-schwarz-grau-l","status":"publish","type":"product","link":"https:\/\/all-pets.de\/shop\/produkt\/karlie-doggy-socks-hundesocken-4er-set-schwarz-grau-l\/","title":{"rendered":"Karlie Doggy Socks Hundesocken 4er Set &#8211; Schwarz\/Grau &#8211; L"},"content":{"rendered":"<p>Die Doggy Socks haben eine Anti-Slip Sohle und geben Ihrem Hund einen sicheren Halt auch bei glatten Untergr\u00fcnden wie Fliesen, Parkett, Laminat. Sie eignen sich auch ideal als Pfotenschutz. Erh\u00e4ltlich in zwei verschiedenen Designs. Handw\u00e4sche.<\/p>\n<p>Gr\u00f6\u00dfe L eignet sich z.B. f\u00fcr Schnauzer, Terrier, Spaniel <\/p>\n<p>Ma\u00dfe der Auftrittsfl\u00e4che: ca. 59 x 50 mm (LxB)<\/p>\n<p>Bei den Rassebeispielen handelt es sich nur um eine ungef\u00e4hre Orientierungshilfe. Da die Pfotengr\u00f6\u00dfe auch innerhalb einer Rasse nat\u00fcrlich nicht immer genau gleich ist, messen Sie bitte m\u00f6glichst die Pfote Ihres Hundes vor der Bestellung aus.<\/p>\n<p>Farbe: Schwarz\/Grau<br \/> Inhalt: 4 Socken<\/p>\n","protected":false},"excerpt":{"rendered":"<p>Die Doggy Socks haben eine Anti-Slip Sohle und geben Ihrem Hund einen sicheren Halt auch bei glatten Untergr\u00fcnden wie Fliesen, Parkett, Laminat. Sie eignen sich auch ideal als Pfotenschutz. Erh\u00e4ltlich in zwei verschiedenen Designs. Handw\u00e4sche. Gr\u00f6\u00dfe L eignet sich z.B. f\u00fcr Schnauzer, Terrier, Spaniel Ma\u00dfe der Auftrittsfl\u00e4che: ca. 59 x 50 mm (LxB) Bei den [&hellip;]<\/p>\n","protected":false},"featured_media":17770,"comment_status":"closed","ping_status":"open","template":"","meta":[],"product_cat":[15478],"product_tag":[],"class_list":{"0":"post-51253","1":"product","2":"type-product","3":"status-publish","4":"has-post-thumbnail","6":"product_cat-funktions-kleidung-hundebekleidung-funktions-kleidunghundewelt-unterwegs-hundepfoten-krallenpflegehundewelt-pflege-gesundheit-hundewelt","8":"first","9":"instock","10":"taxable","11":"shipping-taxable","12":"purchasable","13":"product-type-simple"},"_links":{"self":[{"href":"https:\/\/all-pets.de\/shop\/wp-json\/wp\/v2\/product\/51253","targetHints":{"allow":["GET"]}}],"collection":[{"href":"https:\/\/all-pets.de\/shop\/wp-json\/wp\/v2\/product"}],"about":[{"href":"https:\/\/all-pets.de\/shop\/wp-json\/wp\/v2\/types\/product"}],"replies":[{"embeddable":true,"href":"https:\/\/all-pets.de\/shop\/wp-json\/wp\/v2\/comments?post=51253"}],"wp:featuredmedia":[{"embeddable":true,"href":"https:\/\/all-pets.de\/shop\/wp-json\/wp\/v2\/media\/17770"}],"wp:attachment":[{"href":"https:\/\/all-pets.de\/shop\/wp-json\/wp\/v2\/media?parent=51253"}],"wp:term":[{"taxonomy":"product_cat","embeddable":true,"href":"https:\/\/all-pets.de\/shop\/wp-json\/wp\/v2\/product_cat?post=51253"},{"taxonomy":"product_tag","embeddable":true,"href":"https:\/\/all-pets.de\/shop\/wp-json\/wp\/v2\/product_tag?post=51253"}],"curies":[{"name":"wp","href":"https:\/\/api.w.org\/{rel}","templated":true}]}}