{"id":51271,"date":"2023-12-12T12:38:13","date_gmt":"2023-12-12T11:38:13","guid":{"rendered":"https:\/\/pet-shopping.de\/shop\/produkt\/karlie-buffalo-ultra-leine-braun-hellbraun-15-mm-100-cm\/"},"modified":"2023-12-12T12:38:14","modified_gmt":"2023-12-12T11:38:14","slug":"karlie-buffalo-ultra-leine-braun-hellbraun-15-mm-100-cm","status":"publish","type":"product","link":"https:\/\/all-pets.de\/shop\/produkt\/karlie-buffalo-ultra-leine-braun-hellbraun-15-mm-100-cm\/","title":{"rendered":"Karlie Buffalo Ultra Leine &#8211; Braun\/Hellbraun &#8211; 15 mm \/ 100 cm"},"content":{"rendered":"<p>Buffalo Ultra &#8211; eine elegante, gen\u00e4hte Leine mit einem neuartigem Aluminium-Karabinerhaken. <\/p>\n<p>Aufgrund einer speziellen Scotchgard Behandlung ist das verwendete B\u00fcffelleder unempfindlich und Wasser abweisend. Eine zus\u00e4tzliche Nyloneinlage sorgt f\u00fcr Stabilit\u00e4t und Rei\u00dffestigkeit. Die Leine ist mit weichem Futterleder unterlegt und angenehm zu halten. Made in Germany.<\/p>\n<p>Sehen Sie sich als Erg\u00e4nzung zu diesem Artikel das passende Halsband an! Die Buffalo Ultra Halsb\u00e4nder sind stufenlos verstellbar und mit einem Alu-Schnellverschluss ausgestattet, was sie zu einer wirklichen Innovation macht!<\/p>\n<p>Farbe: Braun\/Hellbraun<br \/> L\u00e4nge: 100 cm<br \/> Breite: 15 mm<\/p>\n","protected":false},"excerpt":{"rendered":"<p>Buffalo Ultra &#8211; eine elegante, gen\u00e4hte Leine mit einem neuartigem Aluminium-Karabinerhaken. Aufgrund einer speziellen Scotchgard Behandlung ist das verwendete B\u00fcffelleder unempfindlich und Wasser abweisend. Eine zus\u00e4tzliche Nyloneinlage sorgt f\u00fcr Stabilit\u00e4t und Rei\u00dffestigkeit. Die Leine ist mit weichem Futterleder unterlegt und angenehm zu halten. Made in Germany. Sehen Sie sich als Erg\u00e4nzung zu diesem Artikel das [&hellip;]<\/p>\n","protected":false},"featured_media":17904,"comment_status":"closed","ping_status":"open","template":"","meta":[],"product_cat":[13749],"product_tag":[],"class_list":{"0":"post-51271","1":"product","2":"type-product","3":"status-publish","4":"has-post-thumbnail","6":"product_cat-lederleinen","8":"first","9":"instock","10":"taxable","11":"shipping-taxable","12":"purchasable","13":"product-type-simple"},"_links":{"self":[{"href":"https:\/\/all-pets.de\/shop\/wp-json\/wp\/v2\/product\/51271","targetHints":{"allow":["GET"]}}],"collection":[{"href":"https:\/\/all-pets.de\/shop\/wp-json\/wp\/v2\/product"}],"about":[{"href":"https:\/\/all-pets.de\/shop\/wp-json\/wp\/v2\/types\/product"}],"replies":[{"embeddable":true,"href":"https:\/\/all-pets.de\/shop\/wp-json\/wp\/v2\/comments?post=51271"}],"wp:featuredmedia":[{"embeddable":true,"href":"https:\/\/all-pets.de\/shop\/wp-json\/wp\/v2\/media\/17904"}],"wp:attachment":[{"href":"https:\/\/all-pets.de\/shop\/wp-json\/wp\/v2\/media?parent=51271"}],"wp:term":[{"taxonomy":"product_cat","embeddable":true,"href":"https:\/\/all-pets.de\/shop\/wp-json\/wp\/v2\/product_cat?post=51271"},{"taxonomy":"product_tag","embeddable":true,"href":"https:\/\/all-pets.de\/shop\/wp-json\/wp\/v2\/product_tag?post=51271"}],"curies":[{"name":"wp","href":"https:\/\/api.w.org\/{rel}","templated":true}]}}