{"id":51275,"date":"2023-12-12T12:38:15","date_gmt":"2023-12-12T11:38:15","guid":{"rendered":"https:\/\/pet-shopping.de\/shop\/produkt\/trixie-hundedecke-cosy-beige-150-x-100-cm\/"},"modified":"2023-12-12T12:38:15","modified_gmt":"2023-12-12T11:38:15","slug":"trixie-hundedecke-cosy-beige-150-x-100-cm","status":"publish","type":"product","link":"https:\/\/all-pets.de\/shop\/produkt\/trixie-hundedecke-cosy-beige-150-x-100-cm\/","title":{"rendered":"Trixie Hundedecke Cosy &#8211; beige &#8211; 150 x 100 cm"},"content":{"rendered":"<ul>\n<li> Struktur-Softpl\u00fcsch (Polyester) <\/li>\n<li> besonders weich und kuschelig <\/li>\n<li> sch\u00fctzt Polster vor Schmutz und Tierhaaren <\/li>\n<li> f\u00fcr Allergiker geeignet,\u00a0hohe Waschtemperatur von 60 \u00b0C t\u00f6tet\u00a0Hausstaubmilben und\u00a0sorgt\u00a0f\u00fcr\u00a0eine\u00a0bessere\u00a0Entfernung\u00a0von\u00a0Hautschuppen\u00a0und\u00a0Pollen<\/li>\n<li>Farbe: beige<\/li>\n<li>Gr\u00f6\u00dfe: ca. 150 x 100 cm<\/li>\n<\/ul>\n","protected":false},"excerpt":{"rendered":"<p>Struktur-Softpl\u00fcsch (Polyester) besonders weich und kuschelig sch\u00fctzt Polster vor Schmutz und Tierhaaren f\u00fcr Allergiker geeignet,\u00a0hohe Waschtemperatur von 60 \u00b0C t\u00f6tet\u00a0Hausstaubmilben und\u00a0sorgt\u00a0f\u00fcr\u00a0eine\u00a0bessere\u00a0Entfernung\u00a0von\u00a0Hautschuppen\u00a0und\u00a0Pollen Farbe: beige Gr\u00f6\u00dfe: ca. 150 x 100 cm<\/p>\n","protected":false},"featured_media":17996,"comment_status":"closed","ping_status":"open","template":"","meta":[],"product_cat":[14034],"product_tag":[],"class_list":{"0":"post-51275","1":"product","2":"type-product","3":"status-publish","4":"has-post-thumbnail","6":"product_cat-liegedecken-betten-koerbe","8":"first","9":"instock","10":"taxable","11":"shipping-taxable","12":"purchasable","13":"product-type-simple"},"_links":{"self":[{"href":"https:\/\/all-pets.de\/shop\/wp-json\/wp\/v2\/product\/51275","targetHints":{"allow":["GET"]}}],"collection":[{"href":"https:\/\/all-pets.de\/shop\/wp-json\/wp\/v2\/product"}],"about":[{"href":"https:\/\/all-pets.de\/shop\/wp-json\/wp\/v2\/types\/product"}],"replies":[{"embeddable":true,"href":"https:\/\/all-pets.de\/shop\/wp-json\/wp\/v2\/comments?post=51275"}],"wp:featuredmedia":[{"embeddable":true,"href":"https:\/\/all-pets.de\/shop\/wp-json\/wp\/v2\/media\/17996"}],"wp:attachment":[{"href":"https:\/\/all-pets.de\/shop\/wp-json\/wp\/v2\/media?parent=51275"}],"wp:term":[{"taxonomy":"product_cat","embeddable":true,"href":"https:\/\/all-pets.de\/shop\/wp-json\/wp\/v2\/product_cat?post=51275"},{"taxonomy":"product_tag","embeddable":true,"href":"https:\/\/all-pets.de\/shop\/wp-json\/wp\/v2\/product_tag?post=51275"}],"curies":[{"name":"wp","href":"https:\/\/api.w.org\/{rel}","templated":true}]}}