{"id":51277,"date":"2023-12-12T12:38:15","date_gmt":"2023-12-12T11:38:15","guid":{"rendered":"https:\/\/pet-shopping.de\/shop\/produkt\/karlie-teflon-halsband-no-limit-schwarz-20mmx40-55cm\/"},"modified":"2023-12-12T12:38:15","modified_gmt":"2023-12-12T11:38:15","slug":"karlie-teflon-halsband-no-limit-schwarz-20mmx40-55cm","status":"publish","type":"product","link":"https:\/\/all-pets.de\/shop\/produkt\/karlie-teflon-halsband-no-limit-schwarz-20mmx40-55cm\/","title":{"rendered":"Karlie Teflon Halsband No Limit Schwarz &#8211; 20mmx40-55cm"},"content":{"rendered":"<p>Das brandneue Hightech-Modell unter den Halsb\u00e4ndern! <\/p>\n<p>Mit TEFLON fabric protector ist Ihre Textilie dauerhaft vor Flecken und Schmutz auf Wasser- und \u00d6lbasis gesch\u00fctzt, ohne den weichen Griff zu beeintr\u00e4chtigen. Das Produkt sieht l\u00e4nger aus wie neu.<\/p>\n<p>Das Halsband ist mit einer Zugentlastung und verchromten Beschl\u00e4gen ausgestattet und ist stufenlos verstellbar. Mit Safety-Click Sicherheitsverschluss.<\/p>\n<p>\u00a0Farbe: Schwarz <\/p>\n<p><\/p>\n","protected":false},"excerpt":{"rendered":"<p>Das brandneue Hightech-Modell unter den Halsb\u00e4ndern! Mit TEFLON fabric protector ist Ihre Textilie dauerhaft vor Flecken und Schmutz auf Wasser- und \u00d6lbasis gesch\u00fctzt, ohne den weichen Griff zu beeintr\u00e4chtigen. Das Produkt sieht l\u00e4nger aus wie neu. Das Halsband ist mit einer Zugentlastung und verchromten Beschl\u00e4gen ausgestattet und ist stufenlos verstellbar. Mit Safety-Click Sicherheitsverschluss. \u00a0Farbe: Schwarz<\/p>\n","protected":false},"featured_media":18000,"comment_status":"closed","ping_status":"open","template":"","meta":[],"product_cat":[13940],"product_tag":[],"class_list":{"0":"post-51277","1":"product","2":"type-product","3":"status-publish","4":"has-post-thumbnail","6":"product_cat-weitere-halsbaender","8":"first","9":"instock","10":"taxable","11":"shipping-taxable","12":"purchasable","13":"product-type-simple"},"_links":{"self":[{"href":"https:\/\/all-pets.de\/shop\/wp-json\/wp\/v2\/product\/51277","targetHints":{"allow":["GET"]}}],"collection":[{"href":"https:\/\/all-pets.de\/shop\/wp-json\/wp\/v2\/product"}],"about":[{"href":"https:\/\/all-pets.de\/shop\/wp-json\/wp\/v2\/types\/product"}],"replies":[{"embeddable":true,"href":"https:\/\/all-pets.de\/shop\/wp-json\/wp\/v2\/comments?post=51277"}],"wp:featuredmedia":[{"embeddable":true,"href":"https:\/\/all-pets.de\/shop\/wp-json\/wp\/v2\/media\/18000"}],"wp:attachment":[{"href":"https:\/\/all-pets.de\/shop\/wp-json\/wp\/v2\/media?parent=51277"}],"wp:term":[{"taxonomy":"product_cat","embeddable":true,"href":"https:\/\/all-pets.de\/shop\/wp-json\/wp\/v2\/product_cat?post=51277"},{"taxonomy":"product_tag","embeddable":true,"href":"https:\/\/all-pets.de\/shop\/wp-json\/wp\/v2\/product_tag?post=51277"}],"curies":[{"name":"wp","href":"https:\/\/api.w.org\/{rel}","templated":true}]}}