{"id":51280,"date":"2023-12-12T12:38:15","date_gmt":"2023-12-12T11:38:15","guid":{"rendered":"https:\/\/pet-shopping.de\/shop\/produkt\/trixie-be-nordic-retrieverleine-dunkelgrau-s-m\/"},"modified":"2023-12-12T12:38:16","modified_gmt":"2023-12-12T11:38:16","slug":"trixie-be-nordic-retrieverleine-dunkelgrau-s-m","status":"publish","type":"product","link":"https:\/\/all-pets.de\/shop\/produkt\/trixie-be-nordic-retrieverleine-dunkelgrau-s-m\/","title":{"rendered":"Trixie BE NORDIC Retrieverleine &#8211; dunkelgrau \/ S-M"},"content":{"rendered":"<ul>\n<li>Tau, rund gewebt<\/li>\n<li>Halsumfang und Zugbegrenzung durch Knoten stufenlos verstellbar<\/li>\n<li>L\u00e4nge: ca. 1,7 m<\/li>\n<li>Durchmesser Gr\u00f6\u00dfe S-M: 8 mm<\/li>\n<li>Farbe: dunkelgrau\/braun <\/li>\n<\/ul>\n<div class=\"infotextWrap\">Aus dem Verkauf der Serie unterst\u00fctzt TRIXIE Meeresschutzprojekte und leistet damit einen Beitrag zum Natur- und Artenschutz.<\/div>\n","protected":false},"excerpt":{"rendered":"<p>Tau, rund gewebt Halsumfang und Zugbegrenzung durch Knoten stufenlos verstellbar L\u00e4nge: ca. 1,7 m Durchmesser Gr\u00f6\u00dfe S-M: 8 mm Farbe: dunkelgrau\/braun Aus dem Verkauf der Serie unterst\u00fctzt TRIXIE Meeresschutzprojekte und leistet damit einen Beitrag zum Natur- und Artenschutz.<\/p>\n","protected":false},"featured_media":18048,"comment_status":"closed","ping_status":"open","template":"","meta":[],"product_cat":[14033],"product_tag":[],"class_list":{"0":"post-51280","1":"product","2":"type-product","3":"status-publish","4":"has-post-thumbnail","6":"product_cat-weitere-leinen-leinen","8":"first","9":"instock","10":"taxable","11":"shipping-taxable","12":"purchasable","13":"product-type-simple"},"_links":{"self":[{"href":"https:\/\/all-pets.de\/shop\/wp-json\/wp\/v2\/product\/51280","targetHints":{"allow":["GET"]}}],"collection":[{"href":"https:\/\/all-pets.de\/shop\/wp-json\/wp\/v2\/product"}],"about":[{"href":"https:\/\/all-pets.de\/shop\/wp-json\/wp\/v2\/types\/product"}],"replies":[{"embeddable":true,"href":"https:\/\/all-pets.de\/shop\/wp-json\/wp\/v2\/comments?post=51280"}],"wp:featuredmedia":[{"embeddable":true,"href":"https:\/\/all-pets.de\/shop\/wp-json\/wp\/v2\/media\/18048"}],"wp:attachment":[{"href":"https:\/\/all-pets.de\/shop\/wp-json\/wp\/v2\/media?parent=51280"}],"wp:term":[{"taxonomy":"product_cat","embeddable":true,"href":"https:\/\/all-pets.de\/shop\/wp-json\/wp\/v2\/product_cat?post=51280"},{"taxonomy":"product_tag","embeddable":true,"href":"https:\/\/all-pets.de\/shop\/wp-json\/wp\/v2\/product_tag?post=51280"}],"curies":[{"name":"wp","href":"https:\/\/api.w.org\/{rel}","templated":true}]}}