{"id":51303,"date":"2023-12-12T12:38:17","date_gmt":"2023-12-12T11:38:17","guid":{"rendered":"https:\/\/pet-shopping.de\/shop\/produkt\/flexi-rollleine-xtreme-gurt-5m-bis-20-kg\/"},"modified":"2023-12-12T12:38:20","modified_gmt":"2023-12-12T11:38:20","slug":"flexi-rollleine-xtreme-gurt-5m-bis-20-kg","status":"publish","type":"product","link":"https:\/\/all-pets.de\/shop\/produkt\/flexi-rollleine-xtreme-gurt-5m-bis-20-kg\/","title":{"rendered":"Flexi Rollleine XTREME Gurt &#8211; 5m \/ bis 20 kg"},"content":{"rendered":"<ul>\n<li>integrierter Ruckd\u00e4mpfer federt ruckartiges Ziehen des Hundes ab<\/li>\n<li>mit Softgriff<\/li>\n<li>erweiterbar durch flexi Multi Box und LED Lighting System<\/li>\n<li>Farbe: Schwarz\/Orange<\/li>\n<li>Gr\u00f6\u00dfe S: L\u00e4nge 5m \/ f\u00fcr Hunde bis 20kg<\/li>\n<\/ul>\n","protected":false},"excerpt":{"rendered":"<p>integrierter Ruckd\u00e4mpfer federt ruckartiges Ziehen des Hundes ab mit Softgriff erweiterbar durch flexi Multi Box und LED Lighting System Farbe: Schwarz\/Orange Gr\u00f6\u00dfe S: L\u00e4nge 5m \/ f\u00fcr Hunde bis 20kg<\/p>\n","protected":false},"featured_media":51304,"comment_status":"closed","ping_status":"open","template":"","meta":[],"product_cat":[15321],"product_tag":[],"class_list":{"0":"post-51303","1":"product","2":"type-product","3":"status-publish","4":"has-post-thumbnail","6":"product_cat-roll-leinen","8":"first","9":"instock","10":"taxable","11":"shipping-taxable","12":"purchasable","13":"product-type-simple"},"_links":{"self":[{"href":"https:\/\/all-pets.de\/shop\/wp-json\/wp\/v2\/product\/51303","targetHints":{"allow":["GET"]}}],"collection":[{"href":"https:\/\/all-pets.de\/shop\/wp-json\/wp\/v2\/product"}],"about":[{"href":"https:\/\/all-pets.de\/shop\/wp-json\/wp\/v2\/types\/product"}],"replies":[{"embeddable":true,"href":"https:\/\/all-pets.de\/shop\/wp-json\/wp\/v2\/comments?post=51303"}],"wp:featuredmedia":[{"embeddable":true,"href":"https:\/\/all-pets.de\/shop\/wp-json\/wp\/v2\/media\/51304"}],"wp:attachment":[{"href":"https:\/\/all-pets.de\/shop\/wp-json\/wp\/v2\/media?parent=51303"}],"wp:term":[{"taxonomy":"product_cat","embeddable":true,"href":"https:\/\/all-pets.de\/shop\/wp-json\/wp\/v2\/product_cat?post=51303"},{"taxonomy":"product_tag","embeddable":true,"href":"https:\/\/all-pets.de\/shop\/wp-json\/wp\/v2\/product_tag?post=51303"}],"curies":[{"name":"wp","href":"https:\/\/api.w.org\/{rel}","templated":true}]}}