{"id":51312,"date":"2023-12-12T12:38:23","date_gmt":"2023-12-12T11:38:23","guid":{"rendered":"https:\/\/pet-shopping.de\/shop\/produkt\/karlie-kalzium-sitzstange-m\/"},"modified":"2023-12-12T12:38:23","modified_gmt":"2023-12-12T11:38:23","slug":"karlie-kalzium-sitzstange-m","status":"publish","type":"product","link":"https:\/\/all-pets.de\/shop\/produkt\/karlie-kalzium-sitzstange-m\/","title":{"rendered":"Karlie Kalzium Sitzstange &#8211; M"},"content":{"rendered":"<p>Diese Sitzstange auf Kalkbasis unterst\u00fctzt Ihren Vogel beim nat\u00fcrlichen Schleifen des Schnabels und der Krallen.<\/p>\n<p>L\u00e4nge: ca. 22,5 cm<br \/> Durchmesser: ca. 3,5 cm<\/p>\n","protected":false},"excerpt":{"rendered":"<p>Diese Sitzstange auf Kalkbasis unterst\u00fctzt Ihren Vogel beim nat\u00fcrlichen Schleifen des Schnabels und der Krallen. L\u00e4nge: ca. 22,5 cm Durchmesser: ca. 3,5 cm<\/p>\n","protected":false},"featured_media":18076,"comment_status":"closed","ping_status":"open","template":"","meta":[],"product_cat":[13935],"product_tag":[],"class_list":{"0":"post-51312","1":"product","2":"type-product","3":"status-publish","4":"has-post-thumbnail","6":"product_cat-sitzstangen-ausstattung-zubehoer-vogelwelt","8":"first","9":"instock","10":"taxable","11":"shipping-taxable","12":"purchasable","13":"product-type-simple"},"_links":{"self":[{"href":"https:\/\/all-pets.de\/shop\/wp-json\/wp\/v2\/product\/51312","targetHints":{"allow":["GET"]}}],"collection":[{"href":"https:\/\/all-pets.de\/shop\/wp-json\/wp\/v2\/product"}],"about":[{"href":"https:\/\/all-pets.de\/shop\/wp-json\/wp\/v2\/types\/product"}],"replies":[{"embeddable":true,"href":"https:\/\/all-pets.de\/shop\/wp-json\/wp\/v2\/comments?post=51312"}],"wp:featuredmedia":[{"embeddable":true,"href":"https:\/\/all-pets.de\/shop\/wp-json\/wp\/v2\/media\/18076"}],"wp:attachment":[{"href":"https:\/\/all-pets.de\/shop\/wp-json\/wp\/v2\/media?parent=51312"}],"wp:term":[{"taxonomy":"product_cat","embeddable":true,"href":"https:\/\/all-pets.de\/shop\/wp-json\/wp\/v2\/product_cat?post=51312"},{"taxonomy":"product_tag","embeddable":true,"href":"https:\/\/all-pets.de\/shop\/wp-json\/wp\/v2\/product_tag?post=51312"}],"curies":[{"name":"wp","href":"https:\/\/api.w.org\/{rel}","templated":true}]}}