{"id":51350,"date":"2023-12-12T12:38:29","date_gmt":"2023-12-12T11:38:29","guid":{"rendered":"https:\/\/pet-shopping.de\/shop\/produkt\/trixie-holzhaus-ohne-naegel-15-x-12-x-15-cm\/"},"modified":"2023-12-12T12:38:31","modified_gmt":"2023-12-12T11:38:31","slug":"trixie-holzhaus-ohne-naegel-15-x-12-x-15-cm","status":"publish","type":"product","link":"https:\/\/all-pets.de\/shop\/produkt\/trixie-holzhaus-ohne-naegel-15-x-12-x-15-cm\/","title":{"rendered":"Trixie Holzhaus ohne N\u00e4gel &#8211; 15 x 12 x 15 cm"},"content":{"rendered":"<p>Sch\u00f6nes Holzhaus aus hochwertigem Kiefernholz ohne N\u00e4gel und Klammern. <br \/> Das Dach kann toll als zus\u00e4tzliche Liegefl\u00e4che genutzt werden.<\/p>\n<p>Ma\u00dfe: ca. 15 x 12 x 15 cm (BxHxT)<br \/> Geeignet f\u00fcr z. B.: Hamster, M\u00e4use<\/p>\n","protected":false},"excerpt":{"rendered":"<p>Sch\u00f6nes Holzhaus aus hochwertigem Kiefernholz ohne N\u00e4gel und Klammern. Das Dach kann toll als zus\u00e4tzliche Liegefl\u00e4che genutzt werden. Ma\u00dfe: ca. 15 x 12 x 15 cm (BxHxT) Geeignet f\u00fcr z. B.: Hamster, M\u00e4use<\/p>\n","protected":false},"featured_media":18232,"comment_status":"closed","ping_status":"open","template":"","meta":[],"product_cat":[13693],"product_tag":[],"class_list":{"0":"post-51350","1":"product","2":"type-product","3":"status-publish","4":"has-post-thumbnail","6":"product_cat-holzhaeuser","8":"first","9":"instock","10":"taxable","11":"shipping-taxable","12":"purchasable","13":"product-type-simple"},"_links":{"self":[{"href":"https:\/\/all-pets.de\/shop\/wp-json\/wp\/v2\/product\/51350","targetHints":{"allow":["GET"]}}],"collection":[{"href":"https:\/\/all-pets.de\/shop\/wp-json\/wp\/v2\/product"}],"about":[{"href":"https:\/\/all-pets.de\/shop\/wp-json\/wp\/v2\/types\/product"}],"replies":[{"embeddable":true,"href":"https:\/\/all-pets.de\/shop\/wp-json\/wp\/v2\/comments?post=51350"}],"wp:featuredmedia":[{"embeddable":true,"href":"https:\/\/all-pets.de\/shop\/wp-json\/wp\/v2\/media\/18232"}],"wp:attachment":[{"href":"https:\/\/all-pets.de\/shop\/wp-json\/wp\/v2\/media?parent=51350"}],"wp:term":[{"taxonomy":"product_cat","embeddable":true,"href":"https:\/\/all-pets.de\/shop\/wp-json\/wp\/v2\/product_cat?post=51350"},{"taxonomy":"product_tag","embeddable":true,"href":"https:\/\/all-pets.de\/shop\/wp-json\/wp\/v2\/product_tag?post=51350"}],"curies":[{"name":"wp","href":"https:\/\/api.w.org\/{rel}","templated":true}]}}