{"id":51351,"date":"2023-12-12T12:38:29","date_gmt":"2023-12-12T11:38:29","guid":{"rendered":"https:\/\/pet-shopping.de\/shop\/produkt\/dd-katzenkorb-london\/"},"modified":"2023-12-12T12:38:31","modified_gmt":"2023-12-12T11:38:31","slug":"dd-katzenkorb-london","status":"publish","type":"product","link":"https:\/\/all-pets.de\/shop\/produkt\/dd-katzenkorb-london\/","title":{"rendered":"D&#038;D Katzenkorb &#8211; London"},"content":{"rendered":"<p>Dieser Katzenkorb wird durch ein au\u00dfergew\u00f6hnliches Design zum Hingucker in jedem Stubentiger-Zuhause. Er besteht aus MDF-Platten, die in Kunstleder-Optik verkleidet sind. Der Innenraum und die Unterseite sind mit pflegeleichtem Kunstfasergewebe verklebt. Der Riemen an der Oberseite besteht aus Kunstleder. <\/p>\n<p>Lieferung erfolgt vollst\u00e4ndig montiert und ohne Kissen. (einzeln bestellbar unter Artikelnummer: 671-427064-EBI) <\/p>\n<p>Ma\u00dfe: <br \/> Grundfl\u00e4che: 27 x 19,5cm<br \/> H\u00f6he ohne Riemen: 28cm<br \/> Maximalh\u00f6he mit Riemen : 42cm<br \/> \u00d6ffnung: 35 x 24cm<\/p>\n","protected":false},"excerpt":{"rendered":"<p>Dieser Katzenkorb wird durch ein au\u00dfergew\u00f6hnliches Design zum Hingucker in jedem Stubentiger-Zuhause. Er besteht aus MDF-Platten, die in Kunstleder-Optik verkleidet sind. Der Innenraum und die Unterseite sind mit pflegeleichtem Kunstfasergewebe verklebt. Der Riemen an der Oberseite besteht aus Kunstleder. Lieferung erfolgt vollst\u00e4ndig montiert und ohne Kissen. (einzeln bestellbar unter Artikelnummer: 671-427064-EBI) Ma\u00dfe: Grundfl\u00e4che: 27 x [&hellip;]<\/p>\n","protected":false},"featured_media":18256,"comment_status":"closed","ping_status":"open","template":"","meta":[],"product_cat":[14310],"product_tag":[],"class_list":{"0":"post-51351","1":"product","2":"type-product","3":"status-publish","4":"has-post-thumbnail","6":"product_cat-betten-sofas-katzenbetten-katzenkoerbe","8":"first","9":"instock","10":"taxable","11":"shipping-taxable","12":"purchasable","13":"product-type-simple"},"_links":{"self":[{"href":"https:\/\/all-pets.de\/shop\/wp-json\/wp\/v2\/product\/51351","targetHints":{"allow":["GET"]}}],"collection":[{"href":"https:\/\/all-pets.de\/shop\/wp-json\/wp\/v2\/product"}],"about":[{"href":"https:\/\/all-pets.de\/shop\/wp-json\/wp\/v2\/types\/product"}],"replies":[{"embeddable":true,"href":"https:\/\/all-pets.de\/shop\/wp-json\/wp\/v2\/comments?post=51351"}],"wp:featuredmedia":[{"embeddable":true,"href":"https:\/\/all-pets.de\/shop\/wp-json\/wp\/v2\/media\/18256"}],"wp:attachment":[{"href":"https:\/\/all-pets.de\/shop\/wp-json\/wp\/v2\/media?parent=51351"}],"wp:term":[{"taxonomy":"product_cat","embeddable":true,"href":"https:\/\/all-pets.de\/shop\/wp-json\/wp\/v2\/product_cat?post=51351"},{"taxonomy":"product_tag","embeddable":true,"href":"https:\/\/all-pets.de\/shop\/wp-json\/wp\/v2\/product_tag?post=51351"}],"curies":[{"name":"wp","href":"https:\/\/api.w.org\/{rel}","templated":true}]}}