{"id":51360,"date":"2023-12-12T12:38:33","date_gmt":"2023-12-12T11:38:33","guid":{"rendered":"https:\/\/pet-shopping.de\/shop\/produkt\/beeztees-latex-spielzeug-alpaka-sunny-25-cm\/"},"modified":"2023-12-12T12:38:34","modified_gmt":"2023-12-12T11:38:34","slug":"beeztees-latex-spielzeug-alpaka-sunny-25-cm","status":"publish","type":"product","link":"https:\/\/all-pets.de\/shop\/produkt\/beeztees-latex-spielzeug-alpaka-sunny-25-cm\/","title":{"rendered":"Beeztees Latex Spielzeug Alpaka Sunny &#8211; 25 cm"},"content":{"rendered":"<p>Lustig und niedlich, das Beeztees Alpaka aus Latex macht gute Laune. Mit Squeaker f\u00fcr eine spannende Spielzeit. <\/p>\n<p>Gr\u00f6\u00dfe: ca. 25 cm<\/p>\n","protected":false},"excerpt":{"rendered":"<p>Lustig und niedlich, das Beeztees Alpaka aus Latex macht gute Laune. Mit Squeaker f\u00fcr eine spannende Spielzeit. Gr\u00f6\u00dfe: ca. 25 cm<\/p>\n","protected":false},"featured_media":18319,"comment_status":"closed","ping_status":"open","template":"","meta":[],"product_cat":[13748],"product_tag":[],"class_list":{"0":"post-51360","1":"product","2":"type-product","3":"status-publish","4":"has-post-thumbnail","6":"product_cat-squeeker","8":"first","9":"instock","10":"taxable","11":"shipping-taxable","12":"purchasable","13":"product-type-simple"},"_links":{"self":[{"href":"https:\/\/all-pets.de\/shop\/wp-json\/wp\/v2\/product\/51360","targetHints":{"allow":["GET"]}}],"collection":[{"href":"https:\/\/all-pets.de\/shop\/wp-json\/wp\/v2\/product"}],"about":[{"href":"https:\/\/all-pets.de\/shop\/wp-json\/wp\/v2\/types\/product"}],"replies":[{"embeddable":true,"href":"https:\/\/all-pets.de\/shop\/wp-json\/wp\/v2\/comments?post=51360"}],"wp:featuredmedia":[{"embeddable":true,"href":"https:\/\/all-pets.de\/shop\/wp-json\/wp\/v2\/media\/18319"}],"wp:attachment":[{"href":"https:\/\/all-pets.de\/shop\/wp-json\/wp\/v2\/media?parent=51360"}],"wp:term":[{"taxonomy":"product_cat","embeddable":true,"href":"https:\/\/all-pets.de\/shop\/wp-json\/wp\/v2\/product_cat?post=51360"},{"taxonomy":"product_tag","embeddable":true,"href":"https:\/\/all-pets.de\/shop\/wp-json\/wp\/v2\/product_tag?post=51360"}],"curies":[{"name":"wp","href":"https:\/\/api.w.org\/{rel}","templated":true}]}}