{"id":51361,"date":"2023-12-12T12:38:33","date_gmt":"2023-12-12T11:38:33","guid":{"rendered":"https:\/\/pet-shopping.de\/shop\/produkt\/karlie-flamingo-professional-massagebuerste-l\/"},"modified":"2023-12-12T12:38:34","modified_gmt":"2023-12-12T11:38:34","slug":"karlie-flamingo-professional-massagebuerste-l","status":"publish","type":"product","link":"https:\/\/all-pets.de\/shop\/produkt\/karlie-flamingo-professional-massagebuerste-l\/","title":{"rendered":"Karlie Flamingo Professional Massageb\u00fcrste &#8211; L"},"content":{"rendered":"<p>Diese antistatische Massageb\u00fcrste f\u00f6rdert eine gute Durchblutung der Haut und entfernt lose Haare problemlos. <\/p>\n<p>Die Gumminoppen verleihen dem Fell einen sch\u00f6nen Glanz. Durch den ergonomisch geformten Anti-Rutsch-Softgriff designed by Karlie Flamingo liegt sie dabei perfekt in der Hand.<\/p>\n<p>Farbe: Rot-Schwarz<br \/> Ma\u00dfe: ca. 19 x 12 x 4 cm (LxBxH)<\/p>\n","protected":false},"excerpt":{"rendered":"<p>Diese antistatische Massageb\u00fcrste f\u00f6rdert eine gute Durchblutung der Haut und entfernt lose Haare problemlos. Die Gumminoppen verleihen dem Fell einen sch\u00f6nen Glanz. Durch den ergonomisch geformten Anti-Rutsch-Softgriff designed by Karlie Flamingo liegt sie dabei perfekt in der Hand. Farbe: Rot-Schwarz Ma\u00dfe: ca. 19 x 12 x 4 cm (LxBxH)<\/p>\n","protected":false},"featured_media":18370,"comment_status":"closed","ping_status":"open","template":"","meta":[],"product_cat":[14112],"product_tag":[],"class_list":{"0":"post-51361","1":"product","2":"type-product","3":"status-publish","4":"has-post-thumbnail","6":"product_cat-hundebuersten-striegel-fellpflege-pflege-gesundheit-hundewelt","8":"first","9":"instock","10":"taxable","11":"shipping-taxable","12":"purchasable","13":"product-type-simple"},"_links":{"self":[{"href":"https:\/\/all-pets.de\/shop\/wp-json\/wp\/v2\/product\/51361","targetHints":{"allow":["GET"]}}],"collection":[{"href":"https:\/\/all-pets.de\/shop\/wp-json\/wp\/v2\/product"}],"about":[{"href":"https:\/\/all-pets.de\/shop\/wp-json\/wp\/v2\/types\/product"}],"replies":[{"embeddable":true,"href":"https:\/\/all-pets.de\/shop\/wp-json\/wp\/v2\/comments?post=51361"}],"wp:featuredmedia":[{"embeddable":true,"href":"https:\/\/all-pets.de\/shop\/wp-json\/wp\/v2\/media\/18370"}],"wp:attachment":[{"href":"https:\/\/all-pets.de\/shop\/wp-json\/wp\/v2\/media?parent=51361"}],"wp:term":[{"taxonomy":"product_cat","embeddable":true,"href":"https:\/\/all-pets.de\/shop\/wp-json\/wp\/v2\/product_cat?post=51361"},{"taxonomy":"product_tag","embeddable":true,"href":"https:\/\/all-pets.de\/shop\/wp-json\/wp\/v2\/product_tag?post=51361"}],"curies":[{"name":"wp","href":"https:\/\/api.w.org\/{rel}","templated":true}]}}