{"id":51377,"date":"2023-12-12T12:38:37","date_gmt":"2023-12-12T11:38:37","guid":{"rendered":"https:\/\/pet-shopping.de\/shop\/produkt\/versele-laga-nature-kaninchen-700-g\/"},"modified":"2023-12-12T12:38:38","modified_gmt":"2023-12-12T11:38:38","slug":"versele-laga-nature-kaninchen-700-g","status":"publish","type":"product","link":"https:\/\/all-pets.de\/shop\/produkt\/versele-laga-nature-kaninchen-700-g\/","title":{"rendered":"Versele-Laga Nature Kaninchen &#8211; 700 g"},"content":{"rendered":"<p><strong><span>Abwechslungsreiche, faserreiche Mischung f\u00fcr (Zwerg) Kaninchen<\/span><\/strong><\/p>\n<ul>\n<li>Getreidefreie Zusammensetzung mit zus\u00e4tzlichem Gem\u00fcse voller Vitamine und Mineralstoffe<\/li>\n<li>Abwechslungsreiche, faserreiche Mischung voller verschiedener Gr\u00e4ser und Gem\u00fcse<\/li>\n<li>Mit knackigen mundgerechten faserreichen Br\u00f6ckchen f\u00fcr gesunde Z\u00e4hne<\/li>\n<\/ul>\n<div>\n<div><strong>Anwendung<\/strong><br \/> T\u00e4glich das Futter und Trinkwasser erneuern. Je nach Gr\u00f6\u00dfe und Rasse ist f\u00fcr ein erwachsenes Kaninchen eine durchschnittliche t\u00e4gliche Futterration von 50 bis 100 g angemessen.<\/p>\n<div id=\"corporatebody_1_CompositionTitleDiv\" class=\"tabTitle\"><strong>Zusammensetzung <\/strong><\/div>\n<p>Pflanzliche Nebenerzeugnisse (Timotheegras, Gr\u00e4ser und Kr\u00e4uter 23%), Gem\u00fcse (gr\u00fcne Erbsen 12,5%, Karotten 6,3%, Pastinak 2,6%), Fr\u00fcchte, Saaten, Mineralstoffe, pflanzliche Eiwei\u00dfextrakte, \u00d6le und Fette, FOS, Calendula, MOS, Algen, Yucca <\/p>\n<div id=\"corporatebody_1_ComponentAnalysisTitleDiv\" class=\"tabTitle\"> <strong>Analytische Bestandteile<\/strong><\/div>\n<p>Protein 14,5%, Fettgehalt 3,5%, Rohfaser 16,5%, Rohashe 8,5%, Calcium 0,75%, Phosphor 0,6% <\/p>\n<div id=\"corporatebody_1_ToevoegingsMiddelenTitleDiv\" class=\"tabTitle\"> <strong>Zusatzstoffe\/kg:<\/strong><\/p>\n<\/div>\n<div id=\"corporatebody_1_NutritionalInformationTitleDiv\" class=\"tabSubtitle\"><strong>Ern\u00e4hrungsphysiologische Zusatzstoffe<\/strong><\/div>\n<p>Vitamin A 11850 IE, Vitamin D3 1400 IE, Vitamin E 95 mg, Vitamin C 25 mg, 3b103 (Eisen) 118 mg, 3b202 (Jod) 2 mg, E4 (Kupfer) 12 mg, 3b502 (Mangan) 88 mg, 3b603 (Zink) 83 mg, E8 (Selen) 0,23 mg<\/p>\n<div id=\"corporatebody_1_TechnologicalTitleDiv\" class=\"tabSubtitle\"><strong>Technologische Zusatzstoffe<\/strong><\/div>\n<p>Antioxidantien<\/p><\/div>\n<\/div>\n","protected":false},"excerpt":{"rendered":"<p>Abwechslungsreiche, faserreiche Mischung f\u00fcr (Zwerg) Kaninchen Getreidefreie Zusammensetzung mit zus\u00e4tzlichem Gem\u00fcse voller Vitamine und Mineralstoffe Abwechslungsreiche, faserreiche Mischung voller verschiedener Gr\u00e4ser und Gem\u00fcse Mit knackigen mundgerechten faserreichen Br\u00f6ckchen f\u00fcr gesunde Z\u00e4hne Anwendung T\u00e4glich das Futter und Trinkwasser erneuern. Je nach Gr\u00f6\u00dfe und Rasse ist f\u00fcr ein erwachsenes Kaninchen eine durchschnittliche t\u00e4gliche Futterration von 50 bis [&hellip;]<\/p>\n","protected":false},"featured_media":18491,"comment_status":"closed","ping_status":"open","template":"","meta":[],"product_cat":[15504],"product_tag":[],"class_list":{"0":"post-51377","1":"product","2":"type-product","3":"status-publish","4":"has-post-thumbnail","6":"product_cat-versele-laga-kleintierfutter-snacks-zwergkaninchenkleintierwelt-kleintierfutter-snacks-meerschweinchenkleintierwelt-kleintierfutter-snacks","8":"first","9":"instock","10":"taxable","11":"shipping-taxable","12":"purchasable","13":"product-type-simple"},"_links":{"self":[{"href":"https:\/\/all-pets.de\/shop\/wp-json\/wp\/v2\/product\/51377","targetHints":{"allow":["GET"]}}],"collection":[{"href":"https:\/\/all-pets.de\/shop\/wp-json\/wp\/v2\/product"}],"about":[{"href":"https:\/\/all-pets.de\/shop\/wp-json\/wp\/v2\/types\/product"}],"replies":[{"embeddable":true,"href":"https:\/\/all-pets.de\/shop\/wp-json\/wp\/v2\/comments?post=51377"}],"wp:featuredmedia":[{"embeddable":true,"href":"https:\/\/all-pets.de\/shop\/wp-json\/wp\/v2\/media\/18491"}],"wp:attachment":[{"href":"https:\/\/all-pets.de\/shop\/wp-json\/wp\/v2\/media?parent=51377"}],"wp:term":[{"taxonomy":"product_cat","embeddable":true,"href":"https:\/\/all-pets.de\/shop\/wp-json\/wp\/v2\/product_cat?post=51377"},{"taxonomy":"product_tag","embeddable":true,"href":"https:\/\/all-pets.de\/shop\/wp-json\/wp\/v2\/product_tag?post=51377"}],"curies":[{"name":"wp","href":"https:\/\/api.w.org\/{rel}","templated":true}]}}