{"id":51383,"date":"2023-12-12T12:38:37","date_gmt":"2023-12-12T11:38:37","guid":{"rendered":"https:\/\/pet-shopping.de\/shop\/produkt\/trixie-maulkorb-muzzle-flex-gummi-m\/"},"modified":"2023-12-12T12:38:39","modified_gmt":"2023-12-12T11:38:39","slug":"trixie-maulkorb-muzzle-flex-gummi-m","status":"publish","type":"product","link":"https:\/\/all-pets.de\/shop\/produkt\/trixie-maulkorb-muzzle-flex-gummi-m\/","title":{"rendered":"Trixie Maulkorb Muzzle Flex, Gummi &#8211; M"},"content":{"rendered":"<div class=\"mb-3 row\">\n<div class=\"col\">\n<ul>\n<li>\n<ul>\n<ul>\n<li>Gummi\/Nylon\/Neopren<\/li>\n<li>ergonomische Passform, dabei flexibel und formstabil<\/li>\n<li>stufenlos verstellbare Stirn- und Genickriemen sowie Genickschlaufe, teilweise neoprengef\u00fcttert<\/li>\n<li>Hecheln, Trinken und Leckerligabe sind problemlos m\u00f6glich<\/li>\n<li>ausbruchsicher durch 3-fache Befestigung<\/li>\n<li>Farbe: schwarz<\/li>\n<li>tierschutzkonform nach \u00a7 18 (AT)<\/li>\n<\/ul>\n<\/ul>\n<\/li>\n<\/ul>\n<\/p>\n<\/div>\n<\/div>\n<table class=\"table table-bordered\">\n<tbody>\n<tr>\n<td>Gr\u00f6\u00dfe<\/td>\n<td>Korbumfang innen:<\/td>\n<td>Stirnriemen:<\/td>\n<td>Korbl\u00e4nge oben:<\/td>\n<td>f\u00fcr z. B.:<\/td>\n<\/tr>\n<tr>\n<td>S<\/td>\n<td>ca. 19 cm<\/td>\n<td>bis zu 18 cm<\/td>\n<td>ca. 6 cm<\/td>\n<td>Jack Russell Terrier, Zwergpudel<\/td>\n<\/tr>\n<tr>\n<td>M<\/td>\n<td>ca. 25 cm<\/td>\n<td>bis zu 19 cm<\/td>\n<td>ca. 6,8 cm<\/td>\n<td>Border Collie, Mittelschnauzer<\/td>\n<\/tr>\n<tr>\n<td>M-L<\/td>\n<td>ca. 27 cm<\/td>\n<td>bis zu 20 cm<\/td>\n<td>ca. 9 cm<\/td>\n<td>Beagle, Dalmatiner<\/td>\n<\/tr>\n<tr>\n<td>L<\/td>\n<td>ca. 31 cm<\/td>\n<td>bis zu 26 cm<\/td>\n<td>ca. 8,6 cm<\/td>\n<td>Deutscher Sch\u00e4ferhund, Labrador Retriever<\/td>\n<\/tr>\n<tr>\n<td>L-XL<\/td>\n<td>ca. 35 cm<\/td>\n<td>bis zu 30 cm<\/td>\n<td>ca. 10 cm<\/td>\n<td>Berner Sennenhund, Golden Retriever<\/td>\n<\/tr>\n<tr>\n<td>XL\u2013XXL<\/td>\n<td>ca. 39 cm<\/td>\n<td>bis zu 37 cm<\/td>\n<td>ca. 10,5 cm<\/td>\n<td>Deutsche Dogge, Leonberger<\/td>\n<\/tr>\n<\/tbody>\n<\/table>\n<div class=\"mb-3 row\">\n<div class=\"col\">\n<\/p>\n<\/div>\n<\/div>\n","protected":false},"excerpt":{"rendered":"<p>Gummi\/Nylon\/Neopren ergonomische Passform, dabei flexibel und formstabil stufenlos verstellbare Stirn- und Genickriemen sowie Genickschlaufe, teilweise neoprengef\u00fcttert Hecheln, Trinken und Leckerligabe sind problemlos m\u00f6glich ausbruchsicher durch 3-fache Befestigung Farbe: schwarz tierschutzkonform nach \u00a7 18 (AT) Gr\u00f6\u00dfe Korbumfang innen: Stirnriemen: Korbl\u00e4nge oben: f\u00fcr z. B.: S ca. 19 cm bis zu 18 cm ca. 6 cm Jack [&hellip;]<\/p>\n","protected":false},"featured_media":51380,"comment_status":"closed","ping_status":"open","template":"","meta":[],"product_cat":[15461],"product_tag":[],"class_list":{"0":"post-51383","1":"product","2":"type-product","3":"status-publish","4":"has-post-thumbnail","6":"product_cat-maulkoerbe","8":"first","9":"instock","10":"taxable","11":"shipping-taxable","12":"purchasable","13":"product-type-simple"},"_links":{"self":[{"href":"https:\/\/all-pets.de\/shop\/wp-json\/wp\/v2\/product\/51383","targetHints":{"allow":["GET"]}}],"collection":[{"href":"https:\/\/all-pets.de\/shop\/wp-json\/wp\/v2\/product"}],"about":[{"href":"https:\/\/all-pets.de\/shop\/wp-json\/wp\/v2\/types\/product"}],"replies":[{"embeddable":true,"href":"https:\/\/all-pets.de\/shop\/wp-json\/wp\/v2\/comments?post=51383"}],"wp:featuredmedia":[{"embeddable":true,"href":"https:\/\/all-pets.de\/shop\/wp-json\/wp\/v2\/media\/51380"}],"wp:attachment":[{"href":"https:\/\/all-pets.de\/shop\/wp-json\/wp\/v2\/media?parent=51383"}],"wp:term":[{"taxonomy":"product_cat","embeddable":true,"href":"https:\/\/all-pets.de\/shop\/wp-json\/wp\/v2\/product_cat?post=51383"},{"taxonomy":"product_tag","embeddable":true,"href":"https:\/\/all-pets.de\/shop\/wp-json\/wp\/v2\/product_tag?post=51383"}],"curies":[{"name":"wp","href":"https:\/\/api.w.org\/{rel}","templated":true}]}}