{"id":51388,"date":"2023-12-12T12:38:37","date_gmt":"2023-12-12T11:38:37","guid":{"rendered":"https:\/\/pet-shopping.de\/shop\/produkt\/trixie-be-nordic-verlaengerungsleine-2-m-petrol-l-xl\/"},"modified":"2023-12-12T12:38:39","modified_gmt":"2023-12-12T11:38:39","slug":"trixie-be-nordic-verlaengerungsleine-2-m-petrol-l-xl","status":"publish","type":"product","link":"https:\/\/all-pets.de\/shop\/produkt\/trixie-be-nordic-verlaengerungsleine-2-m-petrol-l-xl\/","title":{"rendered":"Trixie BE NORDIC Verl\u00e4ngerungsleine &#8211; 2 m &#8211; petrol \/ L-XL"},"content":{"rendered":"<ul>\n<li>Tau, rund gewebt<\/li>\n<li>3fach verstellbar<\/li>\n<li>Ringpositionen durch Knoten stufenlos verstellbar<\/li>\n<li>mit Trigger Snap Hooks<\/li>\n<li>L\u00e4nge: 2 m<\/li>\n<li>Gr\u00f6\u00dfe L-XL: 13 mm Durchmesser<\/li>\n<li>Farbe: petrol\/hellgrau <\/li>\n<\/ul>\n<div class=\"infotextWrap\">Aus dem Verkauf der Serie unterst\u00fctzt TRIXIE Meeresschutzprojekte und leistet damit einen Beitrag zum Natur- und Artenschutz.<\/div>\n","protected":false},"excerpt":{"rendered":"<p>Tau, rund gewebt 3fach verstellbar Ringpositionen durch Knoten stufenlos verstellbar mit Trigger Snap Hooks L\u00e4nge: 2 m Gr\u00f6\u00dfe L-XL: 13 mm Durchmesser Farbe: petrol\/hellgrau Aus dem Verkauf der Serie unterst\u00fctzt TRIXIE Meeresschutzprojekte und leistet damit einen Beitrag zum Natur- und Artenschutz.<\/p>\n","protected":false},"featured_media":18546,"comment_status":"closed","ping_status":"open","template":"","meta":[],"product_cat":[14033],"product_tag":[],"class_list":{"0":"post-51388","1":"product","2":"type-product","3":"status-publish","4":"has-post-thumbnail","6":"product_cat-weitere-leinen-leinen","8":"first","9":"instock","10":"taxable","11":"shipping-taxable","12":"purchasable","13":"product-type-simple"},"_links":{"self":[{"href":"https:\/\/all-pets.de\/shop\/wp-json\/wp\/v2\/product\/51388","targetHints":{"allow":["GET"]}}],"collection":[{"href":"https:\/\/all-pets.de\/shop\/wp-json\/wp\/v2\/product"}],"about":[{"href":"https:\/\/all-pets.de\/shop\/wp-json\/wp\/v2\/types\/product"}],"replies":[{"embeddable":true,"href":"https:\/\/all-pets.de\/shop\/wp-json\/wp\/v2\/comments?post=51388"}],"wp:featuredmedia":[{"embeddable":true,"href":"https:\/\/all-pets.de\/shop\/wp-json\/wp\/v2\/media\/18546"}],"wp:attachment":[{"href":"https:\/\/all-pets.de\/shop\/wp-json\/wp\/v2\/media?parent=51388"}],"wp:term":[{"taxonomy":"product_cat","embeddable":true,"href":"https:\/\/all-pets.de\/shop\/wp-json\/wp\/v2\/product_cat?post=51388"},{"taxonomy":"product_tag","embeddable":true,"href":"https:\/\/all-pets.de\/shop\/wp-json\/wp\/v2\/product_tag?post=51388"}],"curies":[{"name":"wp","href":"https:\/\/api.w.org\/{rel}","templated":true}]}}