{"id":51408,"date":"2023-12-12T12:38:40","date_gmt":"2023-12-12T11:38:40","guid":{"rendered":"https:\/\/pet-shopping.de\/shop\/produkt\/karlie-sitzstange-liane-s\/"},"modified":"2023-12-12T12:38:43","modified_gmt":"2023-12-12T11:38:43","slug":"karlie-sitzstange-liane-s","status":"publish","type":"product","link":"https:\/\/all-pets.de\/shop\/produkt\/karlie-sitzstange-liane-s\/","title":{"rendered":"Karlie Sitzstange Liane &#8211; S"},"content":{"rendered":"<p><p>Die Sitzstange Liane bietet Ihrem Vogel eine ganz nat\u00fcrliche Sitz-, Spiel- und Knabberm\u00f6glichkeit.<\/p>\n<p>Die naturbelassene Sitzstange besteht aus gewelltem Holz und kann einfach im K\u00e4figgitter befestigt werden.<\/p>\n<p>Da es sich um ein Naturprodukt handelt, hat jede Sitzstange seine ganz eigene Form und Wellengebung!<\/p>\n<\/p>\n<p>L\u00e4nge: ca. 33 cm (Da es sich um ein Naturprodukt handelt, kann auch die L\u00e4nge etwas abweichen.) <\/p>\n","protected":false},"excerpt":{"rendered":"<p>Die Sitzstange Liane bietet Ihrem Vogel eine ganz nat\u00fcrliche Sitz-, Spiel- und Knabberm\u00f6glichkeit. Die naturbelassene Sitzstange besteht aus gewelltem Holz und kann einfach im K\u00e4figgitter befestigt werden. Da es sich um ein Naturprodukt handelt, hat jede Sitzstange seine ganz eigene Form und Wellengebung! L\u00e4nge: ca. 33 cm (Da es sich um ein Naturprodukt handelt, kann [&hellip;]<\/p>\n","protected":false},"featured_media":18551,"comment_status":"closed","ping_status":"open","template":"","meta":[],"product_cat":[15438],"product_tag":[],"class_list":{"0":"post-51408","1":"product","2":"type-product","3":"status-publish","4":"has-post-thumbnail","6":"product_cat-spielzeug-ausstattung-zubehoer-sitzstangenvogelwelt","8":"first","9":"instock","10":"taxable","11":"shipping-taxable","12":"purchasable","13":"product-type-simple"},"_links":{"self":[{"href":"https:\/\/all-pets.de\/shop\/wp-json\/wp\/v2\/product\/51408","targetHints":{"allow":["GET"]}}],"collection":[{"href":"https:\/\/all-pets.de\/shop\/wp-json\/wp\/v2\/product"}],"about":[{"href":"https:\/\/all-pets.de\/shop\/wp-json\/wp\/v2\/types\/product"}],"replies":[{"embeddable":true,"href":"https:\/\/all-pets.de\/shop\/wp-json\/wp\/v2\/comments?post=51408"}],"wp:featuredmedia":[{"embeddable":true,"href":"https:\/\/all-pets.de\/shop\/wp-json\/wp\/v2\/media\/18551"}],"wp:attachment":[{"href":"https:\/\/all-pets.de\/shop\/wp-json\/wp\/v2\/media?parent=51408"}],"wp:term":[{"taxonomy":"product_cat","embeddable":true,"href":"https:\/\/all-pets.de\/shop\/wp-json\/wp\/v2\/product_cat?post=51408"},{"taxonomy":"product_tag","embeddable":true,"href":"https:\/\/all-pets.de\/shop\/wp-json\/wp\/v2\/product_tag?post=51408"}],"curies":[{"name":"wp","href":"https:\/\/api.w.org\/{rel}","templated":true}]}}