{"id":51413,"date":"2023-12-12T12:38:40","date_gmt":"2023-12-12T11:38:40","guid":{"rendered":"https:\/\/pet-shopping.de\/shop\/produkt\/trixie-reisedecke-samoa-classic-fuer-kuehlmatten-120-x-80-cm\/"},"modified":"2023-12-12T12:38:44","modified_gmt":"2023-12-12T11:38:44","slug":"trixie-reisedecke-samoa-classic-fuer-kuehlmatten-120-x-80-cm","status":"publish","type":"product","link":"https:\/\/all-pets.de\/shop\/produkt\/trixie-reisedecke-samoa-classic-fuer-kuehlmatten-120-x-80-cm\/","title":{"rendered":"Trixie Reisedecke Samoa Classic f\u00fcr K\u00fchlmatten &#8211; 120 \u00d7 80 cm"},"content":{"rendered":"<ul>\n<li>STRONG Edition<\/li>\n<li>Nylon-Haptik<\/li>\n<li>robuster und weicher Polyester-Bezug<\/li>\n<li>Polyestervlies-F\u00fcllung, 3 cm<\/li>\n<li>mit Tragegriff<\/li>\n<li>platzsparend zusammenzurollen und durch Gummib\u00e4nder zu verschlie\u00dfen<\/li>\n<li>separater Inlett-Bezug mit Rei\u00dfverschluss zum Hineinlegen einer K\u00fchlmatte (separat erh\u00e4ltlich, nicht im Lieferumfang enthalten!)<\/li>\n<li>Artikel 28265: passend f\u00fcr K\u00fchlmatten bis 65 \u00d7 50 cm<\/li>\n<li>Artikel 28266: passend f\u00fcr K\u00fchlmatten bis 100 \u00d7 60 cm<\/li>\n<li>bei 40\u00b0C waschbar<\/li>\n<li>wasserabweisend<\/li>\n<li>Farbe: eisblau\/grau<\/li>\n<\/ul>\n","protected":false},"excerpt":{"rendered":"<p>STRONG Edition Nylon-Haptik robuster und weicher Polyester-Bezug Polyestervlies-F\u00fcllung, 3 cm mit Tragegriff platzsparend zusammenzurollen und durch Gummib\u00e4nder zu verschlie\u00dfen separater Inlett-Bezug mit Rei\u00dfverschluss zum Hineinlegen einer K\u00fchlmatte (separat erh\u00e4ltlich, nicht im Lieferumfang enthalten!) Artikel 28265: passend f\u00fcr K\u00fchlmatten bis 65 \u00d7 50 cm Artikel 28266: passend f\u00fcr K\u00fchlmatten bis 100 \u00d7 60 cm bei 40\u00b0C [&hellip;]<\/p>\n","protected":false},"featured_media":51410,"comment_status":"closed","ping_status":"open","template":"","meta":[],"product_cat":[15505],"product_tag":[],"class_list":{"0":"post-51413","1":"product","2":"type-product","3":"status-publish","4":"has-post-thumbnail","6":"product_cat-kuehlmatten-betten-koerbe-hundebetten-hundekissenhundewelt","8":"first","9":"instock","10":"taxable","11":"shipping-taxable","12":"purchasable","13":"product-type-simple"},"_links":{"self":[{"href":"https:\/\/all-pets.de\/shop\/wp-json\/wp\/v2\/product\/51413","targetHints":{"allow":["GET"]}}],"collection":[{"href":"https:\/\/all-pets.de\/shop\/wp-json\/wp\/v2\/product"}],"about":[{"href":"https:\/\/all-pets.de\/shop\/wp-json\/wp\/v2\/types\/product"}],"replies":[{"embeddable":true,"href":"https:\/\/all-pets.de\/shop\/wp-json\/wp\/v2\/comments?post=51413"}],"wp:featuredmedia":[{"embeddable":true,"href":"https:\/\/all-pets.de\/shop\/wp-json\/wp\/v2\/media\/51410"}],"wp:attachment":[{"href":"https:\/\/all-pets.de\/shop\/wp-json\/wp\/v2\/media?parent=51413"}],"wp:term":[{"taxonomy":"product_cat","embeddable":true,"href":"https:\/\/all-pets.de\/shop\/wp-json\/wp\/v2\/product_cat?post=51413"},{"taxonomy":"product_tag","embeddable":true,"href":"https:\/\/all-pets.de\/shop\/wp-json\/wp\/v2\/product_tag?post=51413"}],"curies":[{"name":"wp","href":"https:\/\/api.w.org\/{rel}","templated":true}]}}