{"id":51417,"date":"2023-12-12T12:38:45","date_gmt":"2023-12-12T11:38:45","guid":{"rendered":"https:\/\/pet-shopping.de\/shop\/produkt\/karlie-rondo-halsband-unterlegt-mit-rundkopfnieten-natur-35mm-57cm\/"},"modified":"2023-12-12T12:38:46","modified_gmt":"2023-12-12T11:38:46","slug":"karlie-rondo-halsband-unterlegt-mit-rundkopfnieten-natur-35mm-57cm","status":"publish","type":"product","link":"https:\/\/all-pets.de\/shop\/produkt\/karlie-rondo-halsband-unterlegt-mit-rundkopfnieten-natur-35mm-57cm\/","title":{"rendered":"Karlie Rondo Halsband unterlegt mit Rundkopfnieten &#8211; Natur &#8211; 35mm\/57cm"},"content":{"rendered":"<ul>\n<li>Vollrindleder<\/li>\n<li>mit Nappaleder unterlegt<\/li>\n<li>mit Rundkopfnieten verziert<\/li>\n<li>geriegelt<\/li>\n<li>abgen\u00e4ht<\/li>\n<li>Unterteil gebuggt<\/li>\n<li>verchromte Beschl\u00e4ge<\/li>\n<li>Farbe: natur, schwarz unterlegt<\/li>\n<li>Breite: 35 mm<\/li>\n<li>Gesamtl\u00e4nge: ca. 57 cm<\/li>\n<\/ul>\n<div><strong><em>Hinweis<\/em><\/strong>: Die naturfarbenen Artikel dieses Sortiments dunkeln unter der t\u00e4glichen Lichteinwirkung mit der Zeit nach. Dies wirkt sich nicht nachteilig auf die Qualit\u00e4t des Leders aus und ist lediglich eine Reaktion des Naturprodukts.<\/div><\/p>\n","protected":false},"excerpt":{"rendered":"<p>Vollrindleder mit Nappaleder unterlegt mit Rundkopfnieten verziert geriegelt abgen\u00e4ht Unterteil gebuggt verchromte Beschl\u00e4ge Farbe: natur, schwarz unterlegt Breite: 35 mm Gesamtl\u00e4nge: ca. 57 cm Hinweis: Die naturfarbenen Artikel dieses Sortiments dunkeln unter der t\u00e4glichen Lichteinwirkung mit der Zeit nach. Dies wirkt sich nicht nachteilig auf die Qualit\u00e4t des Leders aus und ist lediglich eine Reaktion [&hellip;]<\/p>\n","protected":false},"featured_media":51415,"comment_status":"closed","ping_status":"open","template":"","meta":[],"product_cat":[13790],"product_tag":[],"class_list":{"0":"post-51417","1":"product","2":"type-product","3":"status-publish","4":"has-post-thumbnail","6":"product_cat-lederhalsbaender","8":"first","9":"instock","10":"taxable","11":"shipping-taxable","12":"purchasable","13":"product-type-simple"},"_links":{"self":[{"href":"https:\/\/all-pets.de\/shop\/wp-json\/wp\/v2\/product\/51417","targetHints":{"allow":["GET"]}}],"collection":[{"href":"https:\/\/all-pets.de\/shop\/wp-json\/wp\/v2\/product"}],"about":[{"href":"https:\/\/all-pets.de\/shop\/wp-json\/wp\/v2\/types\/product"}],"replies":[{"embeddable":true,"href":"https:\/\/all-pets.de\/shop\/wp-json\/wp\/v2\/comments?post=51417"}],"wp:featuredmedia":[{"embeddable":true,"href":"https:\/\/all-pets.de\/shop\/wp-json\/wp\/v2\/media\/51415"}],"wp:attachment":[{"href":"https:\/\/all-pets.de\/shop\/wp-json\/wp\/v2\/media?parent=51417"}],"wp:term":[{"taxonomy":"product_cat","embeddable":true,"href":"https:\/\/all-pets.de\/shop\/wp-json\/wp\/v2\/product_cat?post=51417"},{"taxonomy":"product_tag","embeddable":true,"href":"https:\/\/all-pets.de\/shop\/wp-json\/wp\/v2\/product_tag?post=51417"}],"curies":[{"name":"wp","href":"https:\/\/api.w.org\/{rel}","templated":true}]}}