{"id":51433,"date":"2023-12-12T12:38:47","date_gmt":"2023-12-12T11:38:47","guid":{"rendered":"https:\/\/pet-shopping.de\/shop\/produkt\/trixie-edelstahl-ersatznapf-28-l-o-24-cm\/"},"modified":"2023-12-12T12:38:49","modified_gmt":"2023-12-12T11:38:49","slug":"trixie-edelstahl-ersatznapf-28-l-o-24-cm","status":"publish","type":"product","link":"https:\/\/all-pets.de\/shop\/produkt\/trixie-edelstahl-ersatznapf-28-l-o-24-cm\/","title":{"rendered":"Trixie Edelstahl-Ersatznapf &#8211; 2,8 l\/\u00f8 24 cm"},"content":{"rendered":"<ul>\n<li>Edelstahl<\/li>\n<li>sp\u00fclmaschinengeeignet<\/li>\n<li>passend f\u00fcr Trixie Eat On Feet Napfst\u00e4nder (Fassungsverm\u00f6gen: 2 x 2,8 L) (Artikel-Nr. 24834-TRXI) und Trixie Hundebar mit Edelstahln\u00e4pfen &#8211; 2 x 2,8 l (Artikel-Nr. 24922-TRXI)<\/li>\n<li>Fassungsverm\u00f6gen\/Durchmesser: 2,8 l\/\u00f8 24 cm<\/li>\n<\/ul>\n","protected":false},"excerpt":{"rendered":"<p>Edelstahl sp\u00fclmaschinengeeignet passend f\u00fcr Trixie Eat On Feet Napfst\u00e4nder (Fassungsverm\u00f6gen: 2 x 2,8 L) (Artikel-Nr. 24834-TRXI) und Trixie Hundebar mit Edelstahln\u00e4pfen &#8211; 2 x 2,8 l (Artikel-Nr. 24922-TRXI) Fassungsverm\u00f6gen\/Durchmesser: 2,8 l\/\u00f8 24 cm<\/p>\n","protected":false},"featured_media":51434,"comment_status":"closed","ping_status":"open","template":"","meta":[],"product_cat":[15510],"product_tag":[],"class_list":{"0":"post-51433","1":"product","2":"type-product","3":"status-publish","4":"has-post-thumbnail","6":"product_cat-futter-wassernaepfe-katzennaepfe-traenken-futter-wassernaepfekatzenwelt-hundenaepfe-traenken-napfstaenderhundewelt-hundenaepfe-traenken","8":"first","9":"instock","10":"taxable","11":"shipping-taxable","12":"purchasable","13":"product-type-simple"},"_links":{"self":[{"href":"https:\/\/all-pets.de\/shop\/wp-json\/wp\/v2\/product\/51433","targetHints":{"allow":["GET"]}}],"collection":[{"href":"https:\/\/all-pets.de\/shop\/wp-json\/wp\/v2\/product"}],"about":[{"href":"https:\/\/all-pets.de\/shop\/wp-json\/wp\/v2\/types\/product"}],"replies":[{"embeddable":true,"href":"https:\/\/all-pets.de\/shop\/wp-json\/wp\/v2\/comments?post=51433"}],"wp:featuredmedia":[{"embeddable":true,"href":"https:\/\/all-pets.de\/shop\/wp-json\/wp\/v2\/media\/51434"}],"wp:attachment":[{"href":"https:\/\/all-pets.de\/shop\/wp-json\/wp\/v2\/media?parent=51433"}],"wp:term":[{"taxonomy":"product_cat","embeddable":true,"href":"https:\/\/all-pets.de\/shop\/wp-json\/wp\/v2\/product_cat?post=51433"},{"taxonomy":"product_tag","embeddable":true,"href":"https:\/\/all-pets.de\/shop\/wp-json\/wp\/v2\/product_tag?post=51433"}],"curies":[{"name":"wp","href":"https:\/\/api.w.org\/{rel}","templated":true}]}}