{"id":51440,"date":"2023-12-12T12:38:47","date_gmt":"2023-12-12T11:38:47","guid":{"rendered":"https:\/\/pet-shopping.de\/shop\/produkt\/brit-care-cat-grain-free-kitten-400g\/"},"modified":"2023-12-12T12:38:50","modified_gmt":"2023-12-12T11:38:50","slug":"brit-care-cat-grain-free-kitten-400g","status":"publish","type":"product","link":"https:\/\/all-pets.de\/shop\/produkt\/brit-care-cat-grain-free-kitten-400g\/","title":{"rendered":"Brit Care Cat Grain-Free &#8211; Kitten &#8211; 400g"},"content":{"rendered":"<p>Alleinfuttermittel f\u00fcr K\u00e4tzchen und tr\u00e4chtige oder s\u00e4ugende Katzen.<\/p>\n<p>Super Premium Trockennahrung f\u00fcr K\u00e4tzchen (1-12 Monate) f\u00fcr ein gesundes Wachstum und Entwicklung. Hypoallergene und getreidefreie Rezeptur. Reich an frischem H\u00fchnerfleisch, leckerem Putenfleisch &#038; Omega Fetts\u00e4uren.<\/p>\n<p>Gesunde Entwicklung<br \/>Wertvolle, leicht verdauliche N\u00e4hrstoffe und essentielle Fetts\u00e4uren gew\u00e4hrleisten eine optimale Versorgung. Mit einem ausgewogenen Komplex aus Vitaminen, Mineralstoffen und Spurenelementen, f\u00fcr einen starken Aufbau von Knochen und Z\u00e4hnen.<\/p>\n<p>Starkes Immunsystem<br \/>Kolostrum enth\u00e4lt wichtige Abwehrstoffe, die beim Aufbau des Immunsystems von K\u00e4tzchen unterst\u00fctzen und das Auftreten von allergischen Reaktionen reduzieren k\u00f6nnen. Enth\u00e4lt Probiotika und Pr\u00e4biotika, f\u00fcr eine gesunde Darmflora und ein starkes Immunsystem.<\/p>\n<p>St\u00e4rkt die Muskulatur, die Sehkraft und das Herz<br \/>Die Rezeptur mit einem hohen Gehalt an Proteinen f\u00f6rdert die Entwicklung des Muskelwachstums. Taurin unterst\u00fctzt die Sehkraft und st\u00e4rkt die Herz- und Gehirnfunktion.<\/p>\n<p>Getreidefrei &#8211; KEINE Farbstoffe &#8211; KEINE Konservierungsstoffe &#8211; KEINE GMO &#8211; KEIN Soja.<\/p>\n<p>Zusammensetzung<br \/>getrocknetes Truthahnfleisch (30%), frisches H\u00fchnerfleisch (26%), Gefl\u00fcgelfett (mit Tocopherolen konserviert, 12%), gelbe Erbsen (12%), Kichererbsen (8%), Lachs\u00f6l (3%), H\u00fchnerleber, hydrolysiert (2%), Leinsamen (2%), getrocknete \u00c4pfel (2%), Bierhefe (1%), Kolostrum (0.5%), getrocknete Kamille (0,5%), Mineralstoffe, getrockneter Sanddorn (0,3%), getrocknete Preiselbeeren (0,2%), Fructo-Oligosaccharide (0,025%), Mannan-Oligosaccharide (0,02%), Mojave-Yucca (0,01%), Lactobacillus acidophilus HA &#8211; 122 inaktiviert (15&#215;109 Zellen\/kg).<\/p>\n<p>Analytische Bestandteile<br \/>Rohprotein 38,0 %, Rohfett 18,0 %, Rohfaser 1,5 %, Rohasche 7,2 %, Feuchtigkeit 10,0 %, Omega-3 0,5 %, Omega-6 2,2 %, Kalzium 1,2 %, Phosphor 0,9 %, Natrium 0,5 %, Magnesium 0,1 %.<\/p>\n<p>Ern\u00e4hrungsphysiologische Zusatzstoffe pro 1 KG<br \/>Vitamin A (3a672a) 23 000 I.E., Vitamin D3 (E671) 1 000 I.E, Vitamin E (3a700) 800 mg, Vitamin C (3a312) 400 mg, Taurin (3a370) 2 800 mg, L-Carnitin (3a910) 100 mg, Cholinchlorid (3a890) 2 800 mg, Biotin (3a880) 2.5 mg, Vitamin B1 (3a821) 12 mg, Vitamin B2 15 mg, Niacinamid (3a315) 60 mg, Calcium-D-Pantothenat (3a841) 50 mg, Vitamin B6 (3a831) 12 mg, Fols\u00e4ure (3a316) 3 mg, Vitamin B12 0.05 mg, Zink (3b606) 140 mg, Eisen (3b106) 55 mg, Mangan (3b504) 65 mg, Kaliumjodid (3b201) 4,5 mg, Kupfer (3b406) 12 mg, Selen (3b8.10) 0,2 mg, L-Methionin (3c305) 2 500 mg.<\/p>\n<p>Umsetzbare Energie<br \/>4.000 kcal\/kg.<\/p>\n<p>Alter der K\u00e4tzchen (Monate) \/ Menge (g\/Tag) <\/p>\n<p>1\u20134 \/ 25\u201355<\/p>\n<p>4\u20137 \/ 55\u201380 <\/p>\n<p>7\u201312 \/ 80\u2013100<\/p>\n","protected":false},"excerpt":{"rendered":"<p>Alleinfuttermittel f\u00fcr K\u00e4tzchen und tr\u00e4chtige oder s\u00e4ugende Katzen. Super Premium Trockennahrung f\u00fcr K\u00e4tzchen (1-12 Monate) f\u00fcr ein gesundes Wachstum und Entwicklung. Hypoallergene und getreidefreie Rezeptur. Reich an frischem H\u00fchnerfleisch, leckerem Putenfleisch &#038; Omega Fetts\u00e4uren. Gesunde EntwicklungWertvolle, leicht verdauliche N\u00e4hrstoffe und essentielle Fetts\u00e4uren gew\u00e4hrleisten eine optimale Versorgung. Mit einem ausgewogenen Komplex aus Vitaminen, Mineralstoffen und Spurenelementen, [&hellip;]<\/p>\n","protected":false},"featured_media":51441,"comment_status":"closed","ping_status":"open","template":"","meta":[],"product_cat":[15511],"product_tag":[],"class_list":{"0":"post-51440","1":"product","2":"type-product","3":"status-publish","4":"has-post-thumbnail","6":"product_cat-brit-care-cat-katzen-trockenfutter","8":"first","9":"instock","10":"taxable","11":"shipping-taxable","12":"purchasable","13":"product-type-simple"},"_links":{"self":[{"href":"https:\/\/all-pets.de\/shop\/wp-json\/wp\/v2\/product\/51440","targetHints":{"allow":["GET"]}}],"collection":[{"href":"https:\/\/all-pets.de\/shop\/wp-json\/wp\/v2\/product"}],"about":[{"href":"https:\/\/all-pets.de\/shop\/wp-json\/wp\/v2\/types\/product"}],"replies":[{"embeddable":true,"href":"https:\/\/all-pets.de\/shop\/wp-json\/wp\/v2\/comments?post=51440"}],"wp:featuredmedia":[{"embeddable":true,"href":"https:\/\/all-pets.de\/shop\/wp-json\/wp\/v2\/media\/51441"}],"wp:attachment":[{"href":"https:\/\/all-pets.de\/shop\/wp-json\/wp\/v2\/media?parent=51440"}],"wp:term":[{"taxonomy":"product_cat","embeddable":true,"href":"https:\/\/all-pets.de\/shop\/wp-json\/wp\/v2\/product_cat?post=51440"},{"taxonomy":"product_tag","embeddable":true,"href":"https:\/\/all-pets.de\/shop\/wp-json\/wp\/v2\/product_tag?post=51440"}],"curies":[{"name":"wp","href":"https:\/\/api.w.org\/{rel}","templated":true}]}}